{"id":175,"date":"2022-10-14T16:29:00","date_gmt":"2022-10-14T14:29:00","guid":{"rendered":"https:\/\/triggeredbymotion.com\/?page_id=175"},"modified":"2023-05-30T12:14:03","modified_gmt":"2023-05-30T10:14:03","slug":"gran-paradiso","status":"publish","type":"page","link":"https:\/\/triggeredbymotion.com\/de\/locations\/gran-paradiso\/","title":{"rendered":"NATIONALPARK GRAN PARADISO"},"content":{"rendered":"<div class=\"wp-block-group has-background is-layout-flow wp-container-core-group-is-layout-a47d57ed wp-block-group-is-layout-flow\" style=\"background-color:#fcfbf700;padding-top:0px;padding-bottom:15px;padding-left:0\">\n<h4 class=\"wp-block-heading has-text-color\" style=\"color:#00ff26\">Aostatal, Italien<\/h4>\n\n\n\n<h6 class=\"wp-block-heading translation-block\"><strong>Alice Brambilla<\/strong>, Universit\u00e4t Z\u00fcrich<br><strong>Laurens Bohlen<\/strong>, Universit\u00e4t Z\u00fcrich<br><strong>Alberto Peracino<\/strong>, Parco Nazionale Gran Paradiso<\/h6>\n\n\n\n<p class=\"wp-block-paragraph translation-block\">Vor 200 Jahren w\u00e4re der Alpensteinbock (<i>Capra ibex<\/i>) aufgrund von \u00dcberjagung beinahe ausgestorben. Einzig im Gran-Paradiso-Massiv in Norditalien \u00fcberlebte eine kleine Gruppe, dank der die Tiere heute wieder im gesamten Alpenraum verbreitet sind. Heute ist der Alpensteinbock eine Vorzeigeart, denn seine Wiederansiedlung in den Alpen ist eines der erfolgreichsten Beispiele f\u00fcr den Artenschutz in Europa.<\/p>\n\n\n\n<p class=\"wp-block-paragraph\">Vor mehr als 20 Jahren hat der Nationalpark Gran Paradiso ein langfristiges Forschungsprojekt zur Untersuchung und \u00dcberwachung seiner Steinbockpopulation ins Leben gerufen. Parkrangerinnen und -ranger tragen in Zusammenarbeit mit Forscherinnen und Forschern mehrerer Universit\u00e4ten zur Erhaltung und zum Schutz der Tiere bei. Alice Brambilla von der Universit\u00e4t Z\u00fcrich ist seit 2008 am Projekt beteiligt.<\/p>\n\n\n\n<p class=\"wp-block-paragraph\"><\/p>\n\n\n\n<figure class=\"wp-block-video wp-block-embed is-type-video is-provider-videopress\" style=\"margin-top:0;margin-right:0;margin-bottom:0;margin-left:0;padding-top:0;padding-right:0;padding-bottom:0;padding-left:0\"><div class=\"wp-block-embed__wrapper\">\n<iframe title=\"VideoPress Video Player\" aria-label='VideoPress Video Player' width='500' height='281' src='https:\/\/videopress.com\/embed\/oJYeS4tO?cover=1&amp;autoPlay=1&amp;controls=0&amp;loop=1&amp;preloadContent=metadata&amp;useAverageColor=1&amp;hd=0' frameborder='0' allowfullscreen data-resize-to-parent=\"true\" allow='clipboard-write'><\/iframe><script src='https:\/\/v0.wordpress.com\/js\/next\/videopress-iframe.js?m=1674852142'><\/script>\n<\/div><\/figure>\n\n\n\n<p class=\"wp-block-paragraph\">Die Region des Aostatals, wo Alice mit der Hilfe von Parkranger Alberto Peracino die Kamerafalle f\u00fcr Triggered by Motion installiert hat, ist durch ein alpines Klima gekennzeichnet. Der Fr\u00fchling beginnt, wenn der Schnee in den Talsohlen schmilzt und die erste Vegetation spriesst. W\u00e4hrend es w\u00e4rmer wird, f\u00e4rben bl\u00fchende Pflanzen die H\u00e4nge immer wieder neu; Zugv\u00f6gel treffen ein und beginnen ihre Nester zu bauen; Murmeltiere erwachen aus dem Winterschlaf und erf\u00fcllen die Luft mit ihren Alarmrufen. <\/p>\n\n\n\n<p class=\"wp-block-paragraph\">Bald aber verblasst das intensive Gr\u00fcn der Vegetation zu einem Goldgelb. Die Herbstluft ist weniger ger\u00e4uschvoll, alles erscheint ruhiger. Die Tage werden k\u00fcrzer, die Temperaturen sinken, die Zugv\u00f6gel ziehen ab und die einheimischen Tiere legen Fettreserven f\u00fcr den Winter an. Die Murmeltiere verschwinden in ihren H\u00f6hlen und der erste Schnee k\u00fcndigt die Ankunft des langen Winters an.<\/p>\n\n\n\n<p class=\"wp-block-paragraph translation-block\">Die Kamerafalle von Triggered by Motion hat bloss einen Bruchteil dieser \u00fcppigen Fauna eingefangen. Vor allem G\u00e4msen (<i>Rupicapra rupicapra<\/i>), Steinb\u00f6cke (<i>Capra ibex<\/i>) und Rotf\u00fcchse (<i>Vulpes vulpes<\/i>) tauchen auf den Bildern auf, selten mal ein Wolf (<i>Canis lupus<\/i>). Die Murmeltiere, V\u00f6gel, Reptilien und Insekten bleiben unsichtbar. Manche dieser Tiere \u2013 wie die Insekten \u2013 sind zu klein, um den Bewegungsmelder zu aktivieren; andere \u2013 zum Beispiel die Murmeltiere \u2013 bleiben immer in der N\u00e4he ihres Baus und damit ausser Reichweite der Kamera. Kamerafallen eignen sich also vor allem f\u00fcr S\u00e4ugetiere, die einen grossen Aktionsradius haben.<\/p>\n\n\n\n<p class=\"wp-block-paragraph\"><\/p>\n\n\n\n<div class=\"wp-block-jetpack-slideshow aligncenter\" data-effect=\"slide\"><div class=\"wp-block-jetpack-slideshow_container swiper-container\"><ul class=\"wp-block-jetpack-slideshow_swiper-wrapper swiper-wrapper\"><li class=\"wp-block-jetpack-slideshow_slide swiper-slide\"><figure><img data-recalc-dims=\"1\" loading=\"lazy\" decoding=\"async\" width=\"1024\" height=\"576\" alt=\"\" class=\"wp-block-jetpack-slideshow_image wp-image-1540\" data-id=\"1540\" src=\"https:\/\/i0.wp.com\/triggeredbymotion.com\/wp-content\/uploads\/2023\/02\/Italien_Screenshot-141-1.png?resize=1024%2C576&#038;ssl=1\"\/><\/figure><\/li><li class=\"wp-block-jetpack-slideshow_slide swiper-slide\"><figure><img data-recalc-dims=\"1\" loading=\"lazy\" decoding=\"async\" width=\"600\" height=\"338\" alt=\"\" class=\"wp-block-jetpack-slideshow_image wp-image-1564\" data-id=\"1564\" src=\"https:\/\/i0.wp.com\/triggeredbymotion.com\/wp-content\/uploads\/2023\/02\/loc_Italy_wolf.gif?resize=600%2C338&#038;ssl=1\"\/><\/figure><\/li><li class=\"wp-block-jetpack-slideshow_slide swiper-slide\"><figure><img data-recalc-dims=\"1\" loading=\"lazy\" decoding=\"async\" width=\"1024\" height=\"576\" alt=\"\" class=\"wp-block-jetpack-slideshow_image wp-image-1551\" data-id=\"1551\" src=\"https:\/\/i0.wp.com\/triggeredbymotion.com\/wp-content\/uploads\/2023\/02\/Italy_002.png?resize=1024%2C576&#038;ssl=1\"\/><\/figure><\/li><li class=\"wp-block-jetpack-slideshow_slide swiper-slide\"><figure><img data-recalc-dims=\"1\" loading=\"lazy\" decoding=\"async\" width=\"600\" height=\"338\" alt=\"\" class=\"wp-block-jetpack-slideshow_image wp-image-1553\" data-id=\"1553\" src=\"https:\/\/i0.wp.com\/triggeredbymotion.com\/wp-content\/uploads\/2023\/02\/loc_italy_fux.gif?resize=600%2C338&#038;ssl=1\"\/><\/figure><\/li><li class=\"wp-block-jetpack-slideshow_slide swiper-slide\"><figure><img data-recalc-dims=\"1\" loading=\"lazy\" decoding=\"async\" width=\"540\" height=\"304\" alt=\"\" class=\"wp-block-jetpack-slideshow_image wp-image-1055\" data-id=\"1055\" src=\"https:\/\/i0.wp.com\/triggeredbymotion.com\/wp-content\/uploads\/2023\/02\/loc_Italy.gif?resize=540%2C304&#038;ssl=1\"\/><\/figure><\/li><li class=\"wp-block-jetpack-slideshow_slide swiper-slide\"><figure><img data-recalc-dims=\"1\" loading=\"lazy\" decoding=\"async\" width=\"1024\" height=\"722\" alt=\"\" class=\"wp-block-jetpack-slideshow_image wp-image-1542\" data-id=\"1542\" src=\"https:\/\/i0.wp.com\/triggeredbymotion.com\/wp-content\/uploads\/2023\/02\/Italy_3.jpeg?resize=1024%2C722&#038;ssl=1\"\/><\/figure><\/li><\/ul><a class=\"wp-block-jetpack-slideshow_button-prev swiper-button-prev swiper-button-white\" role=\"button\"><\/a><a class=\"wp-block-jetpack-slideshow_button-next swiper-button-next swiper-button-white\" role=\"button\"><\/a><a aria-label=\"Pause Slideshow\" class=\"wp-block-jetpack-slideshow_button-pause\" role=\"button\"><\/a><div class=\"wp-block-jetpack-slideshow_pagination swiper-pagination swiper-pagination-white\"><\/div><\/div><\/div>\n\n\n\n<p class=\"wp-block-paragraph\">Alice Brambillas Forschung im Rahmen des <i>Alpine Ibex Project<\/i> konzentriert sich auf Verhaltens\u00f6kologie, Populationsdynamik, \u00d6kologie, Lebensgeschichte und Genetik der Steinbockpopulation im Aostatal. Im Rahmen des Projekts werden einzelne Tiere gefangen und mit Ohrmarken oder GPS-Halsb\u00e4ndern versehen. Auf diese Weise k\u00f6nnen \u00d6kologinnen wie Alice den Gesundheitszustand und das Verhalten der Tiere w\u00e4hrend ihres gesamten Lebens \u00fcberwachen und untersuchen, wie sich Umweltver\u00e4nderungen auf die Populationsdynamik und die Lebensgeschichten der Tiere auswirken.<\/p>\n\n\n\n<p class=\"wp-block-paragraph\">Alice kennt alle Tiere, die sie untersucht, beim Namen. Als sie Teil von Triggered by Motion wurde, begann sie aber \u00fcber die Entwicklung einer KI nachzudenken, die Steinb\u00f6cke automatisch und ohne die Hilfe von Menschen erkennen kann. Durch Triggered by Motion lernte sie Laurens Bohlen kennen, der mit ihrer Hilfe am Institut f\u00fcr Evolutionsbiologie und Umweltwissenschaften der Universit\u00e4t Z\u00fcrich ein Machine-Learning-Netzwerk zur Identifizierung von Steinbockindividuen entwickelte. Die Anwendung kann nun Steinbockindividuen identifizieren. <\/p>\n\n\n\n<p class=\"wp-block-paragraph\"><\/p>\n\n\n\n<figure class=\"wp-block-video\"><video height=\"1080\" style=\"aspect-ratio: 1920 \/ 1080;\" width=\"1920\" autoplay loop muted src=\"https:\/\/triggeredbymotion.com\/wp-content\/uploads\/2023\/01\/fuminchips_lowres.mp4\"><\/video><\/figure>\n\n\n\n<p class=\"wp-block-paragraph\">Dereinst soll die KI auch auf andere Huftiere ausgeweitet werden k\u00f6nnen und so weitr\u00e4umige, umfangreiche Naturschutzprojekte im Alpenraum erm\u00f6glichen.<\/p>\n<\/div>\n\n\n\n<p class=\"wp-block-paragraph\"><\/p>\n\n\n\n<div class=\"wp-block-jetpack-layout-grid column1-desktop-grid__span-4 column1-desktop-grid__row-1 column2-desktop-grid__span-6 column2-desktop-grid__start-6 column2-desktop-grid__row-1 column1-tablet-grid__span-1 column1-tablet-grid__row-1 column2-tablet-grid__span-1 column2-tablet-grid__start-3 column2-tablet-grid__row-1 column1-mobile-grid__span-1 column1-mobile-grid__row-1 column2-mobile-grid__span-1 column2-mobile-grid__start-3 column2-mobile-grid__row-1 wp-block-jetpack-layout-gutter__nowrap wp-block-jetpack-layout-gutter__none\">\n<div class=\"wp-block-jetpack-layout-grid-column wp-block-jetpack-layout-grid__padding-none\">\n<figure class=\"wp-block-image size-large is-resized\"><img data-recalc-dims=\"1\" loading=\"lazy\" decoding=\"async\" data-attachment-id=\"1353\" data-permalink=\"https:\/\/triggeredbymotion.com\/de\/locations\/gran-paradiso\/uzh_logo_tbm-1-1\/\" data-orig-file=\"https:\/\/i0.wp.com\/triggeredbymotion.com\/wp-content\/uploads\/2023\/02\/uzh_logo_tbm-1-1.webp?fit=1532%2C488&amp;ssl=1\" data-orig-size=\"1532,488\" data-comments-opened=\"1\" data-image-meta=\"{&quot;aperture&quot;:&quot;0&quot;,&quot;credit&quot;:&quot;&quot;,&quot;camera&quot;:&quot;&quot;,&quot;caption&quot;:&quot;&quot;,&quot;created_timestamp&quot;:&quot;0&quot;,&quot;copyright&quot;:&quot;&quot;,&quot;focal_length&quot;:&quot;0&quot;,&quot;iso&quot;:&quot;0&quot;,&quot;shutter_speed&quot;:&quot;0&quot;,&quot;title&quot;:&quot;&quot;,&quot;orientation&quot;:&quot;0&quot;}\" data-image-title=\"uzh_logo_tbm-1-1\" data-image-description=\"\" data-image-caption=\"\" data-large-file=\"https:\/\/i0.wp.com\/triggeredbymotion.com\/wp-content\/uploads\/2023\/02\/uzh_logo_tbm-1-1.webp?fit=1024%2C326&amp;ssl=1\" src=\"https:\/\/i0.wp.com\/triggeredbymotion.com\/wp-content\/uploads\/2023\/02\/uzh_logo_tbm-1-1.webp?resize=199%2C61&#038;ssl=1\" alt=\"\" class=\"wp-image-1353\" width=\"199\" height=\"61\"\/><\/figure>\n<\/div>\n\n\n\n<div class=\"wp-block-jetpack-layout-grid-column wp-block-jetpack-layout-grid__padding-none\">\n<figure class=\"wp-block-image aligncenter size-full is-resized\"><img data-recalc-dims=\"1\" loading=\"lazy\" decoding=\"async\" data-attachment-id=\"225\" data-permalink=\"https:\/\/triggeredbymotion.com\/de\/our-research-network\/alice_italien_gran-paradiso-1\/\" data-orig-file=\"https:\/\/i0.wp.com\/triggeredbymotion.com\/wp-content\/uploads\/2022\/10\/alice_italien_gran-paradiso-1-e1685436758346.webp?fit=400%2C410&amp;ssl=1\" data-orig-size=\"400,410\" data-comments-opened=\"1\" data-image-meta=\"{&quot;aperture&quot;:&quot;0&quot;,&quot;credit&quot;:&quot;&quot;,&quot;camera&quot;:&quot;&quot;,&quot;caption&quot;:&quot;&quot;,&quot;created_timestamp&quot;:&quot;0&quot;,&quot;copyright&quot;:&quot;&quot;,&quot;focal_length&quot;:&quot;0&quot;,&quot;iso&quot;:&quot;0&quot;,&quot;shutter_speed&quot;:&quot;0&quot;,&quot;title&quot;:&quot;&quot;,&quot;orientation&quot;:&quot;0&quot;}\" data-image-title=\"alice_italien_gran-paradiso-1\" data-image-description=\"\" data-image-caption=\"\" data-large-file=\"https:\/\/i0.wp.com\/triggeredbymotion.com\/wp-content\/uploads\/2022\/10\/alice_italien_gran-paradiso-1-e1685436758346.webp?fit=400%2C410&amp;ssl=1\" src=\"https:\/\/i0.wp.com\/triggeredbymotion.com\/wp-content\/uploads\/2022\/10\/alice_italien_gran-paradiso-1.webp?resize=98%2C101&#038;ssl=1\" alt=\"\" class=\"wp-image-225\" width=\"98\" height=\"101\"\/><\/figure>\n<\/div>\n<\/div>","protected":false},"excerpt":{"rendered":"<p>Aosta Valley, Italy Alice Brambilla, University of ZurichLaurens Bohlen, University of Zurich Alberto Peracino, Parco Nazionale Gran Paradiso 200 years ago, the Alpine ibex (Capra ibex) almost became extinct due to overhunting. Only in the Gran Paradiso massif in northern Italy did a small group survive, thanks to which the animals are now once again [&hellip;]<\/p>\n","protected":false},"author":224396188,"featured_media":0,"parent":12,"menu_order":0,"comment_status":"closed","ping_status":"closed","template":"","meta":{"_crdt_document":"","footnotes":""},"class_list":["post-175","page","type-page","status-publish","hentry"],"yoast_head":"<!-- This site is optimized with the Yoast SEO plugin v27.5 - https:\/\/yoast.com\/product\/yoast-seo-wordpress\/ -->\n<title>An AI for the Ibex at Gran Paradiso National Park<\/title>\n<meta name=\"description\" content=\"Researchers at the University of Zurich and Gran Paradiso developed an AI that can identify individual ibex. One day, it should be possible to extend it to other ungulates, enabling wide-ranging, comprehensive conservation projects in the Alpine region.\" \/>\n<meta name=\"robots\" content=\"index, follow, max-snippet:-1, max-image-preview:large, max-video-preview:-1\" \/>\n<link rel=\"canonical\" href=\"https:\/\/triggeredbymotion.com\/de\/locations\/gran-paradiso\/\" \/>\n<meta property=\"og:locale\" content=\"de_DE\" \/>\n<meta property=\"og:type\" content=\"article\" \/>\n<meta property=\"og:title\" content=\"An AI for the Ibex at Gran Paradiso National Park\" \/>\n<meta property=\"og:description\" content=\"Researchers at the University of Zurich and Gran Paradiso developed an AI that can identify individual ibex. One day, it should be possible to extend it to other ungulates, enabling wide-ranging, comprehensive conservation projects in the Alpine region.\" \/>\n<meta property=\"og:url\" content=\"https:\/\/triggeredbymotion.com\/de\/locations\/gran-paradiso\/\" \/>\n<meta property=\"og:site_name\" content=\"Triggered by Motion\" \/>\n<meta property=\"article:publisher\" content=\"https:\/\/www.facebook.com\/TriggeredbyMotion\" \/>\n<meta property=\"article:modified_time\" content=\"2023-05-30T10:14:03+00:00\" \/>\n<meta property=\"og:image\" content=\"https:\/\/triggeredbymotion.com\/wp-content\/uploads\/2023\/02\/Italien_Screenshot-141-1-1024x576.png\" \/>\n<meta name=\"twitter:card\" content=\"summary_large_image\" \/>\n<meta name=\"twitter:site\" content=\"@MotionTriggered\" \/>\n<meta name=\"twitter:label1\" content=\"Gesch\u00e4tzte Lesezeit\" \/>\n\t<meta name=\"twitter:data1\" content=\"4\u00a0Minuten\" \/>\n<script type=\"application\/ld+json\" class=\"yoast-schema-graph\">{\"@context\":\"https:\\\/\\\/schema.org\",\"@graph\":[{\"@type\":\"WebPage\",\"@id\":\"https:\\\/\\\/triggeredbymotion.com\\\/locations\\\/gran-paradiso\\\/\",\"url\":\"https:\\\/\\\/triggeredbymotion.com\\\/locations\\\/gran-paradiso\\\/\",\"name\":\"An AI for the Ibex at Gran Paradiso National Park\",\"isPartOf\":{\"@id\":\"https:\\\/\\\/triggeredbymotion.com\\\/#website\"},\"primaryImageOfPage\":{\"@id\":\"https:\\\/\\\/triggeredbymotion.com\\\/locations\\\/gran-paradiso\\\/#primaryimage\"},\"image\":{\"@id\":\"https:\\\/\\\/triggeredbymotion.com\\\/locations\\\/gran-paradiso\\\/#primaryimage\"},\"thumbnailUrl\":\"https:\\\/\\\/triggeredbymotion.com\\\/wp-content\\\/uploads\\\/2023\\\/02\\\/Italien_Screenshot-141-1-1024x576.png\",\"datePublished\":\"2022-10-14T14:29:00+00:00\",\"dateModified\":\"2023-05-30T10:14:03+00:00\",\"description\":\"Researchers at the University of Zurich and Gran Paradiso developed an AI that can identify individual ibex. One day, it should be possible to extend it to other ungulates, enabling wide-ranging, comprehensive conservation projects in the Alpine region.\",\"breadcrumb\":{\"@id\":\"https:\\\/\\\/triggeredbymotion.com\\\/locations\\\/gran-paradiso\\\/#breadcrumb\"},\"inLanguage\":\"de-CH\",\"potentialAction\":[{\"@type\":\"ReadAction\",\"target\":[\"https:\\\/\\\/triggeredbymotion.com\\\/locations\\\/gran-paradiso\\\/\"]}]},{\"@type\":\"ImageObject\",\"inLanguage\":\"de-CH\",\"@id\":\"https:\\\/\\\/triggeredbymotion.com\\\/locations\\\/gran-paradiso\\\/#primaryimage\",\"url\":\"https:\\\/\\\/triggeredbymotion.com\\\/wp-content\\\/uploads\\\/2023\\\/02\\\/Italien_Screenshot-141-1-1024x576.png\",\"contentUrl\":\"https:\\\/\\\/triggeredbymotion.com\\\/wp-content\\\/uploads\\\/2023\\\/02\\\/Italien_Screenshot-141-1-1024x576.png\"},{\"@type\":\"BreadcrumbList\",\"@id\":\"https:\\\/\\\/triggeredbymotion.com\\\/locations\\\/gran-paradiso\\\/#breadcrumb\",\"itemListElement\":[{\"@type\":\"ListItem\",\"position\":1,\"name\":\"Home\",\"item\":\"https:\\\/\\\/triggeredbymotion.com\\\/\"},{\"@type\":\"ListItem\",\"position\":2,\"name\":\"camera locations\",\"item\":\"https:\\\/\\\/triggeredbymotion.com\\\/locations\\\/\"},{\"@type\":\"ListItem\",\"position\":3,\"name\":\"GRAN PARADISO NATIONAL PARK\"}]},{\"@type\":\"WebSite\",\"@id\":\"https:\\\/\\\/triggeredbymotion.com\\\/#website\",\"url\":\"https:\\\/\\\/triggeredbymotion.com\\\/\",\"name\":\"Triggered by Motion\",\"description\":\"a walk-in wildlife pavilion\",\"publisher\":{\"@id\":\"https:\\\/\\\/triggeredbymotion.com\\\/#organization\"},\"potentialAction\":[{\"@type\":\"SearchAction\",\"target\":{\"@type\":\"EntryPoint\",\"urlTemplate\":\"https:\\\/\\\/triggeredbymotion.com\\\/?s={search_term_string}\"},\"query-input\":{\"@type\":\"PropertyValueSpecification\",\"valueRequired\":true,\"valueName\":\"search_term_string\"}}],\"inLanguage\":\"de-CH\"},{\"@type\":\"Organization\",\"@id\":\"https:\\\/\\\/triggeredbymotion.com\\\/#organization\",\"name\":\"Triggered by Motion (Universit\u00e4t Z\u00fcrich)\",\"url\":\"https:\\\/\\\/triggeredbymotion.com\\\/\",\"logo\":{\"@type\":\"ImageObject\",\"inLanguage\":\"de-CH\",\"@id\":\"https:\\\/\\\/triggeredbymotion.com\\\/#\\\/schema\\\/logo\\\/image\\\/\",\"url\":\"https:\\\/\\\/i0.wp.com\\\/triggeredbymotion.com\\\/wp-content\\\/uploads\\\/2023\\\/02\\\/uzh_logo_tbm-1-1.webp?fit=1532%2C488&ssl=1\",\"contentUrl\":\"https:\\\/\\\/i0.wp.com\\\/triggeredbymotion.com\\\/wp-content\\\/uploads\\\/2023\\\/02\\\/uzh_logo_tbm-1-1.webp?fit=1532%2C488&ssl=1\",\"width\":1532,\"height\":488,\"caption\":\"Triggered by Motion (Universit\u00e4t Z\u00fcrich)\"},\"image\":{\"@id\":\"https:\\\/\\\/triggeredbymotion.com\\\/#\\\/schema\\\/logo\\\/image\\\/\"},\"sameAs\":[\"https:\\\/\\\/www.facebook.com\\\/TriggeredbyMotion\",\"https:\\\/\\\/x.com\\\/MotionTriggered\",\"https:\\\/\\\/www.instagram.com\\\/triggeredbymotion\\\/\"]}]}<\/script>\n<!-- \/ Yoast SEO plugin. -->","yoast_head_json":{"title":"An AI for the Ibex at Gran Paradiso National Park","description":"Researchers at the University of Zurich and Gran Paradiso developed an AI that can identify individual ibex. One day, it should be possible to extend it to other ungulates, enabling wide-ranging, comprehensive conservation projects in the Alpine region.","robots":{"index":"index","follow":"follow","max-snippet":"max-snippet:-1","max-image-preview":"max-image-preview:large","max-video-preview":"max-video-preview:-1"},"canonical":"https:\/\/triggeredbymotion.com\/de\/locations\/gran-paradiso\/","og_locale":"de_DE","og_type":"article","og_title":"An AI for the Ibex at Gran Paradiso National Park","og_description":"Researchers at the University of Zurich and Gran Paradiso developed an AI that can identify individual ibex. One day, it should be possible to extend it to other ungulates, enabling wide-ranging, comprehensive conservation projects in the Alpine region.","og_url":"https:\/\/triggeredbymotion.com\/de\/locations\/gran-paradiso\/","og_site_name":"Triggered by Motion","article_publisher":"https:\/\/www.facebook.com\/TriggeredbyMotion","article_modified_time":"2023-05-30T10:14:03+00:00","og_image":[{"url":"https:\/\/triggeredbymotion.com\/wp-content\/uploads\/2023\/02\/Italien_Screenshot-141-1-1024x576.png","type":"","width":"","height":""}],"twitter_card":"summary_large_image","twitter_site":"@MotionTriggered","twitter_misc":{"Gesch\u00e4tzte Lesezeit":"4\u00a0Minuten"},"schema":{"@context":"https:\/\/schema.org","@graph":[{"@type":"WebPage","@id":"https:\/\/triggeredbymotion.com\/locations\/gran-paradiso\/","url":"https:\/\/triggeredbymotion.com\/locations\/gran-paradiso\/","name":"An AI for the Ibex at Gran Paradiso National Park","isPartOf":{"@id":"https:\/\/triggeredbymotion.com\/#website"},"primaryImageOfPage":{"@id":"https:\/\/triggeredbymotion.com\/locations\/gran-paradiso\/#primaryimage"},"image":{"@id":"https:\/\/triggeredbymotion.com\/locations\/gran-paradiso\/#primaryimage"},"thumbnailUrl":"https:\/\/triggeredbymotion.com\/wp-content\/uploads\/2023\/02\/Italien_Screenshot-141-1-1024x576.png","datePublished":"2022-10-14T14:29:00+00:00","dateModified":"2023-05-30T10:14:03+00:00","description":"Researchers at the University of Zurich and Gran Paradiso developed an AI that can identify individual ibex. One day, it should be possible to extend it to other ungulates, enabling wide-ranging, comprehensive conservation projects in the Alpine region.","breadcrumb":{"@id":"https:\/\/triggeredbymotion.com\/locations\/gran-paradiso\/#breadcrumb"},"inLanguage":"de-CH","potentialAction":[{"@type":"ReadAction","target":["https:\/\/triggeredbymotion.com\/locations\/gran-paradiso\/"]}]},{"@type":"ImageObject","inLanguage":"de-CH","@id":"https:\/\/triggeredbymotion.com\/locations\/gran-paradiso\/#primaryimage","url":"https:\/\/triggeredbymotion.com\/wp-content\/uploads\/2023\/02\/Italien_Screenshot-141-1-1024x576.png","contentUrl":"https:\/\/triggeredbymotion.com\/wp-content\/uploads\/2023\/02\/Italien_Screenshot-141-1-1024x576.png"},{"@type":"BreadcrumbList","@id":"https:\/\/triggeredbymotion.com\/locations\/gran-paradiso\/#breadcrumb","itemListElement":[{"@type":"ListItem","position":1,"name":"Home","item":"https:\/\/triggeredbymotion.com\/"},{"@type":"ListItem","position":2,"name":"camera locations","item":"https:\/\/triggeredbymotion.com\/locations\/"},{"@type":"ListItem","position":3,"name":"GRAN PARADISO NATIONAL PARK"}]},{"@type":"WebSite","@id":"https:\/\/triggeredbymotion.com\/#website","url":"https:\/\/triggeredbymotion.com\/","name":"Triggered by Motion","description":"a walk-in wildlife pavilion","publisher":{"@id":"https:\/\/triggeredbymotion.com\/#organization"},"potentialAction":[{"@type":"SearchAction","target":{"@type":"EntryPoint","urlTemplate":"https:\/\/triggeredbymotion.com\/?s={search_term_string}"},"query-input":{"@type":"PropertyValueSpecification","valueRequired":true,"valueName":"search_term_string"}}],"inLanguage":"de-CH"},{"@type":"Organization","@id":"https:\/\/triggeredbymotion.com\/#organization","name":"Triggered by Motion (Universit\u00e4t Z\u00fcrich)","url":"https:\/\/triggeredbymotion.com\/","logo":{"@type":"ImageObject","inLanguage":"de-CH","@id":"https:\/\/triggeredbymotion.com\/#\/schema\/logo\/image\/","url":"https:\/\/i0.wp.com\/triggeredbymotion.com\/wp-content\/uploads\/2023\/02\/uzh_logo_tbm-1-1.webp?fit=1532%2C488&ssl=1","contentUrl":"https:\/\/i0.wp.com\/triggeredbymotion.com\/wp-content\/uploads\/2023\/02\/uzh_logo_tbm-1-1.webp?fit=1532%2C488&ssl=1","width":1532,"height":488,"caption":"Triggered by Motion (Universit\u00e4t Z\u00fcrich)"},"image":{"@id":"https:\/\/triggeredbymotion.com\/#\/schema\/logo\/image\/"},"sameAs":["https:\/\/www.facebook.com\/TriggeredbyMotion","https:\/\/x.com\/MotionTriggered","https:\/\/www.instagram.com\/triggeredbymotion\/"]}]}},"jetpack_likes_enabled":true,"jetpack_sharing_enabled":true,"jetpack-related-posts":[],"_links":{"self":[{"href":"https:\/\/triggeredbymotion.com\/de\/wp-json\/wp\/v2\/pages\/175","targetHints":{"allow":["GET"]}}],"collection":[{"href":"https:\/\/triggeredbymotion.com\/de\/wp-json\/wp\/v2\/pages"}],"about":[{"href":"https:\/\/triggeredbymotion.com\/de\/wp-json\/wp\/v2\/types\/page"}],"author":[{"embeddable":true,"href":"https:\/\/triggeredbymotion.com\/de\/wp-json\/wp\/v2\/users\/224396188"}],"replies":[{"embeddable":true,"href":"https:\/\/triggeredbymotion.com\/de\/wp-json\/wp\/v2\/comments?post=175"}],"version-history":[{"count":60,"href":"https:\/\/triggeredbymotion.com\/de\/wp-json\/wp\/v2\/pages\/175\/revisions"}],"predecessor-version":[{"id":2838,"href":"https:\/\/triggeredbymotion.com\/de\/wp-json\/wp\/v2\/pages\/175\/revisions\/2838"}],"up":[{"embeddable":true,"href":"https:\/\/triggeredbymotion.com\/de\/wp-json\/wp\/v2\/pages\/12"}],"wp:attachment":[{"href":"https:\/\/triggeredbymotion.com\/de\/wp-json\/wp\/v2\/media?parent=175"}],"curies":[{"name":"wp","href":"https:\/\/api.w.org\/{rel}","templated":true}]}}