{"id":272,"date":"2022-12-29T12:34:47","date_gmt":"2022-12-29T11:34:47","guid":{"rendered":"https:\/\/triggeredbymotion.com\/?page_id=272"},"modified":"2023-05-30T12:18:13","modified_gmt":"2023-05-30T10:18:13","slug":"dmz","status":"publish","type":"page","link":"https:\/\/triggeredbymotion.com\/de\/locations\/dmz\/","title":{"rendered":"KRANICH-OBSERVATORIUM AM HANTAN-FLUSS"},"content":{"rendered":"<h4 class=\"wp-block-heading has-text-color\" style=\"color:#00ff26\">Cheorwon (DMZ), S\u00fcdkorea<\/h4>\n\n\n\n<h6 class=\"wp-block-heading\"><strong>Choi Myung-Ae<\/strong>, Center for Anthropocene Studies, Korea Advanced Institute of Science &amp; Technology (KAIST)<br><\/h6>\n\n\n\n<p class=\"wp-block-paragraph translation-block\">Auf der Koreanischen Halbinsel liegt ein ungeplantes Paradies. Als 1953 der Koreakrieg endete, wurde hier zwischen Nord- und S\u00fcdkorea eine vier Kilometer breite und 248 Kilometer lange demilitarisierte Zone (DMZ) eingerichtet. Seither ist die DMZ ein Niemandsland. Bis auf wenige Ausnahmen ist sie in den 70 Jahren seit Kriegsende von Menschen unber\u00fchrt geblieben. Stattdessen haben nicht-menschliche Lebewesen sie in Besitz genommen: Tiere und Pflanzen konnten sich \u00fcber Jahrzehnte frei entwickeln, und heute leben hier 91 gef\u00e4hrdete Arten. Zwei dieser Arten sind der Mandschurenkranich (<i>Grus japonensis<\/i>) und der Weissnackenkranich (<i>Grus vipio<\/i>), die die Myung-Ae Choi und ihr Team am Centre for Anthropocene Studies des KAIST mithilfe von Wildtierkameras untersuchen.<\/p>\n\n\n\n<p class=\"wp-block-paragraph\"><\/p>\n\n\n\n<figure class=\"wp-block-gallery has-nested-images columns-4 is-cropped wp-block-gallery-1 is-layout-flex wp-block-gallery-is-layout-flex\">\n<figure class=\"wp-block-image size-large\"><img data-recalc-dims=\"1\" decoding=\"async\" data-attachment-id=\"108\" data-permalink=\"https:\/\/triggeredbymotion.com\/de\/korea_dmz_screenshot-64-1\/\" data-orig-file=\"https:\/\/i0.wp.com\/triggeredbymotion.com\/wp-content\/uploads\/2022\/09\/korea_dmz_screenshot-64-1-e1685441777589.png?fit=400%2C225&amp;ssl=1\" data-orig-size=\"400,225\" data-comments-opened=\"1\" data-image-meta=\"{&quot;aperture&quot;:&quot;0&quot;,&quot;credit&quot;:&quot;&quot;,&quot;camera&quot;:&quot;&quot;,&quot;caption&quot;:&quot;&quot;,&quot;created_timestamp&quot;:&quot;0&quot;,&quot;copyright&quot;:&quot;&quot;,&quot;focal_length&quot;:&quot;0&quot;,&quot;iso&quot;:&quot;0&quot;,&quot;shutter_speed&quot;:&quot;0&quot;,&quot;title&quot;:&quot;&quot;,&quot;orientation&quot;:&quot;0&quot;}\" data-image-title=\"korea_dmz_screenshot-64-1\" data-image-description=\"\" data-image-caption=\"\" data-large-file=\"https:\/\/i0.wp.com\/triggeredbymotion.com\/wp-content\/uploads\/2022\/09\/korea_dmz_screenshot-64-1-e1685441777589.png?fit=400%2C225&amp;ssl=1\" data-id=\"108\" src=\"https:\/\/i0.wp.com\/triggeredbymotion.com\/wp-content\/uploads\/2022\/09\/korea_dmz_screenshot-64-1.png?ssl=1\" alt=\"\" class=\"wp-image-108\"\/><\/figure>\n\n\n\n<figure class=\"wp-block-image size-large\"><img data-recalc-dims=\"1\" decoding=\"async\" data-attachment-id=\"110\" data-permalink=\"https:\/\/triggeredbymotion.com\/de\/korea_dmz_screenshot-59-1\/\" data-orig-file=\"https:\/\/i0.wp.com\/triggeredbymotion.com\/wp-content\/uploads\/2022\/09\/korea_dmz_screenshot-59-1-e1685441792567.png?fit=400%2C225&amp;ssl=1\" data-orig-size=\"400,225\" data-comments-opened=\"1\" data-image-meta=\"{&quot;aperture&quot;:&quot;0&quot;,&quot;credit&quot;:&quot;&quot;,&quot;camera&quot;:&quot;&quot;,&quot;caption&quot;:&quot;&quot;,&quot;created_timestamp&quot;:&quot;0&quot;,&quot;copyright&quot;:&quot;&quot;,&quot;focal_length&quot;:&quot;0&quot;,&quot;iso&quot;:&quot;0&quot;,&quot;shutter_speed&quot;:&quot;0&quot;,&quot;title&quot;:&quot;&quot;,&quot;orientation&quot;:&quot;0&quot;}\" data-image-title=\"korea_dmz_screenshot-59-1\" data-image-description=\"\" data-image-caption=\"\" data-large-file=\"https:\/\/i0.wp.com\/triggeredbymotion.com\/wp-content\/uploads\/2022\/09\/korea_dmz_screenshot-59-1-e1685441792567.png?fit=400%2C225&amp;ssl=1\" data-id=\"110\" src=\"https:\/\/i0.wp.com\/triggeredbymotion.com\/wp-content\/uploads\/2022\/09\/korea_dmz_screenshot-59-1.png?ssl=1\" alt=\"\" class=\"wp-image-110\"\/><\/figure>\n\n\n\n<figure class=\"wp-block-image size-large\"><img data-recalc-dims=\"1\" loading=\"lazy\" decoding=\"async\" width=\"1024\" height=\"576\" data-attachment-id=\"1045\" data-permalink=\"https:\/\/triggeredbymotion.com\/de\/locations\/dmz\/bildschirmfoto-2023-02-04-um-12-50-51\/\" data-orig-file=\"https:\/\/i0.wp.com\/triggeredbymotion.com\/wp-content\/uploads\/2023\/02\/Bildschirmfoto-2023-02-04-um-12.50.51-e1685441808572.png?fit=400%2C225&amp;ssl=1\" data-orig-size=\"400,225\" data-comments-opened=\"1\" data-image-meta=\"{&quot;aperture&quot;:&quot;0&quot;,&quot;credit&quot;:&quot;&quot;,&quot;camera&quot;:&quot;&quot;,&quot;caption&quot;:&quot;&quot;,&quot;created_timestamp&quot;:&quot;0&quot;,&quot;copyright&quot;:&quot;&quot;,&quot;focal_length&quot;:&quot;0&quot;,&quot;iso&quot;:&quot;0&quot;,&quot;shutter_speed&quot;:&quot;0&quot;,&quot;title&quot;:&quot;&quot;,&quot;orientation&quot;:&quot;0&quot;}\" data-image-title=\"Bildschirmfoto-2023-02-04-um-12.50.51\" data-image-description=\"\" data-image-caption=\"\" data-large-file=\"https:\/\/i0.wp.com\/triggeredbymotion.com\/wp-content\/uploads\/2023\/02\/Bildschirmfoto-2023-02-04-um-12.50.51-e1685441808572.png?fit=1024%2C576&amp;ssl=1\" data-id=\"1045\" src=\"https:\/\/i0.wp.com\/triggeredbymotion.com\/wp-content\/uploads\/2023\/02\/Bildschirmfoto-2023-02-04-um-12.50.51.png?resize=1024%2C576&#038;ssl=1\" alt=\"\" class=\"wp-image-1045\"\/><\/figure>\n<\/figure>\n\n\n\n<p class=\"wp-block-paragraph\">Die Kraniche verbringen den Sommer in Sibirien, weshalb sie w\u00e4hrend dieser Zeit nicht auf den Kameraaufnahmen erscheinen. Erst im November tauchen sie auf: Dann ziehen sie in die Sumpfgebiete der DMZ, die ihnen sichere Rastpl\u00e4tze bieten, und in die Reisfelder der Umgebung, wo sie Nahrung finden. Anders als wir Menschen k\u00f6nnen die Kraniche die befestigten Linien zwischen Nord- und S\u00fcdkorea problemlos \u00fcberfliegen.<\/p>\n\n\n\n<p class=\"wp-block-paragraph\"><\/p>\n\n\n\n<figure class=\"wp-block-video\"><video height=\"1080\" style=\"aspect-ratio: 1920 \/ 1080;\" width=\"1920\" autoplay loop muted src=\"https:\/\/triggeredbymotion.com\/wp-content\/uploads\/2023\/01\/DMZ2020_12_21__095958_beautiful_birds.mp4\"><\/video><\/figure>\n\n\n\n<p class=\"wp-block-paragraph\">Kraniche werden in Korea sehr gesch\u00e4tzt, weil sie Gl\u00fcck und ein langes Leben symbolisieren. Im Jahr 1968 wurden der Mandschuren- und der Weissnackenkranich zu Naturdenkm\u00e4lern erkl\u00e4rt, und seit 2011 sind sie durch ein Gesetz zum Schutz und zur Kontrolle von Wildtieren gesch\u00fctzt. Das ist wichtig, denn im Laufe des 20. Jahrhunderts sind viele dieser V\u00f6gel durch koloniale Jagd, Verst\u00e4dterung und den Koreakrieg verloren gegangen. Heute existieren weltweit sch\u00e4tzungsweise noch 2\u2019000 bis 2\u2019650 Mandschuren- und 3\u2019700 bis 4\u2019500 Weissnackenkraniche.<\/p>\n\n\n\n<p class=\"wp-block-paragraph\">Die Naturschutzbem\u00fchungen in und um die DMZ begannen in den sp\u00e4ten 1980er-Jahren. 2004 f\u00fchrte das koreanische Umweltministerium in der gesamten Region ein Bezahlungssystem f\u00fcr \u00d6kosystemleistungen ein, mit dem Landwirtinnen und Landwirte subventioniert werden, die sich an Naturschutzmassnahmen beteiligen \u2013 beispielsweise, indem sie Reisbest\u00e4nde nach der Ernte auf ihren Feldern belassen. Diese Bem\u00fchungen zahlen sich aus: W\u00e4hrend in den 1990er-Jahren nur ein paar hundert Kraniche in der DMZ \u00fcberwinterten, leben heute mehrere tausend V\u00f6gel dort. Das macht die DMZ zu einem der wichtigsten \u00dcberwinterungsgebiete f\u00fcr Kraniche.<\/p>\n\n\n\n<p class=\"wp-block-paragraph\">Dennoch sind sie auch hier nicht ganz ungef\u00e4hrdet: Die Grenzkontrollen werden lockerer, Strassen, Gew\u00e4chsh\u00e4user und andere Infrastrukturen werden gebaut, das Klima ver\u00e4ndert sich. Die M\u00f6glichkeiten, die Kraniche \u00f6kologisch zu \u00fcberwachen, sind recht begrenzt \u2013 nicht zuletzt wegen der noch vorhandenen Landminen in der DMZ.<\/p>\n\n\n\n<p class=\"wp-block-paragraph\"><\/p>\n\n\n\n<figure class=\"wp-block-image size-full\"><img data-recalc-dims=\"1\" decoding=\"async\" data-attachment-id=\"100\" data-permalink=\"https:\/\/triggeredbymotion.com\/de\/southkorea_dmz_004\/\" data-orig-file=\"https:\/\/i0.wp.com\/triggeredbymotion.com\/wp-content\/uploads\/2022\/09\/southkorea_dmz_004-e1685441827424.jpeg?fit=400%2C225&amp;ssl=1\" data-orig-size=\"400,225\" data-comments-opened=\"1\" data-image-meta=\"{&quot;aperture&quot;:&quot;0&quot;,&quot;credit&quot;:&quot;&quot;,&quot;camera&quot;:&quot;HYPERFIRE 2 COVERT&quot;,&quot;caption&quot;:&quot;&quot;,&quot;created_timestamp&quot;:&quot;1607362621&quot;,&quot;copyright&quot;:&quot;&quot;,&quot;focal_length&quot;:&quot;0&quot;,&quot;iso&quot;:&quot;640&quot;,&quot;shutter_speed&quot;:&quot;0.033333333333333&quot;,&quot;title&quot;:&quot;&quot;,&quot;orientation&quot;:&quot;0&quot;}\" data-image-title=\"southkorea_dmz_004\" data-image-description=\"\" data-image-caption=\"\" data-large-file=\"https:\/\/i0.wp.com\/triggeredbymotion.com\/wp-content\/uploads\/2022\/09\/southkorea_dmz_004-e1685441827424.jpeg?fit=400%2C225&amp;ssl=1\" src=\"https:\/\/i0.wp.com\/triggeredbymotion.com\/wp-content\/uploads\/2022\/09\/southkorea_dmz_004.jpeg?ssl=1\" alt=\"\" class=\"wp-image-100\"\/><\/figure>\n\n\n\n<p class=\"wp-block-paragraph\">\u00d6kologinnen und \u00d6kologen d\u00fcrfen die DMZ noch immer nicht betreten, k\u00f6nnen sie aber mithilfe von Kamerafallen beobachten. Das gilt auch f\u00fcr Myung-Ae Choi und ihr Team: Die Kamerafalle von Triggered by Motion ist eine von 13 Kameras mit Fern\u00fcberwachung, die sie im Jahr 2020 installiert haben. Um die Sicherheitsanforderungen zu erf\u00fcllen, befinden sie sich alle ausserhalb der DMZ, in Reisfeldern oder \u2013 wie die Kamera von Triggered by Motion \u2013 am Ufer des Hantan-Flusses. Dort sammeln sie jedes Jahr hunderte Stunden Filmmaterial. Anstatt all diese Bilder wie bisher m\u00fchsam von Hand auszuwerten, soll ein selbstlernender Algorithmus die Kranicharten bald automatisch identifizieren und die Daten sortieren k\u00f6nnen. Eine andere KI wird bereits eingesetzt, um die Kraniche beider Arten zu z\u00e4hlen.<\/p>\n\n\n\n<p class=\"wp-block-paragraph\">Mit ihrer Forschung wollen Myung-Ae Choi und ihr Team zeigen, wie wichtig es ist, Feuchtgebiete und Reisfelder als Schutzgebiete f\u00fcr die bedrohten Kraniche der DMZ zu erhalten. Myung-Ae Choi ist der Meinung, dass Technologien wie k\u00fcnstliche Intelligenz oder Fernerkundungsger\u00e4te bei diesen Bem\u00fchungen eine wichtige Rolle spielen k\u00f6nnten \u2013 vor allem an Orten wie der DMZ, zu denen der Zugang f\u00fcr Menschen eingeschr\u00e4nkt ist. Projekte wie Triggered by Motion, sagt sie, bieten spannende M\u00f6glichkeiten, diese neuen Technologien in der Praxis zu erproben.<\/p>\n\n\n\n<p class=\"wp-block-paragraph\"><\/p>","protected":false},"excerpt":{"rendered":"<p>After the Korean War, a demilitarized zone 4 km wide and 248 km long was established between North and South Korea in 1953. In the absence of people, the border area was transformed into a nature reserve, where thousands of cranes now spend the winter. An AI is being developed to count and monitor the animals.<\/p>","protected":false},"author":224396188,"featured_media":0,"parent":12,"menu_order":0,"comment_status":"closed","ping_status":"closed","template":"","meta":{"_crdt_document":"","footnotes":""},"class_list":["post-272","page","type-page","status-publish","hentry"],"yoast_head":"<!-- This site is optimized with the Yoast SEO plugin v27.4 - https:\/\/yoast.com\/product\/yoast-seo-wordpress\/ -->\n<title>DMZ: an AI for endangered cranes<\/title>\n<meta name=\"description\" content=\"On the Korean peninsula lies an accidental paradise: When the Korean War ended in 1953, the 4-km-wide, 248-km-long DMZ was established between North and South Korea. In the absence of people, it transformed into a nature reserve, where thousands of cranes now spend the winter.\" \/>\n<meta name=\"robots\" content=\"index, follow, max-snippet:-1, max-image-preview:large, max-video-preview:-1\" \/>\n<link rel=\"canonical\" href=\"https:\/\/triggeredbymotion.com\/de\/locations\/dmz\/\" \/>\n<meta property=\"og:locale\" content=\"de_DE\" \/>\n<meta property=\"og:type\" content=\"article\" \/>\n<meta property=\"og:title\" content=\"DMZ: an AI for endangered cranes\" \/>\n<meta property=\"og:description\" content=\"On the Korean peninsula lies an accidental paradise: When the Korean War ended in 1953, the 4-km-wide, 248-km-long DMZ was established between North and South Korea. In the absence of people, it transformed into a nature reserve, where thousands of cranes now spend the winter.\" \/>\n<meta property=\"og:url\" content=\"https:\/\/triggeredbymotion.com\/de\/locations\/dmz\/\" \/>\n<meta property=\"og:site_name\" content=\"Triggered by Motion\" \/>\n<meta property=\"article:publisher\" content=\"https:\/\/www.facebook.com\/TriggeredbyMotion\" \/>\n<meta property=\"article:modified_time\" content=\"2023-05-30T10:18:13+00:00\" \/>\n<meta property=\"og:image\" content=\"https:\/\/triggeredbymotion.com\/wp-content\/uploads\/2022\/09\/korea_dmz_screenshot-64-1.png\" \/>\n<meta name=\"twitter:card\" content=\"summary_large_image\" \/>\n<meta name=\"twitter:site\" content=\"@MotionTriggered\" \/>\n<meta name=\"twitter:label1\" content=\"Gesch\u00e4tzte Lesezeit\" \/>\n\t<meta name=\"twitter:data1\" content=\"4\u00a0Minuten\" \/>\n<script type=\"application\/ld+json\" class=\"yoast-schema-graph\">{\"@context\":\"https:\\\/\\\/schema.org\",\"@graph\":[{\"@type\":\"WebPage\",\"@id\":\"https:\\\/\\\/triggeredbymotion.com\\\/locations\\\/dmz\\\/\",\"url\":\"https:\\\/\\\/triggeredbymotion.com\\\/locations\\\/dmz\\\/\",\"name\":\"DMZ: an AI for endangered cranes\",\"isPartOf\":{\"@id\":\"https:\\\/\\\/triggeredbymotion.com\\\/#website\"},\"primaryImageOfPage\":{\"@id\":\"https:\\\/\\\/triggeredbymotion.com\\\/locations\\\/dmz\\\/#primaryimage\"},\"image\":{\"@id\":\"https:\\\/\\\/triggeredbymotion.com\\\/locations\\\/dmz\\\/#primaryimage\"},\"thumbnailUrl\":\"https:\\\/\\\/triggeredbymotion.com\\\/wp-content\\\/uploads\\\/2022\\\/09\\\/korea_dmz_screenshot-64-1.png\",\"datePublished\":\"2022-12-29T11:34:47+00:00\",\"dateModified\":\"2023-05-30T10:18:13+00:00\",\"description\":\"On the Korean peninsula lies an accidental paradise: When the Korean War ended in 1953, the 4-km-wide, 248-km-long DMZ was established between North and South Korea. In the absence of people, it transformed into a nature reserve, where thousands of cranes now spend the winter.\",\"breadcrumb\":{\"@id\":\"https:\\\/\\\/triggeredbymotion.com\\\/locations\\\/dmz\\\/#breadcrumb\"},\"inLanguage\":\"de-CH\",\"potentialAction\":[{\"@type\":\"ReadAction\",\"target\":[\"https:\\\/\\\/triggeredbymotion.com\\\/locations\\\/dmz\\\/\"]}]},{\"@type\":\"ImageObject\",\"inLanguage\":\"de-CH\",\"@id\":\"https:\\\/\\\/triggeredbymotion.com\\\/locations\\\/dmz\\\/#primaryimage\",\"url\":\"https:\\\/\\\/triggeredbymotion.com\\\/wp-content\\\/uploads\\\/2022\\\/09\\\/korea_dmz_screenshot-64-1.png\",\"contentUrl\":\"https:\\\/\\\/triggeredbymotion.com\\\/wp-content\\\/uploads\\\/2022\\\/09\\\/korea_dmz_screenshot-64-1.png\"},{\"@type\":\"BreadcrumbList\",\"@id\":\"https:\\\/\\\/triggeredbymotion.com\\\/locations\\\/dmz\\\/#breadcrumb\",\"itemListElement\":[{\"@type\":\"ListItem\",\"position\":1,\"name\":\"Home\",\"item\":\"https:\\\/\\\/triggeredbymotion.com\\\/\"},{\"@type\":\"ListItem\",\"position\":2,\"name\":\"camera locations\",\"item\":\"https:\\\/\\\/triggeredbymotion.com\\\/locations\\\/\"},{\"@type\":\"ListItem\",\"position\":3,\"name\":\"HANTAN RIVER CRANE OBSERVATORY\"}]},{\"@type\":\"WebSite\",\"@id\":\"https:\\\/\\\/triggeredbymotion.com\\\/#website\",\"url\":\"https:\\\/\\\/triggeredbymotion.com\\\/\",\"name\":\"Triggered by Motion\",\"description\":\"a walk-in wildlife pavilion\",\"publisher\":{\"@id\":\"https:\\\/\\\/triggeredbymotion.com\\\/#organization\"},\"potentialAction\":[{\"@type\":\"SearchAction\",\"target\":{\"@type\":\"EntryPoint\",\"urlTemplate\":\"https:\\\/\\\/triggeredbymotion.com\\\/?s={search_term_string}\"},\"query-input\":{\"@type\":\"PropertyValueSpecification\",\"valueRequired\":true,\"valueName\":\"search_term_string\"}}],\"inLanguage\":\"de-CH\"},{\"@type\":\"Organization\",\"@id\":\"https:\\\/\\\/triggeredbymotion.com\\\/#organization\",\"name\":\"Triggered by Motion (Universit\u00e4t Z\u00fcrich)\",\"url\":\"https:\\\/\\\/triggeredbymotion.com\\\/\",\"logo\":{\"@type\":\"ImageObject\",\"inLanguage\":\"de-CH\",\"@id\":\"https:\\\/\\\/triggeredbymotion.com\\\/#\\\/schema\\\/logo\\\/image\\\/\",\"url\":\"https:\\\/\\\/i0.wp.com\\\/triggeredbymotion.com\\\/wp-content\\\/uploads\\\/2023\\\/02\\\/uzh_logo_tbm-1-1.webp?fit=1532%2C488&ssl=1\",\"contentUrl\":\"https:\\\/\\\/i0.wp.com\\\/triggeredbymotion.com\\\/wp-content\\\/uploads\\\/2023\\\/02\\\/uzh_logo_tbm-1-1.webp?fit=1532%2C488&ssl=1\",\"width\":1532,\"height\":488,\"caption\":\"Triggered by Motion (Universit\u00e4t Z\u00fcrich)\"},\"image\":{\"@id\":\"https:\\\/\\\/triggeredbymotion.com\\\/#\\\/schema\\\/logo\\\/image\\\/\"},\"sameAs\":[\"https:\\\/\\\/www.facebook.com\\\/TriggeredbyMotion\",\"https:\\\/\\\/x.com\\\/MotionTriggered\",\"https:\\\/\\\/www.instagram.com\\\/triggeredbymotion\\\/\"]}]}<\/script>\n<!-- \/ Yoast SEO plugin. -->","yoast_head_json":{"title":"DMZ: an AI for endangered cranes","description":"On the Korean peninsula lies an accidental paradise: When the Korean War ended in 1953, the 4-km-wide, 248-km-long DMZ was established between North and South Korea. In the absence of people, it transformed into a nature reserve, where thousands of cranes now spend the winter.","robots":{"index":"index","follow":"follow","max-snippet":"max-snippet:-1","max-image-preview":"max-image-preview:large","max-video-preview":"max-video-preview:-1"},"canonical":"https:\/\/triggeredbymotion.com\/de\/locations\/dmz\/","og_locale":"de_DE","og_type":"article","og_title":"DMZ: an AI for endangered cranes","og_description":"On the Korean peninsula lies an accidental paradise: When the Korean War ended in 1953, the 4-km-wide, 248-km-long DMZ was established between North and South Korea. In the absence of people, it transformed into a nature reserve, where thousands of cranes now spend the winter.","og_url":"https:\/\/triggeredbymotion.com\/de\/locations\/dmz\/","og_site_name":"Triggered by Motion","article_publisher":"https:\/\/www.facebook.com\/TriggeredbyMotion","article_modified_time":"2023-05-30T10:18:13+00:00","og_image":[{"url":"https:\/\/triggeredbymotion.com\/wp-content\/uploads\/2022\/09\/korea_dmz_screenshot-64-1.png","type":"","width":"","height":""}],"twitter_card":"summary_large_image","twitter_site":"@MotionTriggered","twitter_misc":{"Gesch\u00e4tzte Lesezeit":"4\u00a0Minuten"},"schema":{"@context":"https:\/\/schema.org","@graph":[{"@type":"WebPage","@id":"https:\/\/triggeredbymotion.com\/locations\/dmz\/","url":"https:\/\/triggeredbymotion.com\/locations\/dmz\/","name":"DMZ: an AI for endangered cranes","isPartOf":{"@id":"https:\/\/triggeredbymotion.com\/#website"},"primaryImageOfPage":{"@id":"https:\/\/triggeredbymotion.com\/locations\/dmz\/#primaryimage"},"image":{"@id":"https:\/\/triggeredbymotion.com\/locations\/dmz\/#primaryimage"},"thumbnailUrl":"https:\/\/triggeredbymotion.com\/wp-content\/uploads\/2022\/09\/korea_dmz_screenshot-64-1.png","datePublished":"2022-12-29T11:34:47+00:00","dateModified":"2023-05-30T10:18:13+00:00","description":"On the Korean peninsula lies an accidental paradise: When the Korean War ended in 1953, the 4-km-wide, 248-km-long DMZ was established between North and South Korea. In the absence of people, it transformed into a nature reserve, where thousands of cranes now spend the winter.","breadcrumb":{"@id":"https:\/\/triggeredbymotion.com\/locations\/dmz\/#breadcrumb"},"inLanguage":"de-CH","potentialAction":[{"@type":"ReadAction","target":["https:\/\/triggeredbymotion.com\/locations\/dmz\/"]}]},{"@type":"ImageObject","inLanguage":"de-CH","@id":"https:\/\/triggeredbymotion.com\/locations\/dmz\/#primaryimage","url":"https:\/\/triggeredbymotion.com\/wp-content\/uploads\/2022\/09\/korea_dmz_screenshot-64-1.png","contentUrl":"https:\/\/triggeredbymotion.com\/wp-content\/uploads\/2022\/09\/korea_dmz_screenshot-64-1.png"},{"@type":"BreadcrumbList","@id":"https:\/\/triggeredbymotion.com\/locations\/dmz\/#breadcrumb","itemListElement":[{"@type":"ListItem","position":1,"name":"Home","item":"https:\/\/triggeredbymotion.com\/"},{"@type":"ListItem","position":2,"name":"camera locations","item":"https:\/\/triggeredbymotion.com\/locations\/"},{"@type":"ListItem","position":3,"name":"HANTAN RIVER CRANE OBSERVATORY"}]},{"@type":"WebSite","@id":"https:\/\/triggeredbymotion.com\/#website","url":"https:\/\/triggeredbymotion.com\/","name":"Triggered by Motion","description":"a walk-in wildlife pavilion","publisher":{"@id":"https:\/\/triggeredbymotion.com\/#organization"},"potentialAction":[{"@type":"SearchAction","target":{"@type":"EntryPoint","urlTemplate":"https:\/\/triggeredbymotion.com\/?s={search_term_string}"},"query-input":{"@type":"PropertyValueSpecification","valueRequired":true,"valueName":"search_term_string"}}],"inLanguage":"de-CH"},{"@type":"Organization","@id":"https:\/\/triggeredbymotion.com\/#organization","name":"Triggered by Motion (Universit\u00e4t Z\u00fcrich)","url":"https:\/\/triggeredbymotion.com\/","logo":{"@type":"ImageObject","inLanguage":"de-CH","@id":"https:\/\/triggeredbymotion.com\/#\/schema\/logo\/image\/","url":"https:\/\/i0.wp.com\/triggeredbymotion.com\/wp-content\/uploads\/2023\/02\/uzh_logo_tbm-1-1.webp?fit=1532%2C488&ssl=1","contentUrl":"https:\/\/i0.wp.com\/triggeredbymotion.com\/wp-content\/uploads\/2023\/02\/uzh_logo_tbm-1-1.webp?fit=1532%2C488&ssl=1","width":1532,"height":488,"caption":"Triggered by Motion (Universit\u00e4t Z\u00fcrich)"},"image":{"@id":"https:\/\/triggeredbymotion.com\/#\/schema\/logo\/image\/"},"sameAs":["https:\/\/www.facebook.com\/TriggeredbyMotion","https:\/\/x.com\/MotionTriggered","https:\/\/www.instagram.com\/triggeredbymotion\/"]}]}},"jetpack_likes_enabled":true,"jetpack_sharing_enabled":true,"jetpack-related-posts":[],"_links":{"self":[{"href":"https:\/\/triggeredbymotion.com\/de\/wp-json\/wp\/v2\/pages\/272","targetHints":{"allow":["GET"]}}],"collection":[{"href":"https:\/\/triggeredbymotion.com\/de\/wp-json\/wp\/v2\/pages"}],"about":[{"href":"https:\/\/triggeredbymotion.com\/de\/wp-json\/wp\/v2\/types\/page"}],"author":[{"embeddable":true,"href":"https:\/\/triggeredbymotion.com\/de\/wp-json\/wp\/v2\/users\/224396188"}],"replies":[{"embeddable":true,"href":"https:\/\/triggeredbymotion.com\/de\/wp-json\/wp\/v2\/comments?post=272"}],"version-history":[{"count":40,"href":"https:\/\/triggeredbymotion.com\/de\/wp-json\/wp\/v2\/pages\/272\/revisions"}],"predecessor-version":[{"id":2839,"href":"https:\/\/triggeredbymotion.com\/de\/wp-json\/wp\/v2\/pages\/272\/revisions\/2839"}],"up":[{"embeddable":true,"href":"https:\/\/triggeredbymotion.com\/de\/wp-json\/wp\/v2\/pages\/12"}],"wp:attachment":[{"href":"https:\/\/triggeredbymotion.com\/de\/wp-json\/wp\/v2\/media?parent=272"}],"curies":[{"name":"wp","href":"https:\/\/api.w.org\/{rel}","templated":true}]}}