{"id":502,"date":"2023-01-04T10:50:37","date_gmt":"2023-01-04T09:50:37","guid":{"rendered":"https:\/\/triggeredbymotion.com\/?page_id=502"},"modified":"2025-05-19T15:52:18","modified_gmt":"2025-05-19T13:52:18","slug":"press","status":"publish","type":"page","link":"https:\/\/triggeredbymotion.com\/de\/press\/","title":{"rendered":"informationen f\u00fcr journalist:innen"},"content":{"rendered":"<div class=\"wp-block-group alignfull has-background-background-color has-background has-global-padding is-layout-constrained wp-container-core-group-is-layout-24d56080 wp-block-group-is-layout-constrained\" style=\"border-top-color:#00ff26;border-top-style:solid;border-top-width:5px;border-right-color:#00ff26;border-right-style:solid;border-right-width:5px;border-bottom-color:#00ff26;border-bottom-style:solid;border-bottom-width:5px;border-left-color:#00ff26;border-left-style:solid;border-left-width:5px;padding-top:30px;padding-right:0px;padding-bottom:50px;padding-left:0px\">\n<div class=\"wp-block-jetpack-layout-grid column1-desktop-grid__span-10 column1-desktop-grid__start-2 column1-desktop-grid__row-1 column1-tablet-grid__span-8 column1-tablet-grid__row-1 column1-mobile-grid__span-4 column1-mobile-grid__row-1 wp-block-jetpack-layout-gutter__nowrap\">\n<div class=\"wp-block-jetpack-layout-grid-column wp-block-jetpack-layout-grid__padding-none\">\n<figure class=\"wp-block-image alignwide size-full has-custom-border wp-duotone-000000-ffffff-1\"><img data-recalc-dims=\"1\" loading=\"lazy\" decoding=\"async\" width=\"799\" height=\"233\" data-attachment-id=\"524\" data-permalink=\"https:\/\/triggeredbymotion.com\/de\/press\/pavillon_v1_2\/\" data-orig-file=\"https:\/\/i0.wp.com\/triggeredbymotion.com\/wp-content\/uploads\/2023\/01\/pavillon_v1_2.png?fit=799%2C233&amp;ssl=1\" data-orig-size=\"799,233\" data-comments-opened=\"1\" data-image-meta=\"{&quot;aperture&quot;:&quot;0&quot;,&quot;credit&quot;:&quot;&quot;,&quot;camera&quot;:&quot;&quot;,&quot;caption&quot;:&quot;&quot;,&quot;created_timestamp&quot;:&quot;0&quot;,&quot;copyright&quot;:&quot;&quot;,&quot;focal_length&quot;:&quot;0&quot;,&quot;iso&quot;:&quot;0&quot;,&quot;shutter_speed&quot;:&quot;0&quot;,&quot;title&quot;:&quot;&quot;,&quot;orientation&quot;:&quot;0&quot;}\" data-image-title=\"pavillon_v1_2\" data-image-description=\"\" data-image-caption=\"\" data-medium-file=\"https:\/\/i0.wp.com\/triggeredbymotion.com\/wp-content\/uploads\/2023\/01\/pavillon_v1_2.png?fit=300%2C87&amp;ssl=1\" data-large-file=\"https:\/\/i0.wp.com\/triggeredbymotion.com\/wp-content\/uploads\/2023\/01\/pavillon_v1_2.png?fit=799%2C233&amp;ssl=1\" src=\"https:\/\/i0.wp.com\/triggeredbymotion.com\/wp-content\/uploads\/2023\/01\/pavillon_v1_2.png?resize=799%2C233&#038;ssl=1\" alt=\"\" class=\"wp-image-524\" style=\"border-style:none;border-width:0px\"\/><\/figure>\n<\/div>\n<\/div>\n\n\n\n<div class=\"wp-block-jetpack-layout-grid column1-desktop-grid__span-7 column1-desktop-grid__start-2 column1-desktop-grid__row-1 column2-desktop-grid__span-4 column2-desktop-grid__start-9 column2-desktop-grid__row-1 column1-tablet-grid__span-5 column1-tablet-grid__row-1 column2-tablet-grid__span-2 column2-tablet-grid__start-7 column2-tablet-grid__row-1 column1-mobile-grid__span-4 column1-mobile-grid__row-1 column2-mobile-grid__span-4 column2-mobile-grid__row-2 wp-block-jetpack-layout-gutter__nowrap\">\n<div class=\"wp-block-jetpack-layout-grid-column wp-block-jetpack-layout-grid__padding-none\">\n<p class=\"has-text-color wp-block-paragraph\" style=\"color:#00ff26;font-size:17px;line-height:1\">projektzusammenfassung:<\/p>\n\n\n\n<p class=\"wp-block-paragraph\" style=\"font-size:26px;line-height:1\">Triggered by Motion: eine begehbare Videoinstallation<\/p>\n\n\n\n<p class=\"wp-block-paragraph translation-block\" style=\"line-height:1.8\">Kamerafallen mit Bewegungsmeldern (<i>motion triggers<\/i>) machen es m\u00f6glich, Tiere in freier Wildbahn zu beobachten, ohne ihr Verhalten zu beeinflussen oder auf invasive Mittel wie Halsb\u00e4nder oder Ohrmarken zur\u00fcckgreifen zu m\u00fcssen. Allerdings fallen bei dieser Technik riesige Datenmengen an, deren Auswertung sehr zeitaufw\u00e4ndig ist. Hier soll K\u00fcnstliche Intelligenz Abhilfe schaffen: Immer mehr Forschungsteams setzen auf maschinelles Lernen, um die Bildanalyse zu beschleunigen. Die Videoinstallation <i>Triggered by Motion<\/i> dokumentiert diesen Prozess.<\/p>\n\n\n\n<p class=\"wp-block-paragraph translation-block\" style=\"line-height:1.8\">Das Ausstellungsformat und Forschungsnetzwerk <i>Triggered by Motion<\/i> ist an der Universit\u00e4t Z\u00fcrich aus dem Engagement des <a href=\"https:\/\/www.grc.uzh.ch\/de.html\" target=\"_self\">\u2192Graduate Campus<\/a> f\u00fcr transdisziplin\u00e4re Vernetzung hervorgegangen und wird dort durch die <a href=\"https:\/\/www.art-science.uzh.ch\/de.html\" target=\"_self\">\u2192Fachstelle f\u00fcr Kunst und Wissenschaft<\/a> an der Direktion Immobilien und Betrieb (DIB) fortgef\u00fchrt. Ab 2023 wird es in verschiedenen Ausstellungskontexten in der Schweiz und \u2013 in Zusammenarbeit mit dem Netzwerk swissnex\/EDA \u2013 international zu sehen sein. Ziel von <i>Triggered by Motion<\/i> ist es, den Dialog zwischen Forschungsprojekten und der interessierten \u00d6ffentlichkeit zu f\u00f6rdern. Denn auch wenn die Zukunft digitaler Methoden in der \u00d6kologie vielversprechend aussieht, funktionieren Naturschutzprojekte nur, wenn sie \u00fcber Fachkreise hinaus Unterst\u00fctzung finden.<\/p>\n\n\n\n<p class=\"has-small-font-size wp-block-paragraph\"><em>Erm\u00f6glicht wurde Triggered by Motion durch die Digitalisierungsinitiative der Z\u00fcrcher Hochschulen (DIZH) und die Stiftung Mercator Schweiz. Wir danken Impact Acoustic f\u00fcr die Produktion des Pavillons mit Material aus recyceltem PET. <\/em><\/p>\n\n\n\n<div style=\"height:14px\" aria-hidden=\"true\" class=\"wp-block-spacer\"><\/div>\n\n\n\n<div class=\"wp-block-buttons is-content-justification-center is-layout-flex wp-container-core-buttons-is-layout-20959078 wp-block-buttons-is-layout-flex\">\n<div class=\"wp-block-button is-style-fill\"><a class=\"wp-block-button__link has-foreground-color has-text-color has-background has-border-color has-small-font-size has-custom-font-size wp-element-button\" href=\"https:\/\/triggeredbymotion.com\/de\/our-research-network\/\" style=\"border-color:#00ff26;border-width:3px;background-color:#fcfbf700\">\u2192VOLLST\u00c4NDIGE CREDITS HIER<\/a><\/div>\n<\/div>\n<\/div>\n\n\n\n<div class=\"wp-block-jetpack-layout-grid-column wp-block-jetpack-layout-grid__padding-none is-vertically-aligned-bottom\">\n<p class=\"has-text-color wp-block-paragraph\" style=\"color:#00ff26;line-height:1\">kommende ausstellungen:<\/p>\n\n\n\n<p class=\"wp-block-paragraph translation-block\"><a href=\"https:\/\/swissnex.org\/skiw23_tabexhibition\" target=\"_blank\" rel=\"noreferrer noopener\">\u2192<\/a><a data-type=\"link\" data-id=\"https:\/\/www.knma.in\/\" href=\"https:\/\/www.knma.in\/\" target=\"_self\">Kiran Nadar Museum of Art<\/a>, Delhi, Indien<br>(19. April \u2013 25. Mai 2025)<\/p>\n\n\n\n<p class=\"has-text-color wp-block-paragraph\" style=\"color:#00ff26;line-height:1\">vergangene ausstellungen:<\/p>\n\n\n\n<p class=\"wp-block-paragraph translation-block\"><a href=\"https:\/\/swissnex.org\/skiw23_tabexhibition\" target=\"_blank\" rel=\"noreferrer noopener\">\u2192<\/a><a href=\"https:\/\/indiaartfair.in\/visit\" target=\"_self\">India Art Fair (IAF) 2025<\/a>, <br>Delhi, Indien (6. \u2013 9. Februar 2025)<\/p>\n\n\n\n<p class=\"wp-block-paragraph\">Science Gallery Bengaluru, Bangalore, Indien (August 2023\u2014Mai 2024)<\/p>\n\n\n\n<p class=\"wp-block-paragraph\" style=\"line-height:1.1\"><a href=\"https:\/\/nationalpark.ch\/en\/\" data-type=\"link\" data-id=\"https:\/\/nationalpark.ch\/en\/\">Schweizerischer Nationalpark<\/a>, Visitor&#8217;s Centre, Zernez, Switzerland (June 2023\u2014February 2024)<\/p>\n\n\n\n<p class=\"wp-block-paragraph\"><a href=\"https:\/\/swissnex.org\/skiw23_tabexhibition\" target=\"_blank\" rel=\"noreferrer noopener\">\u2192Dongdaemun Design Plaza, Seoul, Korea (Mai 2023)<\/a><\/p>\n\n\n\n<div style=\"height:5px\" aria-hidden=\"true\" class=\"wp-block-spacer\"><\/div>\n\n\n\n<p class=\"wp-block-paragraph\">Universit\u00e4t Z\u00fcrich, Lichthof (Januar 2023)<\/p>\n\n\n\n<p class=\"wp-block-paragraph\" style=\"line-height:1.1\"><a href=\"https:\/\/www.planetdigital.ch\/en\/\" target=\"_blank\" rel=\"noreferrer noopener\">\u2192Planet Digital, Museum f\u00fcr Gestaltung Z\u00fcrich (Februar\u2014Juni 2022)<\/a><\/p>\n\n\n\n<div style=\"height:5px\" aria-hidden=\"true\" class=\"wp-block-spacer\"><\/div>\n\n\n\n<p class=\"has-text-color wp-block-paragraph\" style=\"color:#00ff26;line-height:1\">pressemappe:<\/p>\n\n\n\n<p class=\"wp-block-paragraph translation-block\" style=\"line-height:1.7\">Pressemitteilungen, Saaltexte und weitere Informationen f\u00fcr Journalist:innen und Aussteller:innen finden Sie <a href=\"https:\/\/triggeredbymotion.com\/de\/press\/downloads\/\" target=\"_self\">\u2192hier<\/a>.<\/p>\n\n\n\n<div style=\"height:5px\" aria-hidden=\"true\" class=\"wp-block-spacer\"><\/div>\n\n\n\n<p class=\"has-text-color wp-block-paragraph\" style=\"color:#00ff26;line-height:1\">social media:<\/p>\n\n\n\n<p class=\"wp-block-paragraph\">Wir sind auf folgenden Plattformen unterwegs:<\/p>\n\n\n\n<ul class=\"wp-block-social-links has-normal-icon-size has-icon-color is-style-logos-only is-content-justification-left is-layout-flex wp-container-core-social-links-is-layout-70d1faab wp-block-social-links-is-layout-flex\"><li style=\"color:#00ff26;\" class=\"wp-social-link wp-social-link-twitter  wp-block-social-link\"><a rel=\"noopener nofollow\" target=\"_blank\" href=\"https:\/\/twitter.com\/MotionTriggered\" class=\"wp-block-social-link-anchor\"><svg width=\"24\" height=\"24\" viewbox=\"0 0 24 24\" version=\"1.1\" xmlns=\"http:\/\/www.w3.org\/2000\/svg\" aria-hidden=\"true\" focusable=\"false\"><path d=\"M22.23,5.924c-0.736,0.326-1.527,0.547-2.357,0.646c0.847-0.508,1.498-1.312,1.804-2.27 c-0.793,0.47-1.671,0.812-2.606,0.996C18.324,4.498,17.257,4,16.077,4c-2.266,0-4.103,1.837-4.103,4.103 c0,0.322,0.036,0.635,0.106,0.935C8.67,8.867,5.647,7.234,3.623,4.751C3.27,5.357,3.067,6.062,3.067,6.814 c0,1.424,0.724,2.679,1.825,3.415c-0.673-0.021-1.305-0.206-1.859-0.513c0,0.017,0,0.034,0,0.052c0,1.988,1.414,3.647,3.292,4.023 c-0.344,0.094-0.707,0.144-1.081,0.144c-0.264,0-0.521-0.026-0.772-0.074c0.522,1.63,2.038,2.816,3.833,2.85 c-1.404,1.1-3.174,1.756-5.096,1.756c-0.331,0-0.658-0.019-0.979-0.057c1.816,1.164,3.973,1.843,6.29,1.843 c7.547,0,11.675-6.252,11.675-11.675c0-0.178-0.004-0.355-0.012-0.531C20.985,7.47,21.68,6.747,22.23,5.924z\"><\/path><\/svg><span class=\"wp-block-social-link-label screen-reader-text\">Twitter<\/span><\/a><\/li>\n\n<li style=\"color:#00ff26;\" class=\"wp-social-link wp-social-link-instagram  wp-block-social-link\"><a rel=\"noopener nofollow\" target=\"_blank\" href=\"https:\/\/www.instagram.com\/triggeredbymotion\/\" class=\"wp-block-social-link-anchor\"><svg width=\"24\" height=\"24\" viewbox=\"0 0 24 24\" version=\"1.1\" xmlns=\"http:\/\/www.w3.org\/2000\/svg\" aria-hidden=\"true\" focusable=\"false\"><path d=\"M12,4.622c2.403,0,2.688,0.009,3.637,0.052c0.877,0.04,1.354,0.187,1.671,0.31c0.42,0.163,0.72,0.358,1.035,0.673 c0.315,0.315,0.51,0.615,0.673,1.035c0.123,0.317,0.27,0.794,0.31,1.671c0.043,0.949,0.052,1.234,0.052,3.637 s-0.009,2.688-0.052,3.637c-0.04,0.877-0.187,1.354-0.31,1.671c-0.163,0.42-0.358,0.72-0.673,1.035 c-0.315,0.315-0.615,0.51-1.035,0.673c-0.317,0.123-0.794,0.27-1.671,0.31c-0.949,0.043-1.233,0.052-3.637,0.052 s-2.688-0.009-3.637-0.052c-0.877-0.04-1.354-0.187-1.671-0.31c-0.42-0.163-0.72-0.358-1.035-0.673 c-0.315-0.315-0.51-0.615-0.673-1.035c-0.123-0.317-0.27-0.794-0.31-1.671C4.631,14.688,4.622,14.403,4.622,12 s0.009-2.688,0.052-3.637c0.04-0.877,0.187-1.354,0.31-1.671c0.163-0.42,0.358-0.72,0.673-1.035 c0.315-0.315,0.615-0.51,1.035-0.673c0.317-0.123,0.794-0.27,1.671-0.31C9.312,4.631,9.597,4.622,12,4.622 M12,3 C9.556,3,9.249,3.01,8.289,3.054C7.331,3.098,6.677,3.25,6.105,3.472C5.513,3.702,5.011,4.01,4.511,4.511 c-0.5,0.5-0.808,1.002-1.038,1.594C3.25,6.677,3.098,7.331,3.054,8.289C3.01,9.249,3,9.556,3,12c0,2.444,0.01,2.751,0.054,3.711 c0.044,0.958,0.196,1.612,0.418,2.185c0.23,0.592,0.538,1.094,1.038,1.594c0.5,0.5,1.002,0.808,1.594,1.038 c0.572,0.222,1.227,0.375,2.185,0.418C9.249,20.99,9.556,21,12,21s2.751-0.01,3.711-0.054c0.958-0.044,1.612-0.196,2.185-0.418 c0.592-0.23,1.094-0.538,1.594-1.038c0.5-0.5,0.808-1.002,1.038-1.594c0.222-0.572,0.375-1.227,0.418-2.185 C20.99,14.751,21,14.444,21,12s-0.01-2.751-0.054-3.711c-0.044-0.958-0.196-1.612-0.418-2.185c-0.23-0.592-0.538-1.094-1.038-1.594 c-0.5-0.5-1.002-0.808-1.594-1.038c-0.572-0.222-1.227-0.375-2.185-0.418C14.751,3.01,14.444,3,12,3L12,3z M12,7.378 c-2.552,0-4.622,2.069-4.622,4.622S9.448,16.622,12,16.622s4.622-2.069,4.622-4.622S14.552,7.378,12,7.378z M12,15 c-1.657,0-3-1.343-3-3s1.343-3,3-3s3,1.343,3,3S13.657,15,12,15z M16.804,6.116c-0.596,0-1.08,0.484-1.08,1.08 s0.484,1.08,1.08,1.08c0.596,0,1.08-0.484,1.08-1.08S17.401,6.116,16.804,6.116z\"><\/path><\/svg><span class=\"wp-block-social-link-label screen-reader-text\">Instagram<\/span><\/a><\/li>\n\n<li style=\"color:#00ff26;\" class=\"wp-social-link wp-social-link-facebook  wp-block-social-link\"><a rel=\"noopener nofollow\" target=\"_blank\" href=\"https:\/\/www.facebook.com\/TriggeredbyMotion\/\" class=\"wp-block-social-link-anchor\"><svg width=\"24\" height=\"24\" viewbox=\"0 0 24 24\" version=\"1.1\" xmlns=\"http:\/\/www.w3.org\/2000\/svg\" aria-hidden=\"true\" focusable=\"false\"><path d=\"M12 2C6.5 2 2 6.5 2 12c0 5 3.7 9.1 8.4 9.9v-7H7.9V12h2.5V9.8c0-2.5 1.5-3.9 3.8-3.9 1.1 0 2.2.2 2.2.2v2.5h-1.3c-1.2 0-1.6.8-1.6 1.6V12h2.8l-.4 2.9h-2.3v7C18.3 21.1 22 17 22 12c0-5.5-4.5-10-10-10z\"><\/path><\/svg><span class=\"wp-block-social-link-label screen-reader-text\">Facebook<\/span><\/a><\/li>\n\n<li style=\"color:#00ff26;\" class=\"wp-social-link wp-social-link-linkedin  wp-block-social-link\"><a rel=\"noopener nofollow\" target=\"_blank\" href=\"https:\/\/www.linkedin.com\/company\/triggered-by-motion\/\" class=\"wp-block-social-link-anchor\"><svg width=\"24\" height=\"24\" viewbox=\"0 0 24 24\" version=\"1.1\" xmlns=\"http:\/\/www.w3.org\/2000\/svg\" aria-hidden=\"true\" focusable=\"false\"><path d=\"M19.7,3H4.3C3.582,3,3,3.582,3,4.3v15.4C3,20.418,3.582,21,4.3,21h15.4c0.718,0,1.3-0.582,1.3-1.3V4.3 C21,3.582,20.418,3,19.7,3z M8.339,18.338H5.667v-8.59h2.672V18.338z M7.004,8.574c-0.857,0-1.549-0.694-1.549-1.548 c0-0.855,0.691-1.548,1.549-1.548c0.854,0,1.547,0.694,1.547,1.548C8.551,7.881,7.858,8.574,7.004,8.574z M18.339,18.338h-2.669 v-4.177c0-0.996-0.017-2.278-1.387-2.278c-1.389,0-1.601,1.086-1.601,2.206v4.249h-2.667v-8.59h2.559v1.174h0.037 c0.356-0.675,1.227-1.387,2.526-1.387c2.703,0,3.203,1.779,3.203,4.092V18.338z\"><\/path><\/svg><span class=\"wp-block-social-link-label screen-reader-text\">LinkedIn<\/span><\/a><\/li><\/ul>\n\n\n\n<p class=\"wp-block-paragraph\"><\/p>\n<\/div>\n<\/div>\n<\/div>","protected":false},"excerpt":{"rendered":"<p>project summary: Triggered by Motion: A Walk-In Video Installation Camera traps with motion triggers make it possible to observe animals in the wild without influencing their behavior or resorting to invasive means such as collars or ear tags. But the technique generates huge amounts of data \u2013 the evaluation of which is very time-consuming. Artificial [&hellip;]<\/p>\n","protected":false},"author":224396188,"featured_media":0,"parent":0,"menu_order":4,"comment_status":"closed","ping_status":"closed","template":"","meta":{"_crdt_document":"","jetpack_post_was_ever_published":false,"footnotes":""},"class_list":["post-502","page","type-page","status-publish","hentry"],"yoast_head":"<!-- This site is optimized with the Yoast SEO plugin v27.3 - https:\/\/yoast.com\/product\/yoast-seo-wordpress\/ -->\n<title>media info : Triggered by Motion<\/title>\n<meta name=\"description\" content=\"Are you a journalist? Find media info about Triggered by Motion here.\" \/>\n<meta name=\"robots\" content=\"index, follow, max-snippet:-1, max-image-preview:large, max-video-preview:-1\" \/>\n<link rel=\"canonical\" href=\"https:\/\/triggeredbymotion.com\/de\/press\/\" \/>\n<meta property=\"og:locale\" content=\"de_DE\" \/>\n<meta property=\"og:type\" content=\"article\" \/>\n<meta property=\"og:title\" content=\"media info : Triggered by Motion\" \/>\n<meta property=\"og:description\" content=\"Are you a journalist? Find media info about Triggered by Motion here.\" \/>\n<meta property=\"og:url\" content=\"https:\/\/triggeredbymotion.com\/de\/press\/\" \/>\n<meta property=\"og:site_name\" content=\"Triggered by Motion\" \/>\n<meta property=\"article:publisher\" content=\"https:\/\/www.facebook.com\/TriggeredbyMotion\" \/>\n<meta property=\"article:modified_time\" content=\"2025-05-19T13:52:18+00:00\" \/>\n<meta property=\"og:image\" content=\"https:\/\/triggeredbymotion.com\/wp-content\/uploads\/2023\/01\/pavillon_v1_2.png\" \/>\n<meta name=\"twitter:card\" content=\"summary_large_image\" \/>\n<meta name=\"twitter:site\" content=\"@MotionTriggered\" \/>\n<meta name=\"twitter:label1\" content=\"Gesch\u00e4tzte Lesezeit\" \/>\n\t<meta name=\"twitter:data1\" content=\"2\u00a0Minuten\" \/>\n<script type=\"application\/ld+json\" class=\"yoast-schema-graph\">{\"@context\":\"https:\\\/\\\/schema.org\",\"@graph\":[{\"@type\":\"WebPage\",\"@id\":\"https:\\\/\\\/triggeredbymotion.com\\\/press\\\/\",\"url\":\"https:\\\/\\\/triggeredbymotion.com\\\/press\\\/\",\"name\":\"media info : Triggered by Motion\",\"isPartOf\":{\"@id\":\"https:\\\/\\\/triggeredbymotion.com\\\/#website\"},\"primaryImageOfPage\":{\"@id\":\"https:\\\/\\\/triggeredbymotion.com\\\/press\\\/#primaryimage\"},\"image\":{\"@id\":\"https:\\\/\\\/triggeredbymotion.com\\\/press\\\/#primaryimage\"},\"thumbnailUrl\":\"https:\\\/\\\/triggeredbymotion.com\\\/wp-content\\\/uploads\\\/2023\\\/01\\\/pavillon_v1_2.png\",\"datePublished\":\"2023-01-04T09:50:37+00:00\",\"dateModified\":\"2025-05-19T13:52:18+00:00\",\"description\":\"Are you a journalist? Find media info about Triggered by Motion here.\",\"breadcrumb\":{\"@id\":\"https:\\\/\\\/triggeredbymotion.com\\\/press\\\/#breadcrumb\"},\"inLanguage\":\"de-CH\",\"potentialAction\":[{\"@type\":\"ReadAction\",\"target\":[\"https:\\\/\\\/triggeredbymotion.com\\\/press\\\/\"]}]},{\"@type\":\"ImageObject\",\"inLanguage\":\"de-CH\",\"@id\":\"https:\\\/\\\/triggeredbymotion.com\\\/press\\\/#primaryimage\",\"url\":\"https:\\\/\\\/triggeredbymotion.com\\\/wp-content\\\/uploads\\\/2023\\\/01\\\/pavillon_v1_2.png\",\"contentUrl\":\"https:\\\/\\\/triggeredbymotion.com\\\/wp-content\\\/uploads\\\/2023\\\/01\\\/pavillon_v1_2.png\"},{\"@type\":\"BreadcrumbList\",\"@id\":\"https:\\\/\\\/triggeredbymotion.com\\\/press\\\/#breadcrumb\",\"itemListElement\":[{\"@type\":\"ListItem\",\"position\":1,\"name\":\"Home\",\"item\":\"https:\\\/\\\/triggeredbymotion.com\\\/\"},{\"@type\":\"ListItem\",\"position\":2,\"name\":\"media info\"}]},{\"@type\":\"WebSite\",\"@id\":\"https:\\\/\\\/triggeredbymotion.com\\\/#website\",\"url\":\"https:\\\/\\\/triggeredbymotion.com\\\/\",\"name\":\"Triggered by Motion\",\"description\":\"a walk-in wildlife pavilion\",\"publisher\":{\"@id\":\"https:\\\/\\\/triggeredbymotion.com\\\/#organization\"},\"potentialAction\":[{\"@type\":\"SearchAction\",\"target\":{\"@type\":\"EntryPoint\",\"urlTemplate\":\"https:\\\/\\\/triggeredbymotion.com\\\/?s={search_term_string}\"},\"query-input\":{\"@type\":\"PropertyValueSpecification\",\"valueRequired\":true,\"valueName\":\"search_term_string\"}}],\"inLanguage\":\"de-CH\"},{\"@type\":\"Organization\",\"@id\":\"https:\\\/\\\/triggeredbymotion.com\\\/#organization\",\"name\":\"Triggered by Motion (Universit\u00e4t Z\u00fcrich)\",\"url\":\"https:\\\/\\\/triggeredbymotion.com\\\/\",\"logo\":{\"@type\":\"ImageObject\",\"inLanguage\":\"de-CH\",\"@id\":\"https:\\\/\\\/triggeredbymotion.com\\\/#\\\/schema\\\/logo\\\/image\\\/\",\"url\":\"https:\\\/\\\/i0.wp.com\\\/triggeredbymotion.com\\\/wp-content\\\/uploads\\\/2023\\\/02\\\/uzh_logo_tbm-1-1.webp?fit=1532%2C488&ssl=1\",\"contentUrl\":\"https:\\\/\\\/i0.wp.com\\\/triggeredbymotion.com\\\/wp-content\\\/uploads\\\/2023\\\/02\\\/uzh_logo_tbm-1-1.webp?fit=1532%2C488&ssl=1\",\"width\":1532,\"height\":488,\"caption\":\"Triggered by Motion (Universit\u00e4t Z\u00fcrich)\"},\"image\":{\"@id\":\"https:\\\/\\\/triggeredbymotion.com\\\/#\\\/schema\\\/logo\\\/image\\\/\"},\"sameAs\":[\"https:\\\/\\\/www.facebook.com\\\/TriggeredbyMotion\",\"https:\\\/\\\/x.com\\\/MotionTriggered\",\"https:\\\/\\\/www.instagram.com\\\/triggeredbymotion\\\/\"]}]}<\/script>\n<!-- \/ Yoast SEO plugin. -->","yoast_head_json":{"title":"media info : Triggered by Motion","description":"Are you a journalist? Find media info about Triggered by Motion here.","robots":{"index":"index","follow":"follow","max-snippet":"max-snippet:-1","max-image-preview":"max-image-preview:large","max-video-preview":"max-video-preview:-1"},"canonical":"https:\/\/triggeredbymotion.com\/de\/press\/","og_locale":"de_DE","og_type":"article","og_title":"media info : Triggered by Motion","og_description":"Are you a journalist? Find media info about Triggered by Motion here.","og_url":"https:\/\/triggeredbymotion.com\/de\/press\/","og_site_name":"Triggered by Motion","article_publisher":"https:\/\/www.facebook.com\/TriggeredbyMotion","article_modified_time":"2025-05-19T13:52:18+00:00","og_image":[{"url":"https:\/\/triggeredbymotion.com\/wp-content\/uploads\/2023\/01\/pavillon_v1_2.png","type":"","width":"","height":""}],"twitter_card":"summary_large_image","twitter_site":"@MotionTriggered","twitter_misc":{"Gesch\u00e4tzte Lesezeit":"2\u00a0Minuten"},"schema":{"@context":"https:\/\/schema.org","@graph":[{"@type":"WebPage","@id":"https:\/\/triggeredbymotion.com\/press\/","url":"https:\/\/triggeredbymotion.com\/press\/","name":"media info : Triggered by Motion","isPartOf":{"@id":"https:\/\/triggeredbymotion.com\/#website"},"primaryImageOfPage":{"@id":"https:\/\/triggeredbymotion.com\/press\/#primaryimage"},"image":{"@id":"https:\/\/triggeredbymotion.com\/press\/#primaryimage"},"thumbnailUrl":"https:\/\/triggeredbymotion.com\/wp-content\/uploads\/2023\/01\/pavillon_v1_2.png","datePublished":"2023-01-04T09:50:37+00:00","dateModified":"2025-05-19T13:52:18+00:00","description":"Are you a journalist? Find media info about Triggered by Motion here.","breadcrumb":{"@id":"https:\/\/triggeredbymotion.com\/press\/#breadcrumb"},"inLanguage":"de-CH","potentialAction":[{"@type":"ReadAction","target":["https:\/\/triggeredbymotion.com\/press\/"]}]},{"@type":"ImageObject","inLanguage":"de-CH","@id":"https:\/\/triggeredbymotion.com\/press\/#primaryimage","url":"https:\/\/triggeredbymotion.com\/wp-content\/uploads\/2023\/01\/pavillon_v1_2.png","contentUrl":"https:\/\/triggeredbymotion.com\/wp-content\/uploads\/2023\/01\/pavillon_v1_2.png"},{"@type":"BreadcrumbList","@id":"https:\/\/triggeredbymotion.com\/press\/#breadcrumb","itemListElement":[{"@type":"ListItem","position":1,"name":"Home","item":"https:\/\/triggeredbymotion.com\/"},{"@type":"ListItem","position":2,"name":"media info"}]},{"@type":"WebSite","@id":"https:\/\/triggeredbymotion.com\/#website","url":"https:\/\/triggeredbymotion.com\/","name":"Triggered by Motion","description":"a walk-in wildlife pavilion","publisher":{"@id":"https:\/\/triggeredbymotion.com\/#organization"},"potentialAction":[{"@type":"SearchAction","target":{"@type":"EntryPoint","urlTemplate":"https:\/\/triggeredbymotion.com\/?s={search_term_string}"},"query-input":{"@type":"PropertyValueSpecification","valueRequired":true,"valueName":"search_term_string"}}],"inLanguage":"de-CH"},{"@type":"Organization","@id":"https:\/\/triggeredbymotion.com\/#organization","name":"Triggered by Motion (Universit\u00e4t Z\u00fcrich)","url":"https:\/\/triggeredbymotion.com\/","logo":{"@type":"ImageObject","inLanguage":"de-CH","@id":"https:\/\/triggeredbymotion.com\/#\/schema\/logo\/image\/","url":"https:\/\/i0.wp.com\/triggeredbymotion.com\/wp-content\/uploads\/2023\/02\/uzh_logo_tbm-1-1.webp?fit=1532%2C488&ssl=1","contentUrl":"https:\/\/i0.wp.com\/triggeredbymotion.com\/wp-content\/uploads\/2023\/02\/uzh_logo_tbm-1-1.webp?fit=1532%2C488&ssl=1","width":1532,"height":488,"caption":"Triggered by Motion (Universit\u00e4t Z\u00fcrich)"},"image":{"@id":"https:\/\/triggeredbymotion.com\/#\/schema\/logo\/image\/"},"sameAs":["https:\/\/www.facebook.com\/TriggeredbyMotion","https:\/\/x.com\/MotionTriggered","https:\/\/www.instagram.com\/triggeredbymotion\/"]}]}},"jetpack_likes_enabled":true,"jetpack_sharing_enabled":true,"jetpack-related-posts":[],"_links":{"self":[{"href":"https:\/\/triggeredbymotion.com\/de\/wp-json\/wp\/v2\/pages\/502","targetHints":{"allow":["GET"]}}],"collection":[{"href":"https:\/\/triggeredbymotion.com\/de\/wp-json\/wp\/v2\/pages"}],"about":[{"href":"https:\/\/triggeredbymotion.com\/de\/wp-json\/wp\/v2\/types\/page"}],"author":[{"embeddable":true,"href":"https:\/\/triggeredbymotion.com\/de\/wp-json\/wp\/v2\/users\/224396188"}],"replies":[{"embeddable":true,"href":"https:\/\/triggeredbymotion.com\/de\/wp-json\/wp\/v2\/comments?post=502"}],"version-history":[{"count":85,"href":"https:\/\/triggeredbymotion.com\/de\/wp-json\/wp\/v2\/pages\/502\/revisions"}],"predecessor-version":[{"id":6234,"href":"https:\/\/triggeredbymotion.com\/de\/wp-json\/wp\/v2\/pages\/502\/revisions\/6234"}],"wp:attachment":[{"href":"https:\/\/triggeredbymotion.com\/de\/wp-json\/wp\/v2\/media?parent=502"}],"curies":[{"name":"wp","href":"https:\/\/api.w.org\/{rel}","templated":true}]}}