{"id":803,"date":"2023-01-23T12:10:55","date_gmt":"2023-01-23T11:10:55","guid":{"rendered":"https:\/\/triggeredbymotion.com\/?page_id=803"},"modified":"2025-02-27T14:12:42","modified_gmt":"2025-02-27T13:12:42","slug":"further-projects","status":"publish","type":"page","link":"https:\/\/triggeredbymotion.com\/de\/further-projects\/","title":{"rendered":"weitere projekte"},"content":{"rendered":"<div class=\"wp-block-group alignfull has-text-color is-layout-flow wp-block-group-is-layout-flow\" style=\"color:#1d1e1e;padding-top:100px;padding-right:0px;padding-bottom:100px;padding-left:0px\">\n<div class=\"wp-block-columns alignwide is-layout-flex wp-container-core-columns-is-layout-f56f613f wp-block-columns-is-layout-flex\">\n<div class=\"wp-block-column is-layout-flow wp-block-column-is-layout-flow\" style=\"flex-basis:50%\">\n<figure class=\"wp-block-image size-full has-custom-border wp-duotone-unset-1\"><a href=\"https:\/\/triggeredbymotion.com\/de\/wiping-out\/\"><img data-recalc-dims=\"1\" loading=\"lazy\" decoding=\"async\" width=\"1920\" height=\"1080\" data-attachment-id=\"5318\" data-permalink=\"https:\/\/triggeredbymotion.com\/de\/further-projects\/vlcsnap-2025-02-13-10h48m09s494\/\" data-orig-file=\"https:\/\/i0.wp.com\/triggeredbymotion.com\/wp-content\/uploads\/2025\/02\/vlcsnap-2025-02-13-10h48m09s494.png?fit=1920%2C1080&amp;ssl=1\" data-orig-size=\"1920,1080\" data-comments-opened=\"1\" data-image-meta=\"{&quot;aperture&quot;:&quot;0&quot;,&quot;credit&quot;:&quot;&quot;,&quot;camera&quot;:&quot;&quot;,&quot;caption&quot;:&quot;&quot;,&quot;created_timestamp&quot;:&quot;0&quot;,&quot;copyright&quot;:&quot;&quot;,&quot;focal_length&quot;:&quot;0&quot;,&quot;iso&quot;:&quot;0&quot;,&quot;shutter_speed&quot;:&quot;0&quot;,&quot;title&quot;:&quot;&quot;,&quot;orientation&quot;:&quot;0&quot;}\" data-image-title=\"vlcsnap-2025-02-13-10h48m09s494\" data-image-description=\"\" data-image-caption=\"\" data-large-file=\"https:\/\/i0.wp.com\/triggeredbymotion.com\/wp-content\/uploads\/2025\/02\/vlcsnap-2025-02-13-10h48m09s494.png?fit=1024%2C576&amp;ssl=1\" src=\"https:\/\/i0.wp.com\/triggeredbymotion.com\/wp-content\/uploads\/2025\/02\/vlcsnap-2025-02-13-10h48m09s494.png?resize=1920%2C1080&#038;ssl=1\" alt=\"\" class=\"has-border-color wp-image-5318\" style=\"border-color:#00ff26;border-width:5px\" srcset=\"https:\/\/i0.wp.com\/triggeredbymotion.com\/wp-content\/uploads\/2025\/02\/vlcsnap-2025-02-13-10h48m09s494.png?w=1920&amp;ssl=1 1920w, https:\/\/i0.wp.com\/triggeredbymotion.com\/wp-content\/uploads\/2025\/02\/vlcsnap-2025-02-13-10h48m09s494.png?resize=300%2C169&amp;ssl=1 300w, https:\/\/i0.wp.com\/triggeredbymotion.com\/wp-content\/uploads\/2025\/02\/vlcsnap-2025-02-13-10h48m09s494.png?resize=1024%2C576&amp;ssl=1 1024w, https:\/\/i0.wp.com\/triggeredbymotion.com\/wp-content\/uploads\/2025\/02\/vlcsnap-2025-02-13-10h48m09s494.png?resize=768%2C432&amp;ssl=1 768w, https:\/\/i0.wp.com\/triggeredbymotion.com\/wp-content\/uploads\/2025\/02\/vlcsnap-2025-02-13-10h48m09s494.png?resize=1536%2C864&amp;ssl=1 1536w, https:\/\/i0.wp.com\/triggeredbymotion.com\/wp-content\/uploads\/2025\/02\/vlcsnap-2025-02-13-10h48m09s494.png?resize=18%2C10&amp;ssl=1 18w, https:\/\/i0.wp.com\/triggeredbymotion.com\/wp-content\/uploads\/2025\/02\/vlcsnap-2025-02-13-10h48m09s494.png?resize=1200%2C675&amp;ssl=1 1200w\" sizes=\"auto, (max-width: 1000px) 100vw, 1000px\" \/><\/a><figcaption class=\"wp-element-caption\">WIPING OUT || Swiss artist Karoline Schreiber paints and then erases extinct animal species with a broom and black sand. It is an artistic reflection on the destructive influence of humans on the biodiversity of our planet.<\/figcaption><\/figure>\n<\/div>\n\n\n\n<div class=\"wp-block-column is-layout-flow wp-block-column-is-layout-flow\" style=\"flex-basis:15%\"><\/div>\n\n\n\n<div class=\"wp-block-column is-layout-flow wp-block-column-is-layout-flow\" style=\"flex-basis:35%\">\n<div style=\"height:226px\" aria-hidden=\"true\" class=\"wp-block-spacer\"><\/div>\n\n\n\n<figure class=\"wp-block-image size-full is-resized has-custom-border wp-duotone-unset-2\"><a href=\"https:\/\/triggeredbymotion.com\/de\/further-projects\/memory\/\"><img data-recalc-dims=\"1\" loading=\"lazy\" decoding=\"async\" width=\"764\" height=\"575\" data-attachment-id=\"313\" data-permalink=\"https:\/\/triggeredbymotion.com\/de\/further-projects-design-space\/ezgif-com-gif-maker-1\/\" data-orig-file=\"https:\/\/i0.wp.com\/triggeredbymotion.com\/wp-content\/uploads\/2022\/12\/ezgif.com-gif-maker-1.gif?fit=764%2C575&amp;ssl=1\" data-orig-size=\"764,575\" data-comments-opened=\"1\" data-image-meta=\"{&quot;aperture&quot;:&quot;0&quot;,&quot;credit&quot;:&quot;&quot;,&quot;camera&quot;:&quot;&quot;,&quot;caption&quot;:&quot;&quot;,&quot;created_timestamp&quot;:&quot;0&quot;,&quot;copyright&quot;:&quot;&quot;,&quot;focal_length&quot;:&quot;0&quot;,&quot;iso&quot;:&quot;0&quot;,&quot;shutter_speed&quot;:&quot;0&quot;,&quot;title&quot;:&quot;&quot;,&quot;orientation&quot;:&quot;0&quot;}\" data-image-title=\"ezgif.com-gif-maker-1\" data-image-description=\"\" data-image-caption=\"\" data-large-file=\"https:\/\/i0.wp.com\/triggeredbymotion.com\/wp-content\/uploads\/2022\/12\/ezgif.com-gif-maker-1.gif?fit=764%2C575&amp;ssl=1\" src=\"https:\/\/i0.wp.com\/triggeredbymotion.com\/wp-content\/uploads\/2022\/12\/ezgif.com-gif-maker-1.gif?resize=764%2C575&#038;ssl=1\" alt=\"\" class=\"has-border-color wp-image-313\" style=\"border-color:#00ff26;border-width:5px;width:311px;height:233px\"\/><\/a><figcaption class=\"wp-element-caption\"><a href=\"https:\/\/triggeredbymotion.com\/de\/further-projects\/memory\/\">SPOT THE SPOTS || <sup><sub>Das magnetische Wandmemory vermittelt, wie und warum Dr. Monica Bond (Universit\u00e4t Z\u00fcrich \/ Wild Nature Institute) in ihrer Forschung zu bedrohten Massai-Giraffen Mustererkennungssoftwares und KI-Anwendungen einsetzt.<\/sub><\/sup><\/a><\/figcaption><\/figure>\n<\/div>\n<\/div>\n\n\n\n<div class=\"wp-block-columns is-layout-flex wp-container-core-columns-is-layout-f56f613f wp-block-columns-is-layout-flex\">\n<div class=\"wp-block-column is-layout-flow wp-block-column-is-layout-flow\" style=\"flex-basis:66.66%\">\n<div style=\"height:15px\" aria-hidden=\"true\" class=\"wp-block-spacer\"><\/div>\n\n\n\n<figure class=\"wp-block-image size-large has-custom-border wp-duotone-unset-3\"><a href=\"https:\/\/triggeredbymotion.com\/de\/further-projects\/music\/\"><img data-recalc-dims=\"1\" loading=\"lazy\" decoding=\"async\" width=\"1024\" height=\"768\" data-attachment-id=\"2934\" data-permalink=\"https:\/\/triggeredbymotion.com\/de\/further-projects-design-space\/34240b20-3503-4ffc-a90e-72725abec4c4\/\" data-orig-file=\"https:\/\/i0.wp.com\/triggeredbymotion.com\/wp-content\/uploads\/2023\/06\/34240B20-3503-4FFC-A90E-72725ABEC4C4.jpeg?fit=1280%2C960&amp;ssl=1\" data-orig-size=\"1280,960\" data-comments-opened=\"1\" data-image-meta=\"{&quot;aperture&quot;:&quot;0&quot;,&quot;credit&quot;:&quot;&quot;,&quot;camera&quot;:&quot;&quot;,&quot;caption&quot;:&quot;&quot;,&quot;created_timestamp&quot;:&quot;0&quot;,&quot;copyright&quot;:&quot;&quot;,&quot;focal_length&quot;:&quot;0&quot;,&quot;iso&quot;:&quot;0&quot;,&quot;shutter_speed&quot;:&quot;0&quot;,&quot;title&quot;:&quot;&quot;,&quot;orientation&quot;:&quot;0&quot;}\" data-image-title=\"34240B20-3503-4FFC-A90E-72725ABEC4C4\" data-image-description=\"\" data-image-caption=\"\" data-large-file=\"https:\/\/i0.wp.com\/triggeredbymotion.com\/wp-content\/uploads\/2023\/06\/34240B20-3503-4FFC-A90E-72725ABEC4C4.jpeg?fit=1024%2C768&amp;ssl=1\" src=\"https:\/\/i0.wp.com\/triggeredbymotion.com\/wp-content\/uploads\/2023\/06\/34240B20-3503-4FFC-A90E-72725ABEC4C4.jpeg?resize=1024%2C768&#038;ssl=1\" alt=\"\" class=\"has-border-color wp-image-2934\" style=\"border-color:#00ff26;border-width:5px\" srcset=\"https:\/\/i0.wp.com\/triggeredbymotion.com\/wp-content\/uploads\/2023\/06\/34240B20-3503-4FFC-A90E-72725ABEC4C4.jpeg?resize=1024%2C768&amp;ssl=1 1024w, https:\/\/i0.wp.com\/triggeredbymotion.com\/wp-content\/uploads\/2023\/06\/34240B20-3503-4FFC-A90E-72725ABEC4C4.jpeg?resize=300%2C225&amp;ssl=1 300w, https:\/\/i0.wp.com\/triggeredbymotion.com\/wp-content\/uploads\/2023\/06\/34240B20-3503-4FFC-A90E-72725ABEC4C4.jpeg?resize=768%2C576&amp;ssl=1 768w, https:\/\/i0.wp.com\/triggeredbymotion.com\/wp-content\/uploads\/2023\/06\/34240B20-3503-4FFC-A90E-72725ABEC4C4.jpeg?resize=16%2C12&amp;ssl=1 16w, https:\/\/i0.wp.com\/triggeredbymotion.com\/wp-content\/uploads\/2023\/06\/34240B20-3503-4FFC-A90E-72725ABEC4C4.jpeg?resize=1200%2C900&amp;ssl=1 1200w, https:\/\/i0.wp.com\/triggeredbymotion.com\/wp-content\/uploads\/2023\/06\/34240B20-3503-4FFC-A90E-72725ABEC4C4.jpeg?resize=800%2C600&amp;ssl=1 800w, https:\/\/i0.wp.com\/triggeredbymotion.com\/wp-content\/uploads\/2023\/06\/34240B20-3503-4FFC-A90E-72725ABEC4C4.jpeg?resize=400%2C300&amp;ssl=1 400w, https:\/\/i0.wp.com\/triggeredbymotion.com\/wp-content\/uploads\/2023\/06\/34240B20-3503-4FFC-A90E-72725ABEC4C4.jpeg?resize=200%2C150&amp;ssl=1 200w, https:\/\/i0.wp.com\/triggeredbymotion.com\/wp-content\/uploads\/2023\/06\/34240B20-3503-4FFC-A90E-72725ABEC4C4.jpeg?w=1280&amp;ssl=1 1280w\" sizes=\"auto, (max-width: 1000px) 100vw, 1000px\" \/><\/a><figcaption class=\"wp-element-caption translation-block\"><a href=\"https:\/\/triggeredbymotion.com\/de\/further-projects\/music\/\" target=\"_self\">ZUZUH\u00d6REN GERUFEN || <sup><sub>Ausgehend von akustischen Artefakten aus der Feldforschung der Evolutionsanthropologin Prof. Kathelijne Koops (Universit\u00e4t Z\u00fcrich), stellt die Musikinstallation von Nikki Buzzi (Komposition &amp; Produktion) westliches musikalisches Denken und nicht-menschliche Kulturen einander gegen\u00fcber und thematisiert das Verschwinden von Lebensr\u00e4umen im Anthropoz\u00e4n.<\/sub><\/sup><\/a><\/figcaption><\/figure>\n\n\n\n\n\n<figure class=\"wp-block-image alignright size-large has-custom-border wp-duotone-unset-4\"><a href=\"https:\/\/www.art-science.uzh.ch\/de\/ausstellungen\/bits-bytes.html\" target=\"_blank\" rel=\"noreferrer noopener\"><img data-recalc-dims=\"1\" loading=\"lazy\" decoding=\"async\" width=\"724\" height=\"1024\" data-attachment-id=\"2344\" data-permalink=\"https:\/\/triggeredbymotion.com\/de\/further-projects\/rz_230414_npzz_sa_layout_poster_a0_druck\/\" data-orig-file=\"https:\/\/i0.wp.com\/triggeredbymotion.com\/wp-content\/uploads\/2023\/04\/RZ_230414_NPZZ_SA_Layout_Poster_A0_Druck.jpg?fit=3973%2C5617&amp;ssl=1\" data-orig-size=\"3973,5617\" data-comments-opened=\"1\" data-image-meta=\"{&quot;aperture&quot;:&quot;0&quot;,&quot;credit&quot;:&quot;&quot;,&quot;camera&quot;:&quot;&quot;,&quot;caption&quot;:&quot;&quot;,&quot;created_timestamp&quot;:&quot;0&quot;,&quot;copyright&quot;:&quot;&quot;,&quot;focal_length&quot;:&quot;0&quot;,&quot;iso&quot;:&quot;0&quot;,&quot;shutter_speed&quot;:&quot;0&quot;,&quot;title&quot;:&quot;&quot;,&quot;orientation&quot;:&quot;0&quot;}\" data-image-title=\"RZ_230414_NPZZ_SA_Layout_Poster_A0_Druck\" data-image-description=\"\" data-image-caption=\"\" data-large-file=\"https:\/\/i0.wp.com\/triggeredbymotion.com\/wp-content\/uploads\/2023\/04\/RZ_230414_NPZZ_SA_Layout_Poster_A0_Druck.jpg?fit=724%2C1024&amp;ssl=1\" src=\"https:\/\/i0.wp.com\/triggeredbymotion.com\/wp-content\/uploads\/2023\/04\/RZ_230414_NPZZ_SA_Layout_Poster_A0_Druck.jpg?resize=724%2C1024&#038;ssl=1\" alt=\"\" class=\"has-border-color wp-image-2344\" style=\"border-color:#00ff26;border-width:5px\" srcset=\"https:\/\/i0.wp.com\/triggeredbymotion.com\/wp-content\/uploads\/2023\/04\/RZ_230414_NPZZ_SA_Layout_Poster_A0_Druck.jpg?resize=724%2C1024&amp;ssl=1 724w, https:\/\/i0.wp.com\/triggeredbymotion.com\/wp-content\/uploads\/2023\/04\/RZ_230414_NPZZ_SA_Layout_Poster_A0_Druck.jpg?resize=212%2C300&amp;ssl=1 212w, https:\/\/i0.wp.com\/triggeredbymotion.com\/wp-content\/uploads\/2023\/04\/RZ_230414_NPZZ_SA_Layout_Poster_A0_Druck.jpg?resize=768%2C1086&amp;ssl=1 768w, https:\/\/i0.wp.com\/triggeredbymotion.com\/wp-content\/uploads\/2023\/04\/RZ_230414_NPZZ_SA_Layout_Poster_A0_Druck.jpg?resize=1086%2C1536&amp;ssl=1 1086w, https:\/\/i0.wp.com\/triggeredbymotion.com\/wp-content\/uploads\/2023\/04\/RZ_230414_NPZZ_SA_Layout_Poster_A0_Druck.jpg?resize=1449%2C2048&amp;ssl=1 1449w, https:\/\/i0.wp.com\/triggeredbymotion.com\/wp-content\/uploads\/2023\/04\/RZ_230414_NPZZ_SA_Layout_Poster_A0_Druck.jpg?resize=8%2C12&amp;ssl=1 8w, https:\/\/i0.wp.com\/triggeredbymotion.com\/wp-content\/uploads\/2023\/04\/RZ_230414_NPZZ_SA_Layout_Poster_A0_Druck.jpg?resize=1200%2C1697&amp;ssl=1 1200w, https:\/\/i0.wp.com\/triggeredbymotion.com\/wp-content\/uploads\/2023\/04\/RZ_230414_NPZZ_SA_Layout_Poster_A0_Druck.jpg?w=2000&amp;ssl=1 2000w, https:\/\/i0.wp.com\/triggeredbymotion.com\/wp-content\/uploads\/2023\/04\/RZ_230414_NPZZ_SA_Layout_Poster_A0_Druck.jpg?w=3000&amp;ssl=1 3000w\" sizes=\"auto, (max-width: 724px) 100vw, 724px\" \/><\/a><figcaption class=\"wp-element-caption translation-block\"><a href=\"https:\/\/www.art-science.uzh.ch\/de\/ausstellungen\/bits-bytes.html\" target=\"_self\">BITS, BYTES &amp; BIODIVERSIT\u00c4T || <sup><sub>K\u00fcnstliche Intelligenz f\u00fcr den Artenschutz: Diese Ausstellung l\u00e4sst Sie in aktuelle Forschungsprojekte der Universit\u00e4t Z\u00fcrich eintauchen. Sie zeigt vielversprechende digitale Methoden in der \u00d6kologie \u2013 weist aber auch darauf hin, dass Naturschutzprojekte nur funktionieren, wenn sie von allen mitgetragen werden.<\/sub><\/sup><\/a><\/figcaption><\/figure>\n<\/div>\n\n\n\n<div class=\"wp-block-column is-layout-flow wp-block-column-is-layout-flow\" style=\"flex-basis:33.33%\"><\/div>\n<\/div>\n\n\n\n<div class=\"wp-block-columns is-layout-flex wp-container-core-columns-is-layout-f56f613f wp-block-columns-is-layout-flex\">\n<div class=\"wp-block-column is-layout-flow wp-block-column-is-layout-flow\" style=\"flex-basis:66.66%\"><\/div>\n\n\n\n<div class=\"wp-block-column is-layout-flow wp-block-column-is-layout-flow\" style=\"flex-basis:33.33%\">\n<figure class=\"wp-block-image size-full has-custom-border\"><img data-recalc-dims=\"1\" loading=\"lazy\" decoding=\"async\" width=\"820\" height=\"632\" data-attachment-id=\"310\" data-permalink=\"https:\/\/triggeredbymotion.com\/de\/further-projects-design-space\/gedankenscherz_820px-820x632-1\/\" data-orig-file=\"https:\/\/i0.wp.com\/triggeredbymotion.com\/wp-content\/uploads\/2022\/12\/gedankenscherz_820px-820x632-1.jpeg?fit=820%2C632&amp;ssl=1\" data-orig-size=\"820,632\" data-comments-opened=\"1\" data-image-meta=\"{&quot;aperture&quot;:&quot;0&quot;,&quot;credit&quot;:&quot;&quot;,&quot;camera&quot;:&quot;&quot;,&quot;caption&quot;:&quot;&quot;,&quot;created_timestamp&quot;:&quot;0&quot;,&quot;copyright&quot;:&quot;&quot;,&quot;focal_length&quot;:&quot;0&quot;,&quot;iso&quot;:&quot;0&quot;,&quot;shutter_speed&quot;:&quot;0&quot;,&quot;title&quot;:&quot;&quot;,&quot;orientation&quot;:&quot;0&quot;}\" data-image-title=\"gedankenscherz_820px-820&amp;#215;632-1\" data-image-description=\"\" data-image-caption=\"\" data-large-file=\"https:\/\/i0.wp.com\/triggeredbymotion.com\/wp-content\/uploads\/2022\/12\/gedankenscherz_820px-820x632-1.jpeg?fit=820%2C632&amp;ssl=1\" src=\"https:\/\/i0.wp.com\/triggeredbymotion.com\/wp-content\/uploads\/2022\/12\/gedankenscherz_820px-820x632-1.jpeg?resize=820%2C632&#038;ssl=1\" alt=\"\" class=\"has-border-color wp-image-310\" style=\"border-color:#00ff26;border-width:5px\"\/><figcaption class=\"wp-element-caption translation-block\"><a href=\"https:\/\/triggeredbymotion.com\/de\/further-projects\/interaction\/\" target=\"_self\">Bewegte Begegnung || <sup><sub>Wer schafft es, die Wildtiere anzulocken?<\/sub><\/sup><\/a><\/figcaption><\/figure>\n<\/div>\n<\/div>\n<\/div>","protected":false},"excerpt":{"rendered":"","protected":false},"author":224396188,"featured_media":0,"parent":0,"menu_order":0,"comment_status":"closed","ping_status":"closed","template":"","meta":{"_crdt_document":"","footnotes":""},"class_list":["post-803","page","type-page","status-publish","hentry"],"yoast_head":"<!-- This site is optimized with the Yoast SEO plugin v27.4 - https:\/\/yoast.com\/product\/yoast-seo-wordpress\/ -->\n<title>Bits, Bytes &amp; Biodiversity<\/title>\n<meta name=\"description\" content=\"Triggered by Motion is constantly evolving. We are excited to announce our new exhibition Bits, Bytes &amp; Biodiversity.\" \/>\n<meta name=\"robots\" content=\"index, follow, max-snippet:-1, max-image-preview:large, max-video-preview:-1\" \/>\n<link rel=\"canonical\" href=\"https:\/\/triggeredbymotion.com\/de\/further-projects\/\" \/>\n<meta property=\"og:locale\" content=\"de_DE\" \/>\n<meta property=\"og:type\" content=\"article\" \/>\n<meta property=\"og:title\" content=\"Bits, Bytes &amp; Biodiversity\" \/>\n<meta property=\"og:description\" content=\"Triggered by Motion is constantly evolving. We are excited to announce our new exhibition Bits, Bytes &amp; Biodiversity.\" \/>\n<meta property=\"og:url\" content=\"https:\/\/triggeredbymotion.com\/de\/further-projects\/\" \/>\n<meta property=\"og:site_name\" content=\"Triggered by Motion\" \/>\n<meta property=\"article:publisher\" content=\"https:\/\/www.facebook.com\/TriggeredbyMotion\" \/>\n<meta property=\"article:modified_time\" content=\"2025-02-27T13:12:42+00:00\" \/>\n<meta property=\"og:image\" content=\"https:\/\/triggeredbymotion.com\/wp-content\/uploads\/2025\/02\/vlcsnap-2025-02-13-10h48m09s494.png\" \/>\n<meta name=\"twitter:card\" content=\"summary_large_image\" \/>\n<meta name=\"twitter:site\" content=\"@MotionTriggered\" \/>\n<meta name=\"twitter:label1\" content=\"Gesch\u00e4tzte Lesezeit\" \/>\n\t<meta name=\"twitter:data1\" content=\"2\u00a0Minuten\" \/>\n<script type=\"application\/ld+json\" class=\"yoast-schema-graph\">{\"@context\":\"https:\\\/\\\/schema.org\",\"@graph\":[{\"@type\":\"WebPage\",\"@id\":\"https:\\\/\\\/triggeredbymotion.com\\\/further-projects\\\/\",\"url\":\"https:\\\/\\\/triggeredbymotion.com\\\/further-projects\\\/\",\"name\":\"Bits, Bytes & Biodiversity\",\"isPartOf\":{\"@id\":\"https:\\\/\\\/triggeredbymotion.com\\\/#website\"},\"primaryImageOfPage\":{\"@id\":\"https:\\\/\\\/triggeredbymotion.com\\\/further-projects\\\/#primaryimage\"},\"image\":{\"@id\":\"https:\\\/\\\/triggeredbymotion.com\\\/further-projects\\\/#primaryimage\"},\"thumbnailUrl\":\"https:\\\/\\\/triggeredbymotion.com\\\/wp-content\\\/uploads\\\/2025\\\/02\\\/vlcsnap-2025-02-13-10h48m09s494.png\",\"datePublished\":\"2023-01-23T11:10:55+00:00\",\"dateModified\":\"2025-02-27T13:12:42+00:00\",\"description\":\"Triggered by Motion is constantly evolving. We are excited to announce our new exhibition Bits, Bytes & Biodiversity.\",\"breadcrumb\":{\"@id\":\"https:\\\/\\\/triggeredbymotion.com\\\/further-projects\\\/#breadcrumb\"},\"inLanguage\":\"de-CH\",\"potentialAction\":[{\"@type\":\"ReadAction\",\"target\":[\"https:\\\/\\\/triggeredbymotion.com\\\/further-projects\\\/\"]}]},{\"@type\":\"ImageObject\",\"inLanguage\":\"de-CH\",\"@id\":\"https:\\\/\\\/triggeredbymotion.com\\\/further-projects\\\/#primaryimage\",\"url\":\"https:\\\/\\\/triggeredbymotion.com\\\/wp-content\\\/uploads\\\/2025\\\/02\\\/vlcsnap-2025-02-13-10h48m09s494.png\",\"contentUrl\":\"https:\\\/\\\/triggeredbymotion.com\\\/wp-content\\\/uploads\\\/2025\\\/02\\\/vlcsnap-2025-02-13-10h48m09s494.png\"},{\"@type\":\"BreadcrumbList\",\"@id\":\"https:\\\/\\\/triggeredbymotion.com\\\/further-projects\\\/#breadcrumb\",\"itemListElement\":[{\"@type\":\"ListItem\",\"position\":1,\"name\":\"Home\",\"item\":\"https:\\\/\\\/triggeredbymotion.com\\\/\"},{\"@type\":\"ListItem\",\"position\":2,\"name\":\"further projects\"}]},{\"@type\":\"WebSite\",\"@id\":\"https:\\\/\\\/triggeredbymotion.com\\\/#website\",\"url\":\"https:\\\/\\\/triggeredbymotion.com\\\/\",\"name\":\"Triggered by Motion\",\"description\":\"a walk-in wildlife pavilion\",\"publisher\":{\"@id\":\"https:\\\/\\\/triggeredbymotion.com\\\/#organization\"},\"potentialAction\":[{\"@type\":\"SearchAction\",\"target\":{\"@type\":\"EntryPoint\",\"urlTemplate\":\"https:\\\/\\\/triggeredbymotion.com\\\/?s={search_term_string}\"},\"query-input\":{\"@type\":\"PropertyValueSpecification\",\"valueRequired\":true,\"valueName\":\"search_term_string\"}}],\"inLanguage\":\"de-CH\"},{\"@type\":\"Organization\",\"@id\":\"https:\\\/\\\/triggeredbymotion.com\\\/#organization\",\"name\":\"Triggered by Motion (Universit\u00e4t Z\u00fcrich)\",\"url\":\"https:\\\/\\\/triggeredbymotion.com\\\/\",\"logo\":{\"@type\":\"ImageObject\",\"inLanguage\":\"de-CH\",\"@id\":\"https:\\\/\\\/triggeredbymotion.com\\\/#\\\/schema\\\/logo\\\/image\\\/\",\"url\":\"https:\\\/\\\/i0.wp.com\\\/triggeredbymotion.com\\\/wp-content\\\/uploads\\\/2023\\\/02\\\/uzh_logo_tbm-1-1.webp?fit=1532%2C488&ssl=1\",\"contentUrl\":\"https:\\\/\\\/i0.wp.com\\\/triggeredbymotion.com\\\/wp-content\\\/uploads\\\/2023\\\/02\\\/uzh_logo_tbm-1-1.webp?fit=1532%2C488&ssl=1\",\"width\":1532,\"height\":488,\"caption\":\"Triggered by Motion (Universit\u00e4t Z\u00fcrich)\"},\"image\":{\"@id\":\"https:\\\/\\\/triggeredbymotion.com\\\/#\\\/schema\\\/logo\\\/image\\\/\"},\"sameAs\":[\"https:\\\/\\\/www.facebook.com\\\/TriggeredbyMotion\",\"https:\\\/\\\/x.com\\\/MotionTriggered\",\"https:\\\/\\\/www.instagram.com\\\/triggeredbymotion\\\/\"]}]}<\/script>\n<!-- \/ Yoast SEO plugin. -->","yoast_head_json":{"title":"Bits, Bytes & Biodiversity","description":"Triggered by Motion is constantly evolving. We are excited to announce our new exhibition Bits, Bytes & Biodiversity.","robots":{"index":"index","follow":"follow","max-snippet":"max-snippet:-1","max-image-preview":"max-image-preview:large","max-video-preview":"max-video-preview:-1"},"canonical":"https:\/\/triggeredbymotion.com\/de\/further-projects\/","og_locale":"de_DE","og_type":"article","og_title":"Bits, Bytes & Biodiversity","og_description":"Triggered by Motion is constantly evolving. We are excited to announce our new exhibition Bits, Bytes & Biodiversity.","og_url":"https:\/\/triggeredbymotion.com\/de\/further-projects\/","og_site_name":"Triggered by Motion","article_publisher":"https:\/\/www.facebook.com\/TriggeredbyMotion","article_modified_time":"2025-02-27T13:12:42+00:00","og_image":[{"url":"https:\/\/triggeredbymotion.com\/wp-content\/uploads\/2025\/02\/vlcsnap-2025-02-13-10h48m09s494.png","type":"","width":"","height":""}],"twitter_card":"summary_large_image","twitter_site":"@MotionTriggered","twitter_misc":{"Gesch\u00e4tzte Lesezeit":"2\u00a0Minuten"},"schema":{"@context":"https:\/\/schema.org","@graph":[{"@type":"WebPage","@id":"https:\/\/triggeredbymotion.com\/further-projects\/","url":"https:\/\/triggeredbymotion.com\/further-projects\/","name":"Bits, Bytes & Biodiversity","isPartOf":{"@id":"https:\/\/triggeredbymotion.com\/#website"},"primaryImageOfPage":{"@id":"https:\/\/triggeredbymotion.com\/further-projects\/#primaryimage"},"image":{"@id":"https:\/\/triggeredbymotion.com\/further-projects\/#primaryimage"},"thumbnailUrl":"https:\/\/triggeredbymotion.com\/wp-content\/uploads\/2025\/02\/vlcsnap-2025-02-13-10h48m09s494.png","datePublished":"2023-01-23T11:10:55+00:00","dateModified":"2025-02-27T13:12:42+00:00","description":"Triggered by Motion is constantly evolving. We are excited to announce our new exhibition Bits, Bytes & Biodiversity.","breadcrumb":{"@id":"https:\/\/triggeredbymotion.com\/further-projects\/#breadcrumb"},"inLanguage":"de-CH","potentialAction":[{"@type":"ReadAction","target":["https:\/\/triggeredbymotion.com\/further-projects\/"]}]},{"@type":"ImageObject","inLanguage":"de-CH","@id":"https:\/\/triggeredbymotion.com\/further-projects\/#primaryimage","url":"https:\/\/triggeredbymotion.com\/wp-content\/uploads\/2025\/02\/vlcsnap-2025-02-13-10h48m09s494.png","contentUrl":"https:\/\/triggeredbymotion.com\/wp-content\/uploads\/2025\/02\/vlcsnap-2025-02-13-10h48m09s494.png"},{"@type":"BreadcrumbList","@id":"https:\/\/triggeredbymotion.com\/further-projects\/#breadcrumb","itemListElement":[{"@type":"ListItem","position":1,"name":"Home","item":"https:\/\/triggeredbymotion.com\/"},{"@type":"ListItem","position":2,"name":"further projects"}]},{"@type":"WebSite","@id":"https:\/\/triggeredbymotion.com\/#website","url":"https:\/\/triggeredbymotion.com\/","name":"Triggered by Motion","description":"a walk-in wildlife pavilion","publisher":{"@id":"https:\/\/triggeredbymotion.com\/#organization"},"potentialAction":[{"@type":"SearchAction","target":{"@type":"EntryPoint","urlTemplate":"https:\/\/triggeredbymotion.com\/?s={search_term_string}"},"query-input":{"@type":"PropertyValueSpecification","valueRequired":true,"valueName":"search_term_string"}}],"inLanguage":"de-CH"},{"@type":"Organization","@id":"https:\/\/triggeredbymotion.com\/#organization","name":"Triggered by Motion (Universit\u00e4t Z\u00fcrich)","url":"https:\/\/triggeredbymotion.com\/","logo":{"@type":"ImageObject","inLanguage":"de-CH","@id":"https:\/\/triggeredbymotion.com\/#\/schema\/logo\/image\/","url":"https:\/\/i0.wp.com\/triggeredbymotion.com\/wp-content\/uploads\/2023\/02\/uzh_logo_tbm-1-1.webp?fit=1532%2C488&ssl=1","contentUrl":"https:\/\/i0.wp.com\/triggeredbymotion.com\/wp-content\/uploads\/2023\/02\/uzh_logo_tbm-1-1.webp?fit=1532%2C488&ssl=1","width":1532,"height":488,"caption":"Triggered by Motion (Universit\u00e4t Z\u00fcrich)"},"image":{"@id":"https:\/\/triggeredbymotion.com\/#\/schema\/logo\/image\/"},"sameAs":["https:\/\/www.facebook.com\/TriggeredbyMotion","https:\/\/x.com\/MotionTriggered","https:\/\/www.instagram.com\/triggeredbymotion\/"]}]}},"jetpack_likes_enabled":null,"jetpack_sharing_enabled":false,"jetpack-related-posts":[],"_links":{"self":[{"href":"https:\/\/triggeredbymotion.com\/de\/wp-json\/wp\/v2\/pages\/803","targetHints":{"allow":["GET"]}}],"collection":[{"href":"https:\/\/triggeredbymotion.com\/de\/wp-json\/wp\/v2\/pages"}],"about":[{"href":"https:\/\/triggeredbymotion.com\/de\/wp-json\/wp\/v2\/types\/page"}],"author":[{"embeddable":true,"href":"https:\/\/triggeredbymotion.com\/de\/wp-json\/wp\/v2\/users\/224396188"}],"replies":[{"embeddable":true,"href":"https:\/\/triggeredbymotion.com\/de\/wp-json\/wp\/v2\/comments?post=803"}],"version-history":[{"count":38,"href":"https:\/\/triggeredbymotion.com\/de\/wp-json\/wp\/v2\/pages\/803\/revisions"}],"predecessor-version":[{"id":5445,"href":"https:\/\/triggeredbymotion.com\/de\/wp-json\/wp\/v2\/pages\/803\/revisions\/5445"}],"wp:attachment":[{"href":"https:\/\/triggeredbymotion.com\/de\/wp-json\/wp\/v2\/media?parent=803"}],"curies":[{"name":"wp","href":"https:\/\/api.w.org\/{rel}","templated":true}]}}