{"id":811,"date":"2023-01-23T12:20:05","date_gmt":"2023-01-23T11:20:05","guid":{"rendered":"https:\/\/triggeredbymotion.com\/?page_id=811"},"modified":"2023-05-30T12:31:19","modified_gmt":"2023-05-30T10:31:19","slug":"oamaru","status":"publish","type":"page","link":"https:\/\/triggeredbymotion.com\/de\/locations\/oamaru\/","title":{"rendered":"OAMARU BLUE PENGUIN COLONY"},"content":{"rendered":"<h4 class=\"wp-block-heading has-text-color\" style=\"color:#00ff26\">Oamaru, Neuseeland<\/h4>\n\n\n\n<h6 class=\"wp-block-heading translation-block\"><strong>Philippa Agnew<\/strong>, Oamaru Blue Penguin Colony (OBPC) <br><\/h6>\n\n\n\n<p class=\"wp-block-paragraph\">An der S\u00fcdostk\u00fcste der S\u00fcdinsel Neuseelands liegt eine kleine Stadt namens Oamaru. In den 1860er-Jahren wurde an ihrem Rande ein Steinbruch errichtet. Das dort abgebaute Gestein wurde f\u00fcr den Bau des Hafens von Oamaru verwendet. Nach etwas mehr als hundert Jahren, in den fr\u00fchen 1970er-Jahren, wurde der Steinbruch stillgelegt \u2013 und bald darauf begannen kleine Pinguine das Gel\u00e4nde zu besiedeln.<\/p>\n\n\n\n<p class=\"wp-block-paragraph\"><\/p>\n\n\n\n<figure class=\"wp-block-video wp-block-embed is-type-video is-provider-videopress\"><div class=\"wp-block-embed__wrapper\">\n<iframe title=\"VideoPress Video Player\" aria-label='VideoPress Video Player' width='500' height='281' src='https:\/\/videopress.com\/embed\/TGofh4GL?cover=1&amp;autoPlay=1&amp;controls=0&amp;loop=1&amp;muted=1&amp;persistVolume=0&amp;preloadContent=metadata&amp;useAverageColor=1&amp;hd=0' frameborder='0' allowfullscreen data-resize-to-parent=\"true\" allow='clipboard-write'><\/iframe><script src='https:\/\/v0.wordpress.com\/js\/next\/videopress-iframe.js?m=1674852142'><\/script>\n<\/div><\/figure>\n\n\n\n<p class=\"wp-block-paragraph\">Die Pinguine waren ein kontroverses Thema in der Stadt. Der B\u00fcrgermeister und ein Teil des Stadtrats wollten, dass das Gel\u00e4nde als Industriegebiet erhalten bliebe, und die Pinguine wurden ausgez\u00e4unt. Gl\u00fccklicherweise konnten die Einwohnerinnen und Einwohner von Oamaru den Stadtrat schliesslich doch noch davon \u00fcberzeugen, den ehemaligen Steinbruch in ein gesch\u00fctztes Brutgebiet f\u00fcr die Pinguine umzuwandeln, und 1992 wurde die Oamaru Blue Penguin Colony gegr\u00fcndet. Seitdem ist die Population auf mehrere hundert kleine Pinguine angewachsen. Heute ist Oamaru eine der gr\u00f6ssten wissenschaftlich \u00fcberwachten Pinguinkolonien Neuseelands. Hier hat Philippa Agnew, wissenschaftliche Mitarbeiterin in der Oamaru Blue Penguin Colony, eine Kamera f\u00fcr Triggered by Motion installiert.<\/p>\n\n\n\n<p class=\"wp-block-paragraph translation-block\">Zwergpinguine (<i>Eudyptula minor<\/i>) sind winzig: gerade einmal 30 Zentimeter werden sie gross. In der Kolonie studieren Forscherinnen und Forscher ihr Brutverhalten und den Einfluss von Umwelt- und anderen \u00e4usseren Faktoren auf die kleinen Tiere. Die Kamera von Triggered by Motion hat aber auch einige ihrer Artgenossen eingefangen. Hauskatzen (<i>Felis catus<\/i>), Kaninchen (<i>Oryctolagus cuniculus<\/i>) und Ratten (<i>Rattus norvegicus<\/i>) tauchen relativ h\u00e4ufig in den Aufnahmen auf. Sie wurden mit den ersten europ\u00e4ischen Siedlern vor vielen hundert Jahren nach Neuseeland gebracht. Einige dieser S\u00e4ugetiere sind Raubtiere. Die Forscherinnen und Forscher in der Kolonie stellen Fallen auf, um die Pinguine vor ihnen zu sch\u00fctzen.<\/p>\n\n\n\n<p class=\"wp-block-paragraph\"><\/p>\n\n\n\n<div class=\"wp-block-jetpack-slideshow aligncenter\" data-effect=\"slide\"><div class=\"wp-block-jetpack-slideshow_container swiper-container\"><ul class=\"wp-block-jetpack-slideshow_swiper-wrapper swiper-wrapper\"><li class=\"wp-block-jetpack-slideshow_slide swiper-slide\"><figure><img data-recalc-dims=\"1\" loading=\"lazy\" decoding=\"async\" width=\"1024\" height=\"576\" alt=\"\" class=\"wp-block-jetpack-slideshow_image wp-image-822\" data-id=\"822\" src=\"https:\/\/i0.wp.com\/triggeredbymotion.com\/wp-content\/uploads\/2023\/01\/NewZealand_003.png?resize=1024%2C576&#038;ssl=1\"\/><\/figure><\/li><li class=\"wp-block-jetpack-slideshow_slide swiper-slide\"><figure><img data-recalc-dims=\"1\" loading=\"lazy\" decoding=\"async\" width=\"600\" height=\"338\" alt=\"\" class=\"wp-block-jetpack-slideshow_image wp-image-1219\" data-id=\"1219\" src=\"https:\/\/i0.wp.com\/triggeredbymotion.com\/wp-content\/uploads\/2023\/02\/ezgif.com-video-to-gif.gif?resize=600%2C338&#038;ssl=1\"\/><\/figure><\/li><li class=\"wp-block-jetpack-slideshow_slide swiper-slide\"><figure><img data-recalc-dims=\"1\" loading=\"lazy\" decoding=\"async\" width=\"1024\" height=\"576\" alt=\"\" class=\"wp-block-jetpack-slideshow_image wp-image-823\" data-id=\"823\" src=\"https:\/\/i0.wp.com\/triggeredbymotion.com\/wp-content\/uploads\/2023\/01\/NewZealand_005.png?resize=1024%2C576&#038;ssl=1\"\/><\/figure><\/li><li class=\"wp-block-jetpack-slideshow_slide swiper-slide\"><figure><img data-recalc-dims=\"1\" loading=\"lazy\" decoding=\"async\" width=\"1024\" height=\"576\" alt=\"\" class=\"wp-block-jetpack-slideshow_image wp-image-820\" data-id=\"820\" src=\"https:\/\/i0.wp.com\/triggeredbymotion.com\/wp-content\/uploads\/2023\/01\/NewZealand_004.png?resize=1024%2C576&#038;ssl=1\"\/><\/figure><\/li><li class=\"wp-block-jetpack-slideshow_slide swiper-slide\"><figure><img data-recalc-dims=\"1\" loading=\"lazy\" decoding=\"async\" width=\"600\" height=\"338\" alt=\"\" class=\"wp-block-jetpack-slideshow_image wp-image-1218\" data-id=\"1218\" src=\"https:\/\/i0.wp.com\/triggeredbymotion.com\/wp-content\/uploads\/2023\/02\/ezgif.com-video-to-gif-1.gif?resize=600%2C338&#038;ssl=1\"\/><\/figure><\/li><\/ul><a class=\"wp-block-jetpack-slideshow_button-prev swiper-button-prev swiper-button-white\" role=\"button\"><\/a><a class=\"wp-block-jetpack-slideshow_button-next swiper-button-next swiper-button-white\" role=\"button\"><\/a><a aria-label=\"Pause Slideshow\" class=\"wp-block-jetpack-slideshow_button-pause\" role=\"button\"><\/a><div class=\"wp-block-jetpack-slideshow_pagination swiper-pagination swiper-pagination-white\"><\/div><\/div><\/div>\n\n\n\n<p class=\"wp-block-paragraph translation-block\">Auch Pelzrobben (<i>Arctocephalus forsteri<\/i>) wurden recht h\u00e4ufig beobachtet: Sie ruhen sich gerne auf den Felsen der Kolonie aus, obwohl es in der N\u00e4he keine ans\u00e4ssigen Robbenpopulationen gibt. Fr\u00fcher war ihr Bestand gr\u00f6sser; bis Mitte des 20. Jahrhunderts aber betrieb man auf Neuseeland kommerzielle Robbenjagd, die viele Tiere das Leben kostete.<\/p>\n\n\n\n<p class=\"wp-block-paragraph\">Der Bestand vieler einheimischer Arten in Neuseeland geht zur\u00fcck. Deshalb besteht ein Anreiz, die Artenvielfalt und alle einheimischen Arten zu sch\u00fctzen. Die Zwergpinguine werden von der International Union for Conservation of Nature (IUCN) aufgrund ihrer weiten Verbreitung in Neuseeland und S\u00fcdaustralien zwar als \u00ableast concern\u00bb eingestuft, was bedeutet, dass ihr Bestand stabil ist. In Neuseeland geht man jedoch davon aus, dass die Zahl der Pinguine entgegen dieser Einstufung zur\u00fcckgeht \u2013 insbesondere an Standorten, an denen sie nicht gesch\u00fctzt sind.<\/p>\n\n\n\n<p class=\"wp-block-paragraph\"><\/p>\n\n\n\n<figure class=\"wp-block-image size-large is-resized\"><img data-recalc-dims=\"1\" decoding=\"async\" data-attachment-id=\"828\" data-permalink=\"https:\/\/triggeredbymotion.com\/de\/locations\/oamaru\/newzealand_001-2\/\" data-orig-file=\"https:\/\/i0.wp.com\/triggeredbymotion.com\/wp-content\/uploads\/2023\/01\/NewZealand_001.png?fit=1920%2C1080&amp;ssl=1\" data-orig-size=\"1920,1080\" data-comments-opened=\"1\" data-image-meta=\"{&quot;aperture&quot;:&quot;0&quot;,&quot;credit&quot;:&quot;&quot;,&quot;camera&quot;:&quot;&quot;,&quot;caption&quot;:&quot;&quot;,&quot;created_timestamp&quot;:&quot;0&quot;,&quot;copyright&quot;:&quot;&quot;,&quot;focal_length&quot;:&quot;0&quot;,&quot;iso&quot;:&quot;0&quot;,&quot;shutter_speed&quot;:&quot;0&quot;,&quot;title&quot;:&quot;&quot;,&quot;orientation&quot;:&quot;0&quot;}\" data-image-title=\"NewZealand_001\" data-image-description=\"\" data-image-caption=\"\" data-large-file=\"https:\/\/i0.wp.com\/triggeredbymotion.com\/wp-content\/uploads\/2023\/01\/NewZealand_001.png?fit=1024%2C576&amp;ssl=1\" src=\"https:\/\/i0.wp.com\/triggeredbymotion.com\/wp-content\/uploads\/2023\/01\/NewZealand_001.png?w=600&#038;ssl=1\" alt=\"\" class=\"wp-image-828\"  srcset=\"https:\/\/i0.wp.com\/triggeredbymotion.com\/wp-content\/uploads\/2023\/01\/NewZealand_001.png?resize=1024%2C576&amp;ssl=1 1024w, https:\/\/i0.wp.com\/triggeredbymotion.com\/wp-content\/uploads\/2023\/01\/NewZealand_001.png?resize=300%2C169&amp;ssl=1 300w, https:\/\/i0.wp.com\/triggeredbymotion.com\/wp-content\/uploads\/2023\/01\/NewZealand_001.png?resize=768%2C432&amp;ssl=1 768w, https:\/\/i0.wp.com\/triggeredbymotion.com\/wp-content\/uploads\/2023\/01\/NewZealand_001.png?resize=1536%2C864&amp;ssl=1 1536w, https:\/\/i0.wp.com\/triggeredbymotion.com\/wp-content\/uploads\/2023\/01\/NewZealand_001.png?resize=1200%2C675&amp;ssl=1 1200w, https:\/\/i0.wp.com\/triggeredbymotion.com\/wp-content\/uploads\/2023\/01\/NewZealand_001.png?w=1920&amp;ssl=1 1920w\" sizes=\"(max-width: 1000px) 100vw, 1000px\" \/><\/figure>\n\n\n\n<p class=\"wp-block-paragraph\">Das macht die Oamaru Blue Penguin Colony so wichtig \u2013 denn hier hat die Zahl der Pinguine im Laufe der Zeit zugenommen. Als die Kolonie Anfang der 1990er-Jahre als Forschungsst\u00e4tte eingerichtet wurde, pflanzten die Wissenschaftlerinnen und Wissenschaftler nicht nur einheimische Gr\u00e4ser und B\u00e4ume in den ehemaligen Steinbruch, sondern zimmerten auch Holzkisten, in denen die Pinguine nisten k\u00f6nnen. Ohne diese Kisten w\u00fcrden die Pinguine in einer in den Boden oder in den Sand gegrabenen H\u00f6hle oder zwischen den Felsen nisten. Weil aber die Nistk\u00e4sten nicht zusammenbrechen oder \u00fcberflutet werden, wie es in der Natur der Fall ist, haben sie dort einen h\u00f6heren Bruterfolg. Die Nistk\u00e4sten sind eine der Massnahmen, die ergriffen wurden, um das Wachstum der Kolonie zu f\u00f6rdern. Und das hat sich ausgezahlt: Im Laufe der Jahre stieg die Zahl von 33 Brutpaaren im Jahr 1993 auf 279 Paare im Jahr 2022.<\/p>\n\n\n\n<p class=\"wp-block-paragraph\">Trotzdem sind die kleinen Zwergpinguine von Oamaru nicht sicher. Der Klimawandel ist f\u00fcr sie eine grosse Bedrohung: Es wird erwartet, dass St\u00fcrme in den n\u00e4chsten Jahren an Intensit\u00e4t und H\u00e4ufigkeit zunehmen werden. Weil st\u00fcrmisches Wetter die Nahrungssuche f\u00fcr die Pinguine sehr erschwert, k\u00f6nnten sich ihre \u00dcberlebensraten und Populationszahlen langfristig verschlechtern.<\/p>\n\n\n\n<p class=\"wp-block-paragraph\">Philippa Agnew von der Oamaru Blue Penguin Colony ist traurig \u00fcber die Sch\u00e4den, die der Mensch dem Planeten und seinem Klima zuf\u00fcgt. Deshalb sch\u00e4tzt sie es, an Projekten wie Triggered by Motion teilzunehmen: Projekte, die Menschen aufkl\u00e4ren und sie dazu ermutigen sollen, sich mehr um Wildtiere und Naturr\u00e4ume zu k\u00fcmmern.<\/p>\n\n\n\n<p class=\"wp-block-paragraph\"><\/p>","protected":false},"excerpt":{"rendered":"<p>Oamaru, New Zealand Philippa Agnew, Oamaru Blue Penguin Colony (OBPC) On the south-east coast of the South Island of New Zealand lies a small town called Oamaru. In the 1860s, a quarry was built on its outskirts. The rock extracted there was used to build the harbour of Oamaru. In the early 1970s, however, the [&hellip;]<\/p>\n","protected":false},"author":224396188,"featured_media":0,"parent":12,"menu_order":0,"comment_status":"closed","ping_status":"closed","template":"","meta":{"_crdt_document":"","footnotes":""},"class_list":["post-811","page","type-page","status-publish","hentry"],"yoast_head":"<!-- This site is optimized with the Yoast SEO plugin v27.5 - https:\/\/yoast.com\/product\/yoast-seo-wordpress\/ -->\n<title>Oamaru Blue Penguin Colony x Triggered by Motion<\/title>\n<meta name=\"description\" content=\"Oamaru Blue Penguin Colony has harbored a colony of blue penguins since 1992. They settled in a former quarry in the 1970s and now number between 500 and 600 animals. Research is being conducted into their breeding behavior, as well as the influence of environmental and other external factors on the penguins, which each measure just 30 cm in height.\" \/>\n<meta name=\"robots\" content=\"index, follow, max-snippet:-1, max-image-preview:large, max-video-preview:-1\" \/>\n<link rel=\"canonical\" href=\"https:\/\/triggeredbymotion.com\/de\/locations\/oamaru\/\" \/>\n<meta property=\"og:locale\" content=\"de_DE\" \/>\n<meta property=\"og:type\" content=\"article\" \/>\n<meta property=\"og:title\" content=\"Oamaru Blue Penguin Colony x Triggered by Motion\" \/>\n<meta property=\"og:description\" content=\"Oamaru Blue Penguin Colony has harbored a colony of blue penguins since 1992. They settled in a former quarry in the 1970s and now number between 500 and 600 animals. Research is being conducted into their breeding behavior, as well as the influence of environmental and other external factors on the penguins, which each measure just 30 cm in height.\" \/>\n<meta property=\"og:url\" content=\"https:\/\/triggeredbymotion.com\/de\/locations\/oamaru\/\" \/>\n<meta property=\"og:site_name\" content=\"Triggered by Motion\" \/>\n<meta property=\"article:publisher\" content=\"https:\/\/www.facebook.com\/TriggeredbyMotion\" \/>\n<meta property=\"article:modified_time\" content=\"2023-05-30T10:31:19+00:00\" \/>\n<meta property=\"og:image\" content=\"https:\/\/triggeredbymotion.com\/wp-content\/uploads\/2023\/01\/NewZealand_003-1024x576.png\" \/>\n<meta name=\"twitter:card\" content=\"summary_large_image\" \/>\n<meta name=\"twitter:site\" content=\"@MotionTriggered\" \/>\n<meta name=\"twitter:label1\" content=\"Gesch\u00e4tzte Lesezeit\" \/>\n\t<meta name=\"twitter:data1\" content=\"4\u00a0Minuten\" \/>\n<script type=\"application\/ld+json\" class=\"yoast-schema-graph\">{\"@context\":\"https:\\\/\\\/schema.org\",\"@graph\":[{\"@type\":\"WebPage\",\"@id\":\"https:\\\/\\\/triggeredbymotion.com\\\/locations\\\/oamaru\\\/\",\"url\":\"https:\\\/\\\/triggeredbymotion.com\\\/locations\\\/oamaru\\\/\",\"name\":\"Oamaru Blue Penguin Colony x Triggered by Motion\",\"isPartOf\":{\"@id\":\"https:\\\/\\\/triggeredbymotion.com\\\/#website\"},\"primaryImageOfPage\":{\"@id\":\"https:\\\/\\\/triggeredbymotion.com\\\/locations\\\/oamaru\\\/#primaryimage\"},\"image\":{\"@id\":\"https:\\\/\\\/triggeredbymotion.com\\\/locations\\\/oamaru\\\/#primaryimage\"},\"thumbnailUrl\":\"https:\\\/\\\/triggeredbymotion.com\\\/wp-content\\\/uploads\\\/2023\\\/01\\\/NewZealand_003-1024x576.png\",\"datePublished\":\"2023-01-23T11:20:05+00:00\",\"dateModified\":\"2023-05-30T10:31:19+00:00\",\"description\":\"Oamaru Blue Penguin Colony has harbored a colony of blue penguins since 1992. They settled in a former quarry in the 1970s and now number between 500 and 600 animals. Research is being conducted into their breeding behavior, as well as the influence of environmental and other external factors on the penguins, which each measure just 30 cm in height.\",\"breadcrumb\":{\"@id\":\"https:\\\/\\\/triggeredbymotion.com\\\/locations\\\/oamaru\\\/#breadcrumb\"},\"inLanguage\":\"de-CH\",\"potentialAction\":[{\"@type\":\"ReadAction\",\"target\":[\"https:\\\/\\\/triggeredbymotion.com\\\/locations\\\/oamaru\\\/\"]}]},{\"@type\":\"ImageObject\",\"inLanguage\":\"de-CH\",\"@id\":\"https:\\\/\\\/triggeredbymotion.com\\\/locations\\\/oamaru\\\/#primaryimage\",\"url\":\"https:\\\/\\\/triggeredbymotion.com\\\/wp-content\\\/uploads\\\/2023\\\/01\\\/NewZealand_003-1024x576.png\",\"contentUrl\":\"https:\\\/\\\/triggeredbymotion.com\\\/wp-content\\\/uploads\\\/2023\\\/01\\\/NewZealand_003-1024x576.png\"},{\"@type\":\"BreadcrumbList\",\"@id\":\"https:\\\/\\\/triggeredbymotion.com\\\/locations\\\/oamaru\\\/#breadcrumb\",\"itemListElement\":[{\"@type\":\"ListItem\",\"position\":1,\"name\":\"Home\",\"item\":\"https:\\\/\\\/triggeredbymotion.com\\\/\"},{\"@type\":\"ListItem\",\"position\":2,\"name\":\"camera locations\",\"item\":\"https:\\\/\\\/triggeredbymotion.com\\\/locations\\\/\"},{\"@type\":\"ListItem\",\"position\":3,\"name\":\"OAMARU BLUE PENGUIN COLONY\"}]},{\"@type\":\"WebSite\",\"@id\":\"https:\\\/\\\/triggeredbymotion.com\\\/#website\",\"url\":\"https:\\\/\\\/triggeredbymotion.com\\\/\",\"name\":\"Triggered by Motion\",\"description\":\"a walk-in wildlife pavilion\",\"publisher\":{\"@id\":\"https:\\\/\\\/triggeredbymotion.com\\\/#organization\"},\"potentialAction\":[{\"@type\":\"SearchAction\",\"target\":{\"@type\":\"EntryPoint\",\"urlTemplate\":\"https:\\\/\\\/triggeredbymotion.com\\\/?s={search_term_string}\"},\"query-input\":{\"@type\":\"PropertyValueSpecification\",\"valueRequired\":true,\"valueName\":\"search_term_string\"}}],\"inLanguage\":\"de-CH\"},{\"@type\":\"Organization\",\"@id\":\"https:\\\/\\\/triggeredbymotion.com\\\/#organization\",\"name\":\"Triggered by Motion (Universit\u00e4t Z\u00fcrich)\",\"url\":\"https:\\\/\\\/triggeredbymotion.com\\\/\",\"logo\":{\"@type\":\"ImageObject\",\"inLanguage\":\"de-CH\",\"@id\":\"https:\\\/\\\/triggeredbymotion.com\\\/#\\\/schema\\\/logo\\\/image\\\/\",\"url\":\"https:\\\/\\\/i0.wp.com\\\/triggeredbymotion.com\\\/wp-content\\\/uploads\\\/2023\\\/02\\\/uzh_logo_tbm-1-1.webp?fit=1532%2C488&ssl=1\",\"contentUrl\":\"https:\\\/\\\/i0.wp.com\\\/triggeredbymotion.com\\\/wp-content\\\/uploads\\\/2023\\\/02\\\/uzh_logo_tbm-1-1.webp?fit=1532%2C488&ssl=1\",\"width\":1532,\"height\":488,\"caption\":\"Triggered by Motion (Universit\u00e4t Z\u00fcrich)\"},\"image\":{\"@id\":\"https:\\\/\\\/triggeredbymotion.com\\\/#\\\/schema\\\/logo\\\/image\\\/\"},\"sameAs\":[\"https:\\\/\\\/www.facebook.com\\\/TriggeredbyMotion\",\"https:\\\/\\\/x.com\\\/MotionTriggered\",\"https:\\\/\\\/www.instagram.com\\\/triggeredbymotion\\\/\"]}]}<\/script>\n<!-- \/ Yoast SEO plugin. -->","yoast_head_json":{"title":"Oamaru Blue Penguin Colony x Triggered by Motion","description":"Oamaru Blue Penguin Colony has harbored a colony of blue penguins since 1992. They settled in a former quarry in the 1970s and now number between 500 and 600 animals. Research is being conducted into their breeding behavior, as well as the influence of environmental and other external factors on the penguins, which each measure just 30 cm in height.","robots":{"index":"index","follow":"follow","max-snippet":"max-snippet:-1","max-image-preview":"max-image-preview:large","max-video-preview":"max-video-preview:-1"},"canonical":"https:\/\/triggeredbymotion.com\/de\/locations\/oamaru\/","og_locale":"de_DE","og_type":"article","og_title":"Oamaru Blue Penguin Colony x Triggered by Motion","og_description":"Oamaru Blue Penguin Colony has harbored a colony of blue penguins since 1992. They settled in a former quarry in the 1970s and now number between 500 and 600 animals. Research is being conducted into their breeding behavior, as well as the influence of environmental and other external factors on the penguins, which each measure just 30 cm in height.","og_url":"https:\/\/triggeredbymotion.com\/de\/locations\/oamaru\/","og_site_name":"Triggered by Motion","article_publisher":"https:\/\/www.facebook.com\/TriggeredbyMotion","article_modified_time":"2023-05-30T10:31:19+00:00","og_image":[{"url":"https:\/\/triggeredbymotion.com\/wp-content\/uploads\/2023\/01\/NewZealand_003-1024x576.png","type":"","width":"","height":""}],"twitter_card":"summary_large_image","twitter_site":"@MotionTriggered","twitter_misc":{"Gesch\u00e4tzte Lesezeit":"4\u00a0Minuten"},"schema":{"@context":"https:\/\/schema.org","@graph":[{"@type":"WebPage","@id":"https:\/\/triggeredbymotion.com\/locations\/oamaru\/","url":"https:\/\/triggeredbymotion.com\/locations\/oamaru\/","name":"Oamaru Blue Penguin Colony x Triggered by Motion","isPartOf":{"@id":"https:\/\/triggeredbymotion.com\/#website"},"primaryImageOfPage":{"@id":"https:\/\/triggeredbymotion.com\/locations\/oamaru\/#primaryimage"},"image":{"@id":"https:\/\/triggeredbymotion.com\/locations\/oamaru\/#primaryimage"},"thumbnailUrl":"https:\/\/triggeredbymotion.com\/wp-content\/uploads\/2023\/01\/NewZealand_003-1024x576.png","datePublished":"2023-01-23T11:20:05+00:00","dateModified":"2023-05-30T10:31:19+00:00","description":"Oamaru Blue Penguin Colony has harbored a colony of blue penguins since 1992. They settled in a former quarry in the 1970s and now number between 500 and 600 animals. Research is being conducted into their breeding behavior, as well as the influence of environmental and other external factors on the penguins, which each measure just 30 cm in height.","breadcrumb":{"@id":"https:\/\/triggeredbymotion.com\/locations\/oamaru\/#breadcrumb"},"inLanguage":"de-CH","potentialAction":[{"@type":"ReadAction","target":["https:\/\/triggeredbymotion.com\/locations\/oamaru\/"]}]},{"@type":"ImageObject","inLanguage":"de-CH","@id":"https:\/\/triggeredbymotion.com\/locations\/oamaru\/#primaryimage","url":"https:\/\/triggeredbymotion.com\/wp-content\/uploads\/2023\/01\/NewZealand_003-1024x576.png","contentUrl":"https:\/\/triggeredbymotion.com\/wp-content\/uploads\/2023\/01\/NewZealand_003-1024x576.png"},{"@type":"BreadcrumbList","@id":"https:\/\/triggeredbymotion.com\/locations\/oamaru\/#breadcrumb","itemListElement":[{"@type":"ListItem","position":1,"name":"Home","item":"https:\/\/triggeredbymotion.com\/"},{"@type":"ListItem","position":2,"name":"camera locations","item":"https:\/\/triggeredbymotion.com\/locations\/"},{"@type":"ListItem","position":3,"name":"OAMARU BLUE PENGUIN COLONY"}]},{"@type":"WebSite","@id":"https:\/\/triggeredbymotion.com\/#website","url":"https:\/\/triggeredbymotion.com\/","name":"Triggered by Motion","description":"a walk-in wildlife pavilion","publisher":{"@id":"https:\/\/triggeredbymotion.com\/#organization"},"potentialAction":[{"@type":"SearchAction","target":{"@type":"EntryPoint","urlTemplate":"https:\/\/triggeredbymotion.com\/?s={search_term_string}"},"query-input":{"@type":"PropertyValueSpecification","valueRequired":true,"valueName":"search_term_string"}}],"inLanguage":"de-CH"},{"@type":"Organization","@id":"https:\/\/triggeredbymotion.com\/#organization","name":"Triggered by Motion (Universit\u00e4t Z\u00fcrich)","url":"https:\/\/triggeredbymotion.com\/","logo":{"@type":"ImageObject","inLanguage":"de-CH","@id":"https:\/\/triggeredbymotion.com\/#\/schema\/logo\/image\/","url":"https:\/\/i0.wp.com\/triggeredbymotion.com\/wp-content\/uploads\/2023\/02\/uzh_logo_tbm-1-1.webp?fit=1532%2C488&ssl=1","contentUrl":"https:\/\/i0.wp.com\/triggeredbymotion.com\/wp-content\/uploads\/2023\/02\/uzh_logo_tbm-1-1.webp?fit=1532%2C488&ssl=1","width":1532,"height":488,"caption":"Triggered by Motion (Universit\u00e4t Z\u00fcrich)"},"image":{"@id":"https:\/\/triggeredbymotion.com\/#\/schema\/logo\/image\/"},"sameAs":["https:\/\/www.facebook.com\/TriggeredbyMotion","https:\/\/x.com\/MotionTriggered","https:\/\/www.instagram.com\/triggeredbymotion\/"]}]}},"jetpack_likes_enabled":true,"jetpack_sharing_enabled":true,"jetpack-related-posts":[],"_links":{"self":[{"href":"https:\/\/triggeredbymotion.com\/de\/wp-json\/wp\/v2\/pages\/811","targetHints":{"allow":["GET"]}}],"collection":[{"href":"https:\/\/triggeredbymotion.com\/de\/wp-json\/wp\/v2\/pages"}],"about":[{"href":"https:\/\/triggeredbymotion.com\/de\/wp-json\/wp\/v2\/types\/page"}],"author":[{"embeddable":true,"href":"https:\/\/triggeredbymotion.com\/de\/wp-json\/wp\/v2\/users\/224396188"}],"replies":[{"embeddable":true,"href":"https:\/\/triggeredbymotion.com\/de\/wp-json\/wp\/v2\/comments?post=811"}],"version-history":[{"count":28,"href":"https:\/\/triggeredbymotion.com\/de\/wp-json\/wp\/v2\/pages\/811\/revisions"}],"predecessor-version":[{"id":2848,"href":"https:\/\/triggeredbymotion.com\/de\/wp-json\/wp\/v2\/pages\/811\/revisions\/2848"}],"up":[{"embeddable":true,"href":"https:\/\/triggeredbymotion.com\/de\/wp-json\/wp\/v2\/pages\/12"}],"wp:attachment":[{"href":"https:\/\/triggeredbymotion.com\/de\/wp-json\/wp\/v2\/media?parent=811"}],"curies":[{"name":"wp","href":"https:\/\/api.w.org\/{rel}","templated":true}]}}