{"id":872,"date":"2023-01-28T13:26:26","date_gmt":"2023-01-28T12:26:26","guid":{"rendered":"https:\/\/triggeredbymotion.com\/?page_id=872"},"modified":"2023-05-30T12:20:09","modified_gmt":"2023-05-30T10:20:09","slug":"kalahari","status":"publish","type":"page","link":"https:\/\/triggeredbymotion.com\/de\/locations\/kalahari\/","title":{"rendered":"KURUMAN RIVER RESERVE"},"content":{"rendered":"<h4 class=\"wp-block-heading has-text-color\" style=\"color:#00ff26\">Kalahari, S\u00fcdafrika<\/h4>\n\n\n\n<h6 class=\"wp-block-heading translation-block\"><strong>Marta Manser<\/strong>, Universit\u00e4t Z\u00fcrich<br><strong>Brigitte Spillmann<\/strong>, Universit\u00e4t Z\u00fcrich<br><strong>Zoe Turner<\/strong>, Kalahari Research Centre<\/h6>\n\n\n\n<p class=\"wp-block-paragraph\">Die Kalahari ist eine semi-aride, das heisst halbtrockene W\u00fcste: Die Sommer sind heiss und feucht, die Winter kalt und trocken. Im Laufe des Jahres ver\u00e4ndert sich die Landschaft, und die trockene Sandw\u00fcste wird von saurem Gras und kleinen Str\u00e4uchern \u00fcberwachsen. Hier liegt das Kalahari Research Centre, wo die Verhaltens\u00f6kologin Marta Manser seit \u00fcber 20 Jahren Erdm\u00e4nnchen erforscht.<\/p>\n\n\n\n<p class=\"wp-block-paragraph\"><\/p>\n\n\n\n<figure class=\"wp-block-image size-full\"><img data-recalc-dims=\"1\" decoding=\"async\" data-attachment-id=\"1228\" data-permalink=\"https:\/\/triggeredbymotion.com\/de\/locations\/ezgif-com-video-to-gif-2-1\/\" data-orig-file=\"https:\/\/i0.wp.com\/triggeredbymotion.com\/wp-content\/uploads\/2023\/02\/ezgif.com-video-to-gif-2-1-e1685447349315.gif?fit=400%2C226&amp;ssl=1\" data-orig-size=\"400,226\" data-comments-opened=\"1\" data-image-meta=\"{&quot;aperture&quot;:&quot;0&quot;,&quot;credit&quot;:&quot;&quot;,&quot;camera&quot;:&quot;&quot;,&quot;caption&quot;:&quot;&quot;,&quot;created_timestamp&quot;:&quot;0&quot;,&quot;copyright&quot;:&quot;&quot;,&quot;focal_length&quot;:&quot;0&quot;,&quot;iso&quot;:&quot;0&quot;,&quot;shutter_speed&quot;:&quot;0&quot;,&quot;title&quot;:&quot;&quot;,&quot;orientation&quot;:&quot;0&quot;}\" data-image-title=\"ezgif.com-video-to-gif-2-1\" data-image-description=\"\" data-image-caption=\"\" data-large-file=\"https:\/\/i0.wp.com\/triggeredbymotion.com\/wp-content\/uploads\/2023\/02\/ezgif.com-video-to-gif-2-1-e1685447349315.gif?fit=400%2C226&amp;ssl=1\" src=\"https:\/\/i0.wp.com\/triggeredbymotion.com\/wp-content\/uploads\/2023\/02\/ezgif.com-video-to-gif-2-1.gif?ssl=1\" alt=\"\" class=\"wp-image-1228\"\/><\/figure>\n\n\n\n<p class=\"wp-block-paragraph translation-block\">Das <i>Kalahari Research Project<\/i> wurde 1993 ins Leben gerufen und ist noch immer im Gange. Geleitet wird es von der Universit\u00e4t Z\u00fcrich und der Universit\u00e4t Cambridge, in Kooperation mit mehreren Universit\u00e4ten in Europa, Afrika und Australien. Das Hauptaugenmerk des Projekts liegt auf der Erforschung der Sozialit\u00e4t von S\u00e4ugetieren und V\u00f6geln in ihren Lebensr\u00e4umen. Untersucht werden insbesondere kooperatives Verhalten, Abwehrstrategien gegen Raubtiere, Kommunikationsmechanismen und Entscheidungsfindungsprozesse in kooperativen Gruppen von Erdm\u00e4nnchen (<i>Suricata suricatta<\/i>) und Kap-Borstenh\u00f6rnchen (<i>Geosciurus inauris<\/i>).<\/p>\n\n\n\n<p class=\"wp-block-paragraph\">Die kleinen Tiere m\u00f6gen auf den ersten Blick recht gew\u00f6hnlich erscheinen \u2013 tats\u00e4chlich sind ihre sozialen Strukturen aber \u00e4usserst komplex und es werden st\u00e4ndig neue Erkenntnisse \u00fcber ihr Verhalten und ihre Kommunikation gewonnen. Beispielsweise haben sich die Erdm\u00e4nnchen physiologisch an das extreme W\u00fcstenklima der Kalahari angepasst und zeigen auch entsprechende Verhaltensanpassungen. Im Winter w\u00e4rmen sie sich fr\u00fchmorgens mit einem Sonnenbad auf, bevor sie auf Futtersuche gehen. So k\u00f6nnen sie ihre K\u00f6rpertemperatur aufrechterhalten, ohne viel Energie zu verlieren.<\/p>\n\n\n\n<p class=\"wp-block-paragraph\"><\/p>\n\n\n\n<div class=\"wp-block-jetpack-slideshow aligncenter\" data-effect=\"slide\"><div class=\"wp-block-jetpack-slideshow_container swiper-container\"><ul class=\"wp-block-jetpack-slideshow_swiper-wrapper swiper-wrapper\"><li class=\"wp-block-jetpack-slideshow_slide swiper-slide\"><figure><img data-recalc-dims=\"1\" loading=\"lazy\" decoding=\"async\" width=\"1024\" height=\"576\" alt=\"\" class=\"wp-block-jetpack-slideshow_image wp-image-2715\" data-id=\"2715\" src=\"https:\/\/i0.wp.com\/triggeredbymotion.com\/wp-content\/uploads\/2023\/05\/Bildschirmfoto-2023-05-19-um-10.55.11.png?resize=1024%2C576&#038;ssl=1\"\/><\/figure><\/li><li class=\"wp-block-jetpack-slideshow_slide swiper-slide\"><figure><img data-recalc-dims=\"1\" loading=\"lazy\" decoding=\"async\" width=\"600\" height=\"338\" alt=\"\" class=\"wp-block-jetpack-slideshow_image wp-image-2717\" data-id=\"2717\" src=\"https:\/\/i0.wp.com\/triggeredbymotion.com\/wp-content\/uploads\/2023\/05\/kalahari_meerkat_lone.gif?resize=600%2C338&#038;ssl=1\"\/><\/figure><\/li><\/ul><a class=\"wp-block-jetpack-slideshow_button-prev swiper-button-prev swiper-button-white\" role=\"button\"><\/a><a class=\"wp-block-jetpack-slideshow_button-next swiper-button-next swiper-button-white\" role=\"button\"><\/a><a aria-label=\"Pause Slideshow\" class=\"wp-block-jetpack-slideshow_button-pause\" role=\"button\"><\/a><div class=\"wp-block-jetpack-slideshow_pagination swiper-pagination swiper-pagination-white\"><\/div><\/div><\/div>\n\n\n\n<p class=\"wp-block-paragraph\">Marta Manser und ihr Team arbeiten haupts\u00e4chlich mit Verhaltensbeobachtungen, akustischen Aufzeichnungen, Gesundheitsdaten (wie dem Gewicht) und Umweltdaten, um die Tiere zu erforschen. Maschinelles Lernen kommt ebenfalls zum Einsatz: damit werden akustische Daten verarbeitet, um Individuen zu identifizieren und Ruftypen zu gruppieren. Kamerafallen werden ebenfalls eingesetzt, allerdings derzeit nicht systematisch.<\/p>\n\n\n\n<p class=\"wp-block-paragraph\">Das macht die Aufnahmen, die f\u00fcr Triggered by Motion gemacht wurden, umso besonderer. Die Kamerafalle wurde am Eingang zu einem Erdm\u00e4nnchen- und Borstenh\u00f6rnchenh\u00f6hlensystem aufgestellt, wo sie interessante Verhaltensweisen aufzeichnete, die nur selten beobachtet werden \u2013 zum Beispiel Erdm\u00e4nnchen, die sich einer rivalisierenden Gruppe entgegenstellen. Oder Erdm\u00e4nnchen, die allein umherstreifen, um zu versuchen, eine eigene Gruppe zu gr\u00fcnden oder in einer anderen Gruppe eine Partnerin zu finden.<\/p>\n\n\n\n<p class=\"wp-block-paragraph translation-block\">Neben den Erdm\u00e4nnchen und den Kap-Erdh\u00f6rnchen tauchen auch viele Springb\u00f6cke (<i>Antidorcas marsupialis<\/i>) in den Aufnahmen auf.<\/p>\n\n\n\n<p class=\"wp-block-paragraph\"><\/p>\n\n\n\n<div class=\"wp-block-jetpack-slideshow aligncenter\" data-effect=\"slide\"><div class=\"wp-block-jetpack-slideshow_container swiper-container\"><ul class=\"wp-block-jetpack-slideshow_swiper-wrapper swiper-wrapper\"><li class=\"wp-block-jetpack-slideshow_slide swiper-slide\"><figure><img data-recalc-dims=\"1\" loading=\"lazy\" decoding=\"async\" width=\"600\" height=\"338\" alt=\"\" class=\"wp-block-jetpack-slideshow_image wp-image-2707\" data-id=\"2707\" src=\"https:\/\/i0.wp.com\/triggeredbymotion.com\/wp-content\/uploads\/2023\/05\/Kalahari_wildbeine.gif?resize=600%2C338&#038;ssl=1\"\/><\/figure><\/li><li class=\"wp-block-jetpack-slideshow_slide swiper-slide\"><figure><img data-recalc-dims=\"1\" loading=\"lazy\" decoding=\"async\" width=\"1024\" height=\"576\" alt=\"\" class=\"wp-block-jetpack-slideshow_image wp-image-2704\" data-id=\"2704\" src=\"https:\/\/i0.wp.com\/triggeredbymotion.com\/wp-content\/uploads\/2023\/05\/vlcsnap-2022-02-06-17h27m56s285.jpeg?resize=1024%2C576&#038;ssl=1\"\/><\/figure><\/li><li class=\"wp-block-jetpack-slideshow_slide swiper-slide\"><figure><img data-recalc-dims=\"1\" loading=\"lazy\" decoding=\"async\" width=\"600\" height=\"338\" alt=\"\" class=\"wp-block-jetpack-slideshow_image wp-image-2705\" data-id=\"2705\" src=\"https:\/\/i0.wp.com\/triggeredbymotion.com\/wp-content\/uploads\/2023\/05\/Kalahari_wild.gif?resize=600%2C338&#038;ssl=1\"\/><\/figure><\/li><li class=\"wp-block-jetpack-slideshow_slide swiper-slide\"><figure><img data-recalc-dims=\"1\" loading=\"lazy\" decoding=\"async\" width=\"1024\" height=\"722\" alt=\"\" class=\"wp-block-jetpack-slideshow_image wp-image-2700\" data-id=\"2700\" src=\"https:\/\/i0.wp.com\/triggeredbymotion.com\/wp-content\/uploads\/2023\/05\/Suedafrika_07.jpeg?resize=1024%2C722&#038;ssl=1\"\/><\/figure><\/li><\/ul><a class=\"wp-block-jetpack-slideshow_button-prev swiper-button-prev swiper-button-white\" role=\"button\"><\/a><a class=\"wp-block-jetpack-slideshow_button-next swiper-button-next swiper-button-white\" role=\"button\"><\/a><a aria-label=\"Pause Slideshow\" class=\"wp-block-jetpack-slideshow_button-pause\" role=\"button\"><\/a><div class=\"wp-block-jetpack-slideshow_pagination swiper-pagination swiper-pagination-white\"><\/div><\/div><\/div>\n\n\n\n<p class=\"wp-block-paragraph\">Nicht nur die Sozialit\u00e4t der Erdm\u00e4nnchen, auch der Klimawandel ist ein wichtiges Thema am Kalahari Research Centre. Hitzeperioden, in denen das Futter knapp ist, werden immer l\u00e4nger, was sich auf die Erdm\u00e4nnchenpopulation auswirkt. Marta Manser hat zum Beispiel festgestellt, dass die drei Monate alten Jungtiere heute leichter sind als fr\u00fcher. Innerhalb der letzten beiden D\u00fcrreperioden ist die Erdm\u00e4nnchenpopulation in der Kalahari um 50 Prozent zur\u00fcckgegangen. Vor diesem Hintergrund ist die Forschung von Marta Manser und ihrem Team von entscheidender Bedeutung.<\/p>\n\n\n\n<p class=\"wp-block-paragraph\"><\/p>","protected":false},"excerpt":{"rendered":"<p>Kalahari, South Africa Marta Manser, University of Zurich Brigitte Spillmann, University of ZurichZoe Turner, Kalahari Research Centre The Kalahari is a semi-arid desert: Its summers are hot and wet, its winters cold and dry. Over the year the landscape changes, and the dry sandy desert is overgrown with sour grass and small shrubs. Here lies [&hellip;]<\/p>\n","protected":false},"author":224396188,"featured_media":0,"parent":12,"menu_order":0,"comment_status":"closed","ping_status":"closed","template":"","meta":{"_crdt_document":"","footnotes":""},"class_list":["post-872","page","type-page","status-publish","hentry"],"yoast_head":"<!-- This site is optimized with the Yoast SEO plugin v27.5 - https:\/\/yoast.com\/product\/yoast-seo-wordpress\/ -->\n<title>Meerkats at Kuruman River Reserve, Kalahari<\/title>\n<meta name=\"description\" content=\"The Kalahari meerkats have adapted physiologically to the extreme climate of the desert. They also show corresponding behavioral adaptations.\" \/>\n<meta name=\"robots\" content=\"index, follow, max-snippet:-1, max-image-preview:large, max-video-preview:-1\" \/>\n<link rel=\"canonical\" href=\"https:\/\/triggeredbymotion.com\/de\/locations\/kalahari\/\" \/>\n<meta property=\"og:locale\" content=\"de_DE\" \/>\n<meta property=\"og:type\" content=\"article\" \/>\n<meta property=\"og:title\" content=\"Meerkats at Kuruman River Reserve, Kalahari\" \/>\n<meta property=\"og:description\" content=\"The Kalahari meerkats have adapted physiologically to the extreme climate of the desert. They also show corresponding behavioral adaptations.\" \/>\n<meta property=\"og:url\" content=\"https:\/\/triggeredbymotion.com\/de\/locations\/kalahari\/\" \/>\n<meta property=\"og:site_name\" content=\"Triggered by Motion\" \/>\n<meta property=\"article:publisher\" content=\"https:\/\/www.facebook.com\/TriggeredbyMotion\" \/>\n<meta property=\"article:modified_time\" content=\"2023-05-30T10:20:09+00:00\" \/>\n<meta property=\"og:image\" content=\"https:\/\/triggeredbymotion.com\/wp-content\/uploads\/2023\/02\/ezgif.com-video-to-gif-2-1.gif\" \/>\n<meta name=\"twitter:card\" content=\"summary_large_image\" \/>\n<meta name=\"twitter:site\" content=\"@MotionTriggered\" \/>\n<meta name=\"twitter:label1\" content=\"Gesch\u00e4tzte Lesezeit\" \/>\n\t<meta name=\"twitter:data1\" content=\"4\u00a0Minuten\" \/>\n<script type=\"application\/ld+json\" class=\"yoast-schema-graph\">{\"@context\":\"https:\\\/\\\/schema.org\",\"@graph\":[{\"@type\":\"WebPage\",\"@id\":\"https:\\\/\\\/triggeredbymotion.com\\\/locations\\\/kalahari\\\/\",\"url\":\"https:\\\/\\\/triggeredbymotion.com\\\/locations\\\/kalahari\\\/\",\"name\":\"Meerkats at Kuruman River Reserve, Kalahari\",\"isPartOf\":{\"@id\":\"https:\\\/\\\/triggeredbymotion.com\\\/#website\"},\"primaryImageOfPage\":{\"@id\":\"https:\\\/\\\/triggeredbymotion.com\\\/locations\\\/kalahari\\\/#primaryimage\"},\"image\":{\"@id\":\"https:\\\/\\\/triggeredbymotion.com\\\/locations\\\/kalahari\\\/#primaryimage\"},\"thumbnailUrl\":\"https:\\\/\\\/triggeredbymotion.com\\\/wp-content\\\/uploads\\\/2023\\\/02\\\/ezgif.com-video-to-gif-2-1.gif\",\"datePublished\":\"2023-01-28T12:26:26+00:00\",\"dateModified\":\"2023-05-30T10:20:09+00:00\",\"description\":\"The Kalahari meerkats have adapted physiologically to the extreme climate of the desert. They also show corresponding behavioral adaptations.\",\"breadcrumb\":{\"@id\":\"https:\\\/\\\/triggeredbymotion.com\\\/locations\\\/kalahari\\\/#breadcrumb\"},\"inLanguage\":\"de-CH\",\"potentialAction\":[{\"@type\":\"ReadAction\",\"target\":[\"https:\\\/\\\/triggeredbymotion.com\\\/locations\\\/kalahari\\\/\"]}]},{\"@type\":\"ImageObject\",\"inLanguage\":\"de-CH\",\"@id\":\"https:\\\/\\\/triggeredbymotion.com\\\/locations\\\/kalahari\\\/#primaryimage\",\"url\":\"https:\\\/\\\/triggeredbymotion.com\\\/wp-content\\\/uploads\\\/2023\\\/02\\\/ezgif.com-video-to-gif-2-1.gif\",\"contentUrl\":\"https:\\\/\\\/triggeredbymotion.com\\\/wp-content\\\/uploads\\\/2023\\\/02\\\/ezgif.com-video-to-gif-2-1.gif\"},{\"@type\":\"BreadcrumbList\",\"@id\":\"https:\\\/\\\/triggeredbymotion.com\\\/locations\\\/kalahari\\\/#breadcrumb\",\"itemListElement\":[{\"@type\":\"ListItem\",\"position\":1,\"name\":\"Home\",\"item\":\"https:\\\/\\\/triggeredbymotion.com\\\/\"},{\"@type\":\"ListItem\",\"position\":2,\"name\":\"camera locations\",\"item\":\"https:\\\/\\\/triggeredbymotion.com\\\/locations\\\/\"},{\"@type\":\"ListItem\",\"position\":3,\"name\":\"KURUMAN RIVER RESERVE\"}]},{\"@type\":\"WebSite\",\"@id\":\"https:\\\/\\\/triggeredbymotion.com\\\/#website\",\"url\":\"https:\\\/\\\/triggeredbymotion.com\\\/\",\"name\":\"Triggered by Motion\",\"description\":\"a walk-in wildlife pavilion\",\"publisher\":{\"@id\":\"https:\\\/\\\/triggeredbymotion.com\\\/#organization\"},\"potentialAction\":[{\"@type\":\"SearchAction\",\"target\":{\"@type\":\"EntryPoint\",\"urlTemplate\":\"https:\\\/\\\/triggeredbymotion.com\\\/?s={search_term_string}\"},\"query-input\":{\"@type\":\"PropertyValueSpecification\",\"valueRequired\":true,\"valueName\":\"search_term_string\"}}],\"inLanguage\":\"de-CH\"},{\"@type\":\"Organization\",\"@id\":\"https:\\\/\\\/triggeredbymotion.com\\\/#organization\",\"name\":\"Triggered by Motion (Universit\u00e4t Z\u00fcrich)\",\"url\":\"https:\\\/\\\/triggeredbymotion.com\\\/\",\"logo\":{\"@type\":\"ImageObject\",\"inLanguage\":\"de-CH\",\"@id\":\"https:\\\/\\\/triggeredbymotion.com\\\/#\\\/schema\\\/logo\\\/image\\\/\",\"url\":\"https:\\\/\\\/i0.wp.com\\\/triggeredbymotion.com\\\/wp-content\\\/uploads\\\/2023\\\/02\\\/uzh_logo_tbm-1-1.webp?fit=1532%2C488&ssl=1\",\"contentUrl\":\"https:\\\/\\\/i0.wp.com\\\/triggeredbymotion.com\\\/wp-content\\\/uploads\\\/2023\\\/02\\\/uzh_logo_tbm-1-1.webp?fit=1532%2C488&ssl=1\",\"width\":1532,\"height\":488,\"caption\":\"Triggered by Motion (Universit\u00e4t Z\u00fcrich)\"},\"image\":{\"@id\":\"https:\\\/\\\/triggeredbymotion.com\\\/#\\\/schema\\\/logo\\\/image\\\/\"},\"sameAs\":[\"https:\\\/\\\/www.facebook.com\\\/TriggeredbyMotion\",\"https:\\\/\\\/x.com\\\/MotionTriggered\",\"https:\\\/\\\/www.instagram.com\\\/triggeredbymotion\\\/\"]}]}<\/script>\n<!-- \/ Yoast SEO plugin. -->","yoast_head_json":{"title":"Meerkats at Kuruman River Reserve, Kalahari","description":"The Kalahari meerkats have adapted physiologically to the extreme climate of the desert. They also show corresponding behavioral adaptations.","robots":{"index":"index","follow":"follow","max-snippet":"max-snippet:-1","max-image-preview":"max-image-preview:large","max-video-preview":"max-video-preview:-1"},"canonical":"https:\/\/triggeredbymotion.com\/de\/locations\/kalahari\/","og_locale":"de_DE","og_type":"article","og_title":"Meerkats at Kuruman River Reserve, Kalahari","og_description":"The Kalahari meerkats have adapted physiologically to the extreme climate of the desert. They also show corresponding behavioral adaptations.","og_url":"https:\/\/triggeredbymotion.com\/de\/locations\/kalahari\/","og_site_name":"Triggered by Motion","article_publisher":"https:\/\/www.facebook.com\/TriggeredbyMotion","article_modified_time":"2023-05-30T10:20:09+00:00","og_image":[{"url":"https:\/\/triggeredbymotion.com\/wp-content\/uploads\/2023\/02\/ezgif.com-video-to-gif-2-1.gif","type":"","width":"","height":""}],"twitter_card":"summary_large_image","twitter_site":"@MotionTriggered","twitter_misc":{"Gesch\u00e4tzte Lesezeit":"4\u00a0Minuten"},"schema":{"@context":"https:\/\/schema.org","@graph":[{"@type":"WebPage","@id":"https:\/\/triggeredbymotion.com\/locations\/kalahari\/","url":"https:\/\/triggeredbymotion.com\/locations\/kalahari\/","name":"Meerkats at Kuruman River Reserve, Kalahari","isPartOf":{"@id":"https:\/\/triggeredbymotion.com\/#website"},"primaryImageOfPage":{"@id":"https:\/\/triggeredbymotion.com\/locations\/kalahari\/#primaryimage"},"image":{"@id":"https:\/\/triggeredbymotion.com\/locations\/kalahari\/#primaryimage"},"thumbnailUrl":"https:\/\/triggeredbymotion.com\/wp-content\/uploads\/2023\/02\/ezgif.com-video-to-gif-2-1.gif","datePublished":"2023-01-28T12:26:26+00:00","dateModified":"2023-05-30T10:20:09+00:00","description":"The Kalahari meerkats have adapted physiologically to the extreme climate of the desert. They also show corresponding behavioral adaptations.","breadcrumb":{"@id":"https:\/\/triggeredbymotion.com\/locations\/kalahari\/#breadcrumb"},"inLanguage":"de-CH","potentialAction":[{"@type":"ReadAction","target":["https:\/\/triggeredbymotion.com\/locations\/kalahari\/"]}]},{"@type":"ImageObject","inLanguage":"de-CH","@id":"https:\/\/triggeredbymotion.com\/locations\/kalahari\/#primaryimage","url":"https:\/\/triggeredbymotion.com\/wp-content\/uploads\/2023\/02\/ezgif.com-video-to-gif-2-1.gif","contentUrl":"https:\/\/triggeredbymotion.com\/wp-content\/uploads\/2023\/02\/ezgif.com-video-to-gif-2-1.gif"},{"@type":"BreadcrumbList","@id":"https:\/\/triggeredbymotion.com\/locations\/kalahari\/#breadcrumb","itemListElement":[{"@type":"ListItem","position":1,"name":"Home","item":"https:\/\/triggeredbymotion.com\/"},{"@type":"ListItem","position":2,"name":"camera locations","item":"https:\/\/triggeredbymotion.com\/locations\/"},{"@type":"ListItem","position":3,"name":"KURUMAN RIVER RESERVE"}]},{"@type":"WebSite","@id":"https:\/\/triggeredbymotion.com\/#website","url":"https:\/\/triggeredbymotion.com\/","name":"Triggered by Motion","description":"a walk-in wildlife pavilion","publisher":{"@id":"https:\/\/triggeredbymotion.com\/#organization"},"potentialAction":[{"@type":"SearchAction","target":{"@type":"EntryPoint","urlTemplate":"https:\/\/triggeredbymotion.com\/?s={search_term_string}"},"query-input":{"@type":"PropertyValueSpecification","valueRequired":true,"valueName":"search_term_string"}}],"inLanguage":"de-CH"},{"@type":"Organization","@id":"https:\/\/triggeredbymotion.com\/#organization","name":"Triggered by Motion (Universit\u00e4t Z\u00fcrich)","url":"https:\/\/triggeredbymotion.com\/","logo":{"@type":"ImageObject","inLanguage":"de-CH","@id":"https:\/\/triggeredbymotion.com\/#\/schema\/logo\/image\/","url":"https:\/\/i0.wp.com\/triggeredbymotion.com\/wp-content\/uploads\/2023\/02\/uzh_logo_tbm-1-1.webp?fit=1532%2C488&ssl=1","contentUrl":"https:\/\/i0.wp.com\/triggeredbymotion.com\/wp-content\/uploads\/2023\/02\/uzh_logo_tbm-1-1.webp?fit=1532%2C488&ssl=1","width":1532,"height":488,"caption":"Triggered by Motion (Universit\u00e4t Z\u00fcrich)"},"image":{"@id":"https:\/\/triggeredbymotion.com\/#\/schema\/logo\/image\/"},"sameAs":["https:\/\/www.facebook.com\/TriggeredbyMotion","https:\/\/x.com\/MotionTriggered","https:\/\/www.instagram.com\/triggeredbymotion\/"]}]}},"jetpack_likes_enabled":true,"jetpack_sharing_enabled":true,"jetpack-related-posts":[],"_links":{"self":[{"href":"https:\/\/triggeredbymotion.com\/de\/wp-json\/wp\/v2\/pages\/872","targetHints":{"allow":["GET"]}}],"collection":[{"href":"https:\/\/triggeredbymotion.com\/de\/wp-json\/wp\/v2\/pages"}],"about":[{"href":"https:\/\/triggeredbymotion.com\/de\/wp-json\/wp\/v2\/types\/page"}],"author":[{"embeddable":true,"href":"https:\/\/triggeredbymotion.com\/de\/wp-json\/wp\/v2\/users\/224396188"}],"replies":[{"embeddable":true,"href":"https:\/\/triggeredbymotion.com\/de\/wp-json\/wp\/v2\/comments?post=872"}],"version-history":[{"count":19,"href":"https:\/\/triggeredbymotion.com\/de\/wp-json\/wp\/v2\/pages\/872\/revisions"}],"predecessor-version":[{"id":2840,"href":"https:\/\/triggeredbymotion.com\/de\/wp-json\/wp\/v2\/pages\/872\/revisions\/2840"}],"up":[{"embeddable":true,"href":"https:\/\/triggeredbymotion.com\/de\/wp-json\/wp\/v2\/pages\/12"}],"wp:attachment":[{"href":"https:\/\/triggeredbymotion.com\/de\/wp-json\/wp\/v2\/media?parent=872"}],"curies":[{"name":"wp","href":"https:\/\/api.w.org\/{rel}","templated":true}]}}