{"id":875,"date":"2023-01-28T13:30:55","date_gmt":"2023-01-28T12:30:55","guid":{"rendered":"https:\/\/triggeredbymotion.com\/?page_id=875"},"modified":"2023-06-19T11:16:54","modified_gmt":"2023-06-19T09:16:54","slug":"lewa","status":"publish","type":"page","link":"https:\/\/triggeredbymotion.com\/de\/locations\/lewa\/","title":{"rendered":"LEWA WILDLIFE CONSERVANCY"},"content":{"rendered":"<h4 class=\"wp-block-heading has-text-color\" style=\"color:#00ff26\">Lewa-Savanne, Kenia<\/h4>\n\n\n\n<h6 class=\"wp-block-heading translation-block\"><strong>Dominic Maringa<\/strong>, Lewa Wildlife Conservancy<br><strong>Eunice Kamau<\/strong>, Lewa Wildlife Conservancy<br><strong>Timothy Kaaria<\/strong>, Lewa Wildlife Conservancy<br><strong>Martin Bauert<\/strong>, Zoo Z\u00fcrich<\/h6>\n\n\n\n<p class=\"wp-block-paragraph\">Zwischen den Gipfeln und K\u00e4mmen des Mount Kenya und den trockenen Savannen im Norden Kenias liegt das Lewa Wildlife Conservancy (LWC). Seine offenen Gras- und Buschlandschaften, W\u00e4lder und Feuchtgebiete sind Teil des UNESCO-Weltnaturerbes Mount Kenya. Das LWC ist ausserdem ein Menschen- und Biosph\u00e4renreservat und wurde von der International Union for Conservation of Nature (IUCN) f\u00fcr sein hervorragendes Schutzgebietsmanagement auf die gr\u00fcne Liste der gesch\u00fctzten und gut erhaltenen Gebiete gesetzt.&nbsp;<\/p>\n\n\n\n<p class=\"wp-block-paragraph\">Lewa beherbergt viele Arten, von denen einige gef\u00e4hrdet sind. Hier haben Dominic Maringa und sein Team im LWC eine Kamerafalle f\u00fcr Triggered by Motion aufgestellt.<\/p>\n\n\n\n<p class=\"wp-block-paragraph\"><\/p>\n\n\n\n<figure class=\"wp-block-image size-full\"><img data-recalc-dims=\"1\" loading=\"lazy\" decoding=\"async\" width=\"600\" height=\"338\" data-attachment-id=\"3143\" data-permalink=\"https:\/\/triggeredbymotion.com\/de\/locations\/lewa\/kenya_elephants\/\" data-orig-file=\"https:\/\/i0.wp.com\/triggeredbymotion.com\/wp-content\/uploads\/2023\/06\/Kenya_elephants.gif?fit=600%2C338&amp;ssl=1\" data-orig-size=\"600,338\" data-comments-opened=\"1\" data-image-meta=\"{&quot;aperture&quot;:&quot;0&quot;,&quot;credit&quot;:&quot;&quot;,&quot;camera&quot;:&quot;&quot;,&quot;caption&quot;:&quot;&quot;,&quot;created_timestamp&quot;:&quot;0&quot;,&quot;copyright&quot;:&quot;&quot;,&quot;focal_length&quot;:&quot;0&quot;,&quot;iso&quot;:&quot;0&quot;,&quot;shutter_speed&quot;:&quot;0&quot;,&quot;title&quot;:&quot;&quot;,&quot;orientation&quot;:&quot;0&quot;}\" data-image-title=\"Kenya_elephants\" data-image-description=\"\" data-image-caption=\"\" data-large-file=\"https:\/\/i0.wp.com\/triggeredbymotion.com\/wp-content\/uploads\/2023\/06\/Kenya_elephants.gif?fit=600%2C338&amp;ssl=1\" src=\"https:\/\/i0.wp.com\/triggeredbymotion.com\/wp-content\/uploads\/2023\/06\/Kenya_elephants.gif?resize=600%2C338&#038;ssl=1\" alt=\"\" class=\"wp-image-3143\"\/><\/figure>\n\n\n\n<p class=\"wp-block-paragraph\">Das Gebiet um das Lewa Wildilfe Conservancy hat zwei Jahreszeiten: eine feuchte und eine trockene. Sie beeinflussen die Tierwelt von Lewa: In der Regenzeit steigt die Geburtenrate, w\u00e4hrend die Tiere in der Trockenzeit auf der Suche nach guten Futterpl\u00e4tzen und nach Wasser meist unterwegs sind.<\/p>\n\n\n\n<p class=\"wp-block-paragraph\">Die Forscherinnen und Forscher des LWC verfolgen diese Bewegungen. Beispielsweise stellen sie an den Zug\u00e4ngen zum Reservat Kamerafallen auf, mit denen sie die Bewegungen der Tiere in und aus dem Schutzgebiet \u00fcberwachen k\u00f6nnen.<\/p>\n\n\n\n<p class=\"wp-block-paragraph\"><\/p>\n\n\n\n<div class=\"wp-block-jetpack-slideshow aligncenter\" data-effect=\"slide\"><div class=\"wp-block-jetpack-slideshow_container swiper-container\"><ul class=\"wp-block-jetpack-slideshow_swiper-wrapper swiper-wrapper\"><li class=\"wp-block-jetpack-slideshow_slide swiper-slide\"><figure><img data-recalc-dims=\"1\" loading=\"lazy\" decoding=\"async\" width=\"600\" height=\"338\" alt=\"\" class=\"wp-block-jetpack-slideshow_image wp-image-3150\" data-id=\"3150\" src=\"https:\/\/i0.wp.com\/triggeredbymotion.com\/wp-content\/uploads\/2023\/06\/kenya_ele_gir.gif?resize=600%2C338&#038;ssl=1\"\/><\/figure><\/li><li class=\"wp-block-jetpack-slideshow_slide swiper-slide\"><figure><img data-recalc-dims=\"1\" loading=\"lazy\" decoding=\"async\" width=\"1024\" height=\"555\" alt=\"\" class=\"wp-block-jetpack-slideshow_image wp-image-3146\" data-id=\"3146\" src=\"https:\/\/i0.wp.com\/triggeredbymotion.com\/wp-content\/uploads\/2023\/06\/KENIA_IMG_0167_CUT-1.jpg?resize=1024%2C555&#038;ssl=1\" srcset=\"https:\/\/i0.wp.com\/triggeredbymotion.com\/wp-content\/uploads\/2023\/06\/KENIA_IMG_0167_CUT-1.jpg?resize=1024%2C555&amp;ssl=1 1024w, https:\/\/i0.wp.com\/triggeredbymotion.com\/wp-content\/uploads\/2023\/06\/KENIA_IMG_0167_CUT-1.jpg?resize=300%2C163&amp;ssl=1 300w, https:\/\/i0.wp.com\/triggeredbymotion.com\/wp-content\/uploads\/2023\/06\/KENIA_IMG_0167_CUT-1.jpg?resize=768%2C416&amp;ssl=1 768w, https:\/\/i0.wp.com\/triggeredbymotion.com\/wp-content\/uploads\/2023\/06\/KENIA_IMG_0167_CUT-1.jpg?resize=1536%2C832&amp;ssl=1 1536w, https:\/\/i0.wp.com\/triggeredbymotion.com\/wp-content\/uploads\/2023\/06\/KENIA_IMG_0167_CUT-1.jpg?resize=2048%2C1110&amp;ssl=1 2048w, https:\/\/i0.wp.com\/triggeredbymotion.com\/wp-content\/uploads\/2023\/06\/KENIA_IMG_0167_CUT-1.jpg?resize=18%2C10&amp;ssl=1 18w, https:\/\/i0.wp.com\/triggeredbymotion.com\/wp-content\/uploads\/2023\/06\/KENIA_IMG_0167_CUT-1.jpg?resize=1200%2C650&amp;ssl=1 1200w\" sizes=\"(max-width: 1000px) 100vw, 1000px\" \/><\/figure><\/li><li class=\"wp-block-jetpack-slideshow_slide swiper-slide\"><figure><img data-recalc-dims=\"1\" loading=\"lazy\" decoding=\"async\" width=\"1024\" height=\"576\" alt=\"\" class=\"wp-block-jetpack-slideshow_image wp-image-3149\" data-id=\"3149\" src=\"https:\/\/i0.wp.com\/triggeredbymotion.com\/wp-content\/uploads\/2023\/06\/KENIA_IMG_0165.jpg?resize=1024%2C576&#038;ssl=1\" srcset=\"https:\/\/i0.wp.com\/triggeredbymotion.com\/wp-content\/uploads\/2023\/06\/KENIA_IMG_0165.jpg?resize=1024%2C576&amp;ssl=1 1024w, https:\/\/i0.wp.com\/triggeredbymotion.com\/wp-content\/uploads\/2023\/06\/KENIA_IMG_0165.jpg?resize=300%2C169&amp;ssl=1 300w, https:\/\/i0.wp.com\/triggeredbymotion.com\/wp-content\/uploads\/2023\/06\/KENIA_IMG_0165.jpg?resize=768%2C432&amp;ssl=1 768w, https:\/\/i0.wp.com\/triggeredbymotion.com\/wp-content\/uploads\/2023\/06\/KENIA_IMG_0165.jpg?resize=1536%2C864&amp;ssl=1 1536w, https:\/\/i0.wp.com\/triggeredbymotion.com\/wp-content\/uploads\/2023\/06\/KENIA_IMG_0165.jpg?resize=2048%2C1152&amp;ssl=1 2048w, https:\/\/i0.wp.com\/triggeredbymotion.com\/wp-content\/uploads\/2023\/06\/KENIA_IMG_0165.jpg?resize=18%2C10&amp;ssl=1 18w, https:\/\/i0.wp.com\/triggeredbymotion.com\/wp-content\/uploads\/2023\/06\/KENIA_IMG_0165.jpg?resize=1200%2C675&amp;ssl=1 1200w\" sizes=\"(max-width: 1000px) 100vw, 1000px\" \/><\/figure><\/li><li class=\"wp-block-jetpack-slideshow_slide swiper-slide\"><figure><img data-recalc-dims=\"1\" loading=\"lazy\" decoding=\"async\" width=\"1024\" height=\"571\" alt=\"\" class=\"wp-block-jetpack-slideshow_image wp-image-3154\" data-id=\"3154\" src=\"https:\/\/i0.wp.com\/triggeredbymotion.com\/wp-content\/uploads\/2023\/06\/KENIA_IMG_0169-2.jpg?resize=1024%2C571&#038;ssl=1\" srcset=\"https:\/\/i0.wp.com\/triggeredbymotion.com\/wp-content\/uploads\/2023\/06\/KENIA_IMG_0169-2.jpg?resize=1024%2C571&amp;ssl=1 1024w, https:\/\/i0.wp.com\/triggeredbymotion.com\/wp-content\/uploads\/2023\/06\/KENIA_IMG_0169-2.jpg?resize=300%2C167&amp;ssl=1 300w, https:\/\/i0.wp.com\/triggeredbymotion.com\/wp-content\/uploads\/2023\/06\/KENIA_IMG_0169-2.jpg?resize=768%2C428&amp;ssl=1 768w, https:\/\/i0.wp.com\/triggeredbymotion.com\/wp-content\/uploads\/2023\/06\/KENIA_IMG_0169-2.jpg?resize=1536%2C857&amp;ssl=1 1536w, https:\/\/i0.wp.com\/triggeredbymotion.com\/wp-content\/uploads\/2023\/06\/KENIA_IMG_0169-2.jpg?resize=2048%2C1142&amp;ssl=1 2048w, https:\/\/i0.wp.com\/triggeredbymotion.com\/wp-content\/uploads\/2023\/06\/KENIA_IMG_0169-2.jpg?resize=18%2C10&amp;ssl=1 18w, https:\/\/i0.wp.com\/triggeredbymotion.com\/wp-content\/uploads\/2023\/06\/KENIA_IMG_0169-2.jpg?resize=1200%2C669&amp;ssl=1 1200w\" sizes=\"(max-width: 1000px) 100vw, 1000px\" \/><\/figure><\/li><\/ul><a class=\"wp-block-jetpack-slideshow_button-prev swiper-button-prev swiper-button-white\" role=\"button\"><\/a><a class=\"wp-block-jetpack-slideshow_button-next swiper-button-next swiper-button-white\" role=\"button\"><\/a><a aria-label=\"Pause Slideshow\" class=\"wp-block-jetpack-slideshow_button-pause\" role=\"button\"><\/a><div class=\"wp-block-jetpack-slideshow_pagination swiper-pagination swiper-pagination-white\"><\/div><\/div><\/div>\n\n\n\n<p class=\"wp-block-paragraph translation-block\">Das Lewa Wildlife Conservancy beherbergt nicht nur L\u00f6wen und Elefanten, sondern auch eine der weltweit gr\u00f6ssten Populationen des Grevyzebra (<i>Equus grevyi<\/i>) und des Spitzmaulnashorns (<i>Diceros bicornis<\/i>). Beide Arten sind vom Aussterben bedroht. Durch Jagd und Wilderei sind ihre Best\u00e4nde in Kenia in den letzten 70 Jahren drastisch zur\u00fcckgegangen: von \u00fcber 15'000 Grevyzebras im Jahr 1970 auf heute etwa 2'350 Tiere, und von gesch\u00e4tzten 20'000 Spitzmaulnash\u00f6rnern auf weniger als 1000.<\/p>\n\n\n\n<p class=\"wp-block-paragraph\">Lewa k\u00fcmmert sich ganzheitlich um diese vom Aussterben bedrohten Tierarten, indem es ihren Lebensraum sch\u00fctzt und die Bedrohung durch Wilderei und Konflikte zwischen Mensch und Tier eind\u00e4mmt. Das Schutzgebiet verf\u00fcgt auch \u00fcber Ausschlusszonen, aus denen Elefanten, die viel Gras fressen, ausgesondert werden. So wird sichergestellt, dass die Spitzmaulnash\u00f6rner ausreichend Nahrung finden. Dar\u00fcber hinaus kommen Kamerafallen zum Einsatz, um die Nash\u00f6rner und Raubtiere zu \u00fcberwachen.<\/p>\n\n\n\n<p class=\"wp-block-paragraph\"><\/p>\n\n\n\n<figure class=\"wp-block-image size-large\"><img data-recalc-dims=\"1\" loading=\"lazy\" decoding=\"async\" width=\"1024\" height=\"576\" data-attachment-id=\"3141\" data-permalink=\"https:\/\/triggeredbymotion.com\/de\/locations\/lewa\/img_0179\/\" data-orig-file=\"https:\/\/i0.wp.com\/triggeredbymotion.com\/wp-content\/uploads\/2023\/06\/IMG_0179.jpg?fit=2867%2C1613&amp;ssl=1\" data-orig-size=\"2867,1613\" data-comments-opened=\"1\" data-image-meta=\"{&quot;aperture&quot;:&quot;0&quot;,&quot;credit&quot;:&quot;&quot;,&quot;camera&quot;:&quot;&quot;,&quot;caption&quot;:&quot;&quot;,&quot;created_timestamp&quot;:&quot;0&quot;,&quot;copyright&quot;:&quot;&quot;,&quot;focal_length&quot;:&quot;0&quot;,&quot;iso&quot;:&quot;0&quot;,&quot;shutter_speed&quot;:&quot;0&quot;,&quot;title&quot;:&quot;&quot;,&quot;orientation&quot;:&quot;0&quot;}\" data-image-title=\"IMG_0179\" data-image-description=\"\" data-image-caption=\"\" data-large-file=\"https:\/\/i0.wp.com\/triggeredbymotion.com\/wp-content\/uploads\/2023\/06\/IMG_0179.jpg?fit=1024%2C576&amp;ssl=1\" src=\"https:\/\/i0.wp.com\/triggeredbymotion.com\/wp-content\/uploads\/2023\/06\/IMG_0179.jpg?resize=1024%2C576&#038;ssl=1\" alt=\"\" class=\"wp-image-3141\" srcset=\"https:\/\/i0.wp.com\/triggeredbymotion.com\/wp-content\/uploads\/2023\/06\/IMG_0179.jpg?resize=1024%2C576&amp;ssl=1 1024w, https:\/\/i0.wp.com\/triggeredbymotion.com\/wp-content\/uploads\/2023\/06\/IMG_0179.jpg?resize=300%2C169&amp;ssl=1 300w, https:\/\/i0.wp.com\/triggeredbymotion.com\/wp-content\/uploads\/2023\/06\/IMG_0179.jpg?resize=768%2C432&amp;ssl=1 768w, https:\/\/i0.wp.com\/triggeredbymotion.com\/wp-content\/uploads\/2023\/06\/IMG_0179.jpg?resize=1536%2C864&amp;ssl=1 1536w, https:\/\/i0.wp.com\/triggeredbymotion.com\/wp-content\/uploads\/2023\/06\/IMG_0179.jpg?resize=2048%2C1152&amp;ssl=1 2048w, https:\/\/i0.wp.com\/triggeredbymotion.com\/wp-content\/uploads\/2023\/06\/IMG_0179.jpg?resize=18%2C10&amp;ssl=1 18w, https:\/\/i0.wp.com\/triggeredbymotion.com\/wp-content\/uploads\/2023\/06\/IMG_0179.jpg?resize=1200%2C675&amp;ssl=1 1200w\" sizes=\"auto, (max-width: 1000px) 100vw, 1000px\" \/><\/figure>\n\n\n\n<p class=\"wp-block-paragraph\">Dank intensiver Schutzbem\u00fchungen und eines effizienten Populationsmanagements erholt sich die Population langsam. Dies hat es Lewa erm\u00f6glicht, Tiere in einen neu geschaffenen und gesch\u00fctzten Lebensraum f\u00fcr Nash\u00f6rner ausserhalb der Lewa-Grenzen umzusiedeln, was zum Fortbestand der Art beitr\u00e4gt.<\/p>\n\n\n\n<p class=\"wp-block-paragraph\"><\/p>\n\n\n\n<figure class=\"wp-block-video wp-block-embed is-type-video is-provider-videopress\"><div class=\"wp-block-embed__wrapper\">\n<iframe title=\"VideoPress Video Player\" aria-label='VideoPress Video Player' width='500' height='281' src='https:\/\/videopress.com\/embed\/W8ZPTYai?cover=1&amp;autoPlay=1&amp;controls=0&amp;loop=1&amp;muted=1&amp;persistVolume=0&amp;preloadContent=metadata&amp;useAverageColor=1&amp;hd=0' frameborder='0' allowfullscreen data-resize-to-parent=\"true\" allow='clipboard-write'><\/iframe><script src='https:\/\/v0.wordpress.com\/js\/next\/videopress-iframe.js?m=1674852142'><\/script>\n<\/div><\/figure>\n\n\n\n<p class=\"wp-block-paragraph\">Auch Grevyzebras werden umgesiedelt. Einige Tiere leben jetzt in der \u00abLewa-Savanne\u00bb des Zoo Z\u00fcrich, der das Lewa Wildlife Conservancy als Partnerorganisation unterst\u00fctzt.<\/p>","protected":false},"excerpt":{"rendered":"<p>Lewa Savannah, Kenya Dominic Maringa, Lewa Wildlife ConservancyEunice Kamau, Lewa Wildlife ConservancyTimothy Kaaria, Lewa Wildlife ConservancyMartin Bauert, Zoo Zurich Lewa Wildlife Conservancy (LWC) sits between the peaks and ridges of Mount Kenya and the arid savannahs of northern Kenya. Its open grasslands, shrublands, forests and wetlands are part of Mt. Kenya UNESCO world heritage site. [&hellip;]<\/p>\n","protected":false},"author":224396188,"featured_media":0,"parent":12,"menu_order":0,"comment_status":"closed","ping_status":"closed","template":"","meta":{"_crdt_document":"","footnotes":""},"class_list":["post-875","page","type-page","status-publish","hentry"],"yoast_head":"<!-- This site is optimized with the Yoast SEO plugin v27.5 - https:\/\/yoast.com\/product\/yoast-seo-wordpress\/ -->\n<title>Lewa Reserve, Kenya: A home for endangered Grevy&#039;s zebras<\/title>\n<meta name=\"description\" content=\"Lewa is home to one of the largest Grevy\u2019s zebra populations anywhere in the world. Researchers at the reserve are using AI tools to identify and track the animals.\" \/>\n<meta name=\"robots\" content=\"index, follow, max-snippet:-1, max-image-preview:large, max-video-preview:-1\" \/>\n<link rel=\"canonical\" href=\"https:\/\/triggeredbymotion.com\/de\/locations\/lewa\/\" \/>\n<meta property=\"og:locale\" content=\"de_DE\" \/>\n<meta property=\"og:type\" content=\"article\" \/>\n<meta property=\"og:title\" content=\"Lewa Reserve, Kenya: A home for endangered Grevy&#039;s zebras\" \/>\n<meta property=\"og:description\" content=\"Lewa is home to one of the largest Grevy\u2019s zebra populations anywhere in the world. Researchers at the reserve are using AI tools to identify and track the animals.\" \/>\n<meta property=\"og:url\" content=\"https:\/\/triggeredbymotion.com\/de\/locations\/lewa\/\" \/>\n<meta property=\"og:site_name\" content=\"Triggered by Motion\" \/>\n<meta property=\"article:publisher\" content=\"https:\/\/www.facebook.com\/TriggeredbyMotion\" \/>\n<meta property=\"article:modified_time\" content=\"2023-06-19T09:16:54+00:00\" \/>\n<meta property=\"og:image\" content=\"https:\/\/triggeredbymotion.com\/wp-content\/uploads\/2023\/06\/Kenya_elephants.gif\" \/>\n<meta name=\"twitter:card\" content=\"summary_large_image\" \/>\n<meta name=\"twitter:site\" content=\"@MotionTriggered\" \/>\n<meta name=\"twitter:label1\" content=\"Gesch\u00e4tzte Lesezeit\" \/>\n\t<meta name=\"twitter:data1\" content=\"3\u00a0Minuten\" \/>\n<script type=\"application\/ld+json\" class=\"yoast-schema-graph\">{\"@context\":\"https:\\\/\\\/schema.org\",\"@graph\":[{\"@type\":\"WebPage\",\"@id\":\"https:\\\/\\\/triggeredbymotion.com\\\/locations\\\/lewa\\\/\",\"url\":\"https:\\\/\\\/triggeredbymotion.com\\\/locations\\\/lewa\\\/\",\"name\":\"Lewa Reserve, Kenya: A home for endangered Grevy's zebras\",\"isPartOf\":{\"@id\":\"https:\\\/\\\/triggeredbymotion.com\\\/#website\"},\"primaryImageOfPage\":{\"@id\":\"https:\\\/\\\/triggeredbymotion.com\\\/locations\\\/lewa\\\/#primaryimage\"},\"image\":{\"@id\":\"https:\\\/\\\/triggeredbymotion.com\\\/locations\\\/lewa\\\/#primaryimage\"},\"thumbnailUrl\":\"https:\\\/\\\/triggeredbymotion.com\\\/wp-content\\\/uploads\\\/2023\\\/06\\\/Kenya_elephants.gif\",\"datePublished\":\"2023-01-28T12:30:55+00:00\",\"dateModified\":\"2023-06-19T09:16:54+00:00\",\"description\":\"Lewa is home to one of the largest Grevy\u2019s zebra populations anywhere in the world. Researchers at the reserve are using AI tools to identify and track the animals.\",\"breadcrumb\":{\"@id\":\"https:\\\/\\\/triggeredbymotion.com\\\/locations\\\/lewa\\\/#breadcrumb\"},\"inLanguage\":\"de-CH\",\"potentialAction\":[{\"@type\":\"ReadAction\",\"target\":[\"https:\\\/\\\/triggeredbymotion.com\\\/locations\\\/lewa\\\/\"]}]},{\"@type\":\"ImageObject\",\"inLanguage\":\"de-CH\",\"@id\":\"https:\\\/\\\/triggeredbymotion.com\\\/locations\\\/lewa\\\/#primaryimage\",\"url\":\"https:\\\/\\\/triggeredbymotion.com\\\/wp-content\\\/uploads\\\/2023\\\/06\\\/Kenya_elephants.gif\",\"contentUrl\":\"https:\\\/\\\/triggeredbymotion.com\\\/wp-content\\\/uploads\\\/2023\\\/06\\\/Kenya_elephants.gif\"},{\"@type\":\"BreadcrumbList\",\"@id\":\"https:\\\/\\\/triggeredbymotion.com\\\/locations\\\/lewa\\\/#breadcrumb\",\"itemListElement\":[{\"@type\":\"ListItem\",\"position\":1,\"name\":\"Home\",\"item\":\"https:\\\/\\\/triggeredbymotion.com\\\/\"},{\"@type\":\"ListItem\",\"position\":2,\"name\":\"camera locations\",\"item\":\"https:\\\/\\\/triggeredbymotion.com\\\/locations\\\/\"},{\"@type\":\"ListItem\",\"position\":3,\"name\":\"LEWA WILDLIFE CONSERVANCY\"}]},{\"@type\":\"WebSite\",\"@id\":\"https:\\\/\\\/triggeredbymotion.com\\\/#website\",\"url\":\"https:\\\/\\\/triggeredbymotion.com\\\/\",\"name\":\"Triggered by Motion\",\"description\":\"a walk-in wildlife pavilion\",\"publisher\":{\"@id\":\"https:\\\/\\\/triggeredbymotion.com\\\/#organization\"},\"potentialAction\":[{\"@type\":\"SearchAction\",\"target\":{\"@type\":\"EntryPoint\",\"urlTemplate\":\"https:\\\/\\\/triggeredbymotion.com\\\/?s={search_term_string}\"},\"query-input\":{\"@type\":\"PropertyValueSpecification\",\"valueRequired\":true,\"valueName\":\"search_term_string\"}}],\"inLanguage\":\"de-CH\"},{\"@type\":\"Organization\",\"@id\":\"https:\\\/\\\/triggeredbymotion.com\\\/#organization\",\"name\":\"Triggered by Motion (Universit\u00e4t Z\u00fcrich)\",\"url\":\"https:\\\/\\\/triggeredbymotion.com\\\/\",\"logo\":{\"@type\":\"ImageObject\",\"inLanguage\":\"de-CH\",\"@id\":\"https:\\\/\\\/triggeredbymotion.com\\\/#\\\/schema\\\/logo\\\/image\\\/\",\"url\":\"https:\\\/\\\/i0.wp.com\\\/triggeredbymotion.com\\\/wp-content\\\/uploads\\\/2023\\\/02\\\/uzh_logo_tbm-1-1.webp?fit=1532%2C488&ssl=1\",\"contentUrl\":\"https:\\\/\\\/i0.wp.com\\\/triggeredbymotion.com\\\/wp-content\\\/uploads\\\/2023\\\/02\\\/uzh_logo_tbm-1-1.webp?fit=1532%2C488&ssl=1\",\"width\":1532,\"height\":488,\"caption\":\"Triggered by Motion (Universit\u00e4t Z\u00fcrich)\"},\"image\":{\"@id\":\"https:\\\/\\\/triggeredbymotion.com\\\/#\\\/schema\\\/logo\\\/image\\\/\"},\"sameAs\":[\"https:\\\/\\\/www.facebook.com\\\/TriggeredbyMotion\",\"https:\\\/\\\/x.com\\\/MotionTriggered\",\"https:\\\/\\\/www.instagram.com\\\/triggeredbymotion\\\/\"]}]}<\/script>\n<!-- \/ Yoast SEO plugin. -->","yoast_head_json":{"title":"Lewa Reserve, Kenya: A home for endangered Grevy's zebras","description":"Lewa is home to one of the largest Grevy\u2019s zebra populations anywhere in the world. Researchers at the reserve are using AI tools to identify and track the animals.","robots":{"index":"index","follow":"follow","max-snippet":"max-snippet:-1","max-image-preview":"max-image-preview:large","max-video-preview":"max-video-preview:-1"},"canonical":"https:\/\/triggeredbymotion.com\/de\/locations\/lewa\/","og_locale":"de_DE","og_type":"article","og_title":"Lewa Reserve, Kenya: A home for endangered Grevy's zebras","og_description":"Lewa is home to one of the largest Grevy\u2019s zebra populations anywhere in the world. Researchers at the reserve are using AI tools to identify and track the animals.","og_url":"https:\/\/triggeredbymotion.com\/de\/locations\/lewa\/","og_site_name":"Triggered by Motion","article_publisher":"https:\/\/www.facebook.com\/TriggeredbyMotion","article_modified_time":"2023-06-19T09:16:54+00:00","og_image":[{"url":"https:\/\/triggeredbymotion.com\/wp-content\/uploads\/2023\/06\/Kenya_elephants.gif","type":"","width":"","height":""}],"twitter_card":"summary_large_image","twitter_site":"@MotionTriggered","twitter_misc":{"Gesch\u00e4tzte Lesezeit":"3\u00a0Minuten"},"schema":{"@context":"https:\/\/schema.org","@graph":[{"@type":"WebPage","@id":"https:\/\/triggeredbymotion.com\/locations\/lewa\/","url":"https:\/\/triggeredbymotion.com\/locations\/lewa\/","name":"Lewa Reserve, Kenya: A home for endangered Grevy's zebras","isPartOf":{"@id":"https:\/\/triggeredbymotion.com\/#website"},"primaryImageOfPage":{"@id":"https:\/\/triggeredbymotion.com\/locations\/lewa\/#primaryimage"},"image":{"@id":"https:\/\/triggeredbymotion.com\/locations\/lewa\/#primaryimage"},"thumbnailUrl":"https:\/\/triggeredbymotion.com\/wp-content\/uploads\/2023\/06\/Kenya_elephants.gif","datePublished":"2023-01-28T12:30:55+00:00","dateModified":"2023-06-19T09:16:54+00:00","description":"Lewa is home to one of the largest Grevy\u2019s zebra populations anywhere in the world. Researchers at the reserve are using AI tools to identify and track the animals.","breadcrumb":{"@id":"https:\/\/triggeredbymotion.com\/locations\/lewa\/#breadcrumb"},"inLanguage":"de-CH","potentialAction":[{"@type":"ReadAction","target":["https:\/\/triggeredbymotion.com\/locations\/lewa\/"]}]},{"@type":"ImageObject","inLanguage":"de-CH","@id":"https:\/\/triggeredbymotion.com\/locations\/lewa\/#primaryimage","url":"https:\/\/triggeredbymotion.com\/wp-content\/uploads\/2023\/06\/Kenya_elephants.gif","contentUrl":"https:\/\/triggeredbymotion.com\/wp-content\/uploads\/2023\/06\/Kenya_elephants.gif"},{"@type":"BreadcrumbList","@id":"https:\/\/triggeredbymotion.com\/locations\/lewa\/#breadcrumb","itemListElement":[{"@type":"ListItem","position":1,"name":"Home","item":"https:\/\/triggeredbymotion.com\/"},{"@type":"ListItem","position":2,"name":"camera locations","item":"https:\/\/triggeredbymotion.com\/locations\/"},{"@type":"ListItem","position":3,"name":"LEWA WILDLIFE CONSERVANCY"}]},{"@type":"WebSite","@id":"https:\/\/triggeredbymotion.com\/#website","url":"https:\/\/triggeredbymotion.com\/","name":"Triggered by Motion","description":"a walk-in wildlife pavilion","publisher":{"@id":"https:\/\/triggeredbymotion.com\/#organization"},"potentialAction":[{"@type":"SearchAction","target":{"@type":"EntryPoint","urlTemplate":"https:\/\/triggeredbymotion.com\/?s={search_term_string}"},"query-input":{"@type":"PropertyValueSpecification","valueRequired":true,"valueName":"search_term_string"}}],"inLanguage":"de-CH"},{"@type":"Organization","@id":"https:\/\/triggeredbymotion.com\/#organization","name":"Triggered by Motion (Universit\u00e4t Z\u00fcrich)","url":"https:\/\/triggeredbymotion.com\/","logo":{"@type":"ImageObject","inLanguage":"de-CH","@id":"https:\/\/triggeredbymotion.com\/#\/schema\/logo\/image\/","url":"https:\/\/i0.wp.com\/triggeredbymotion.com\/wp-content\/uploads\/2023\/02\/uzh_logo_tbm-1-1.webp?fit=1532%2C488&ssl=1","contentUrl":"https:\/\/i0.wp.com\/triggeredbymotion.com\/wp-content\/uploads\/2023\/02\/uzh_logo_tbm-1-1.webp?fit=1532%2C488&ssl=1","width":1532,"height":488,"caption":"Triggered by Motion (Universit\u00e4t Z\u00fcrich)"},"image":{"@id":"https:\/\/triggeredbymotion.com\/#\/schema\/logo\/image\/"},"sameAs":["https:\/\/www.facebook.com\/TriggeredbyMotion","https:\/\/x.com\/MotionTriggered","https:\/\/www.instagram.com\/triggeredbymotion\/"]}]}},"jetpack_likes_enabled":true,"jetpack_sharing_enabled":true,"jetpack-related-posts":[],"_links":{"self":[{"href":"https:\/\/triggeredbymotion.com\/de\/wp-json\/wp\/v2\/pages\/875","targetHints":{"allow":["GET"]}}],"collection":[{"href":"https:\/\/triggeredbymotion.com\/de\/wp-json\/wp\/v2\/pages"}],"about":[{"href":"https:\/\/triggeredbymotion.com\/de\/wp-json\/wp\/v2\/types\/page"}],"author":[{"embeddable":true,"href":"https:\/\/triggeredbymotion.com\/de\/wp-json\/wp\/v2\/users\/224396188"}],"replies":[{"embeddable":true,"href":"https:\/\/triggeredbymotion.com\/de\/wp-json\/wp\/v2\/comments?post=875"}],"version-history":[{"count":22,"href":"https:\/\/triggeredbymotion.com\/de\/wp-json\/wp\/v2\/pages\/875\/revisions"}],"predecessor-version":[{"id":3185,"href":"https:\/\/triggeredbymotion.com\/de\/wp-json\/wp\/v2\/pages\/875\/revisions\/3185"}],"up":[{"embeddable":true,"href":"https:\/\/triggeredbymotion.com\/de\/wp-json\/wp\/v2\/pages\/12"}],"wp:attachment":[{"href":"https:\/\/triggeredbymotion.com\/de\/wp-json\/wp\/v2\/media?parent=875"}],"curies":[{"name":"wp","href":"https:\/\/api.w.org\/{rel}","templated":true}]}}