{"id":893,"date":"2023-01-28T14:49:19","date_gmt":"2023-01-28T13:49:19","guid":{"rendered":"https:\/\/triggeredbymotion.com\/?page_id=893"},"modified":"2023-05-30T13:18:35","modified_gmt":"2023-05-30T11:18:35","slug":"shanghai","status":"publish","type":"page","link":"https:\/\/triggeredbymotion.com\/de\/locations\/shanghai\/","title":{"rendered":"TIANMASHAN-FOREST-PARK"},"content":{"rendered":"<h4 class=\"wp-block-heading has-text-color\" style=\"color:#00ff26\">Shanghai, China<\/h4>\n\n\n\n<h6 class=\"wp-block-heading\"><strong>Li Bicheng<\/strong>, Shanghai Natural History Museum <br>(Shanghai Science &amp; Technology Museum)<\/h6>\n\n\n\n<p class=\"wp-block-paragraph\">W\u00e4hrend Shanghai best\u00e4ndig w\u00e4chst, werden einzelne Tierarten durch die Urbanisierung zunehmend verdr\u00e4ngt. Der Dachs ist aufgrund der Fragmentierung der W\u00e4lder selten geworden, und der Schwarzstirnl\u00f6ffler, eine stark gef\u00e4hrdete Wasservogelart, hat mit der Eindeichung der f\u00fcr ihn wichtigen Wattlandschaften an der K\u00fcste zu k\u00e4mpfen.<\/p>\n\n\n\n<p class=\"wp-block-paragraph\"><\/p>\n\n\n\n<figure class=\"wp-block-video wp-block-embed is-type-video is-provider-videopress\"><div class=\"wp-block-embed__wrapper\">\n<iframe title=\"VideoPress Video Player\" aria-label='VideoPress Video Player' width='500' height='281' src='https:\/\/videopress.com\/embed\/PyNaYARF?cover=1&amp;autoPlay=1&amp;controls=0&amp;loop=1&amp;muted=1&amp;persistVolume=0&amp;preloadContent=metadata&amp;useAverageColor=1&amp;hd=0' frameborder='0' allowfullscreen data-resize-to-parent=\"true\" allow='clipboard-write'><\/iframe><script src='https:\/\/v0.wordpress.com\/js\/next\/videopress-iframe.js?m=1674852142'><\/script>\n<\/div><\/figure>","protected":false},"excerpt":{"rendered":"<p>Shanghai, China Li Bicheng, Shanghai Natural History Museum (Shanghai Science &amp; Technology Museum) As Shanghai continues to grow, many animal species are being displaced by urbanization. The badger has become rare due to the fragmentation of forests, and the blackfronted spoonbill, a highly endangered species of water bird, is struggling as the coastal mudflats where [&hellip;]<\/p>\n","protected":false},"author":224396188,"featured_media":0,"parent":12,"menu_order":0,"comment_status":"closed","ping_status":"closed","template":"","meta":{"_crdt_document":"","footnotes":""},"class_list":["post-893","page","type-page","status-publish","hentry"],"yoast_head":"<!-- This site is optimized with the Yoast SEO plugin v27.6 - https:\/\/yoast.com\/product\/yoast-seo-wordpress\/ -->\n<title>Shanghai: Wildlife and Urbanization<\/title>\n<meta name=\"description\" content=\"As Shanghai continues to grow, many animal species are being displaced by urbanization. The badger has become rare due to the fragmentation of forests, and other wildlife is struggling, too.\" \/>\n<meta name=\"robots\" content=\"index, follow, max-snippet:-1, max-image-preview:large, max-video-preview:-1\" \/>\n<link rel=\"canonical\" href=\"https:\/\/triggeredbymotion.com\/de\/locations\/shanghai\/\" \/>\n<meta property=\"og:locale\" content=\"de_DE\" \/>\n<meta property=\"og:type\" content=\"article\" \/>\n<meta property=\"og:title\" content=\"Shanghai: Wildlife and Urbanization\" \/>\n<meta property=\"og:description\" content=\"As Shanghai continues to grow, many animal species are being displaced by urbanization. The badger has become rare due to the fragmentation of forests, and other wildlife is struggling, too.\" \/>\n<meta property=\"og:url\" content=\"https:\/\/triggeredbymotion.com\/de\/locations\/shanghai\/\" \/>\n<meta property=\"og:site_name\" content=\"Triggered by Motion\" \/>\n<meta property=\"article:publisher\" content=\"https:\/\/www.facebook.com\/TriggeredbyMotion\" \/>\n<meta property=\"article:modified_time\" content=\"2023-05-30T11:18:35+00:00\" \/>\n<meta property=\"og:image\" content=\"https:\/\/i0.wp.com\/triggeredbymotion.com\/wp-content\/uploads\/2022\/09\/img_1186.jpeg?fit=3776%2C2124&ssl=1\" \/>\n\t<meta property=\"og:image:width\" content=\"3776\" \/>\n\t<meta property=\"og:image:height\" content=\"2124\" \/>\n\t<meta property=\"og:image:type\" content=\"image\/jpeg\" \/>\n<meta name=\"twitter:card\" content=\"summary_large_image\" \/>\n<meta name=\"twitter:site\" content=\"@MotionTriggered\" \/>\n<meta name=\"twitter:label1\" content=\"Gesch\u00e4tzte Lesezeit\" \/>\n\t<meta name=\"twitter:data1\" content=\"1\u00a0Minute\" \/>\n<script type=\"application\/ld+json\" class=\"yoast-schema-graph\">{\"@context\":\"https:\\\/\\\/schema.org\",\"@graph\":[{\"@type\":\"WebPage\",\"@id\":\"https:\\\/\\\/triggeredbymotion.com\\\/locations\\\/shanghai\\\/\",\"url\":\"https:\\\/\\\/triggeredbymotion.com\\\/locations\\\/shanghai\\\/\",\"name\":\"Shanghai: Wildlife and Urbanization\",\"isPartOf\":{\"@id\":\"https:\\\/\\\/triggeredbymotion.com\\\/#website\"},\"datePublished\":\"2023-01-28T13:49:19+00:00\",\"dateModified\":\"2023-05-30T11:18:35+00:00\",\"description\":\"As Shanghai continues to grow, many animal species are being displaced by urbanization. The badger has become rare due to the fragmentation of forests, and other wildlife is struggling, too.\",\"breadcrumb\":{\"@id\":\"https:\\\/\\\/triggeredbymotion.com\\\/locations\\\/shanghai\\\/#breadcrumb\"},\"inLanguage\":\"de-CH\",\"potentialAction\":[{\"@type\":\"ReadAction\",\"target\":[\"https:\\\/\\\/triggeredbymotion.com\\\/locations\\\/shanghai\\\/\"]}]},{\"@type\":\"BreadcrumbList\",\"@id\":\"https:\\\/\\\/triggeredbymotion.com\\\/locations\\\/shanghai\\\/#breadcrumb\",\"itemListElement\":[{\"@type\":\"ListItem\",\"position\":1,\"name\":\"Home\",\"item\":\"https:\\\/\\\/triggeredbymotion.com\\\/\"},{\"@type\":\"ListItem\",\"position\":2,\"name\":\"camera locations\",\"item\":\"https:\\\/\\\/triggeredbymotion.com\\\/locations\\\/\"},{\"@type\":\"ListItem\",\"position\":3,\"name\":\"TIANMASHAN FOREST PARK\"}]},{\"@type\":\"WebSite\",\"@id\":\"https:\\\/\\\/triggeredbymotion.com\\\/#website\",\"url\":\"https:\\\/\\\/triggeredbymotion.com\\\/\",\"name\":\"Triggered by Motion\",\"description\":\"a walk-in wildlife pavilion\",\"publisher\":{\"@id\":\"https:\\\/\\\/triggeredbymotion.com\\\/#organization\"},\"potentialAction\":[{\"@type\":\"SearchAction\",\"target\":{\"@type\":\"EntryPoint\",\"urlTemplate\":\"https:\\\/\\\/triggeredbymotion.com\\\/?s={search_term_string}\"},\"query-input\":{\"@type\":\"PropertyValueSpecification\",\"valueRequired\":true,\"valueName\":\"search_term_string\"}}],\"inLanguage\":\"de-CH\"},{\"@type\":\"Organization\",\"@id\":\"https:\\\/\\\/triggeredbymotion.com\\\/#organization\",\"name\":\"Triggered by Motion (Universit\u00e4t Z\u00fcrich)\",\"url\":\"https:\\\/\\\/triggeredbymotion.com\\\/\",\"logo\":{\"@type\":\"ImageObject\",\"inLanguage\":\"de-CH\",\"@id\":\"https:\\\/\\\/triggeredbymotion.com\\\/#\\\/schema\\\/logo\\\/image\\\/\",\"url\":\"https:\\\/\\\/i0.wp.com\\\/triggeredbymotion.com\\\/wp-content\\\/uploads\\\/2023\\\/02\\\/uzh_logo_tbm-1-1.webp?fit=1532%2C488&ssl=1\",\"contentUrl\":\"https:\\\/\\\/i0.wp.com\\\/triggeredbymotion.com\\\/wp-content\\\/uploads\\\/2023\\\/02\\\/uzh_logo_tbm-1-1.webp?fit=1532%2C488&ssl=1\",\"width\":1532,\"height\":488,\"caption\":\"Triggered by Motion (Universit\u00e4t Z\u00fcrich)\"},\"image\":{\"@id\":\"https:\\\/\\\/triggeredbymotion.com\\\/#\\\/schema\\\/logo\\\/image\\\/\"},\"sameAs\":[\"https:\\\/\\\/www.facebook.com\\\/TriggeredbyMotion\",\"https:\\\/\\\/x.com\\\/MotionTriggered\",\"https:\\\/\\\/www.instagram.com\\\/triggeredbymotion\\\/\"]}]}<\/script>\n<!-- \/ Yoast SEO plugin. -->","yoast_head_json":{"title":"Shanghai: Wildlife and Urbanization","description":"As Shanghai continues to grow, many animal species are being displaced by urbanization. The badger has become rare due to the fragmentation of forests, and other wildlife is struggling, too.","robots":{"index":"index","follow":"follow","max-snippet":"max-snippet:-1","max-image-preview":"max-image-preview:large","max-video-preview":"max-video-preview:-1"},"canonical":"https:\/\/triggeredbymotion.com\/de\/locations\/shanghai\/","og_locale":"de_DE","og_type":"article","og_title":"Shanghai: Wildlife and Urbanization","og_description":"As Shanghai continues to grow, many animal species are being displaced by urbanization. The badger has become rare due to the fragmentation of forests, and other wildlife is struggling, too.","og_url":"https:\/\/triggeredbymotion.com\/de\/locations\/shanghai\/","og_site_name":"Triggered by Motion","article_publisher":"https:\/\/www.facebook.com\/TriggeredbyMotion","article_modified_time":"2023-05-30T11:18:35+00:00","og_image":[{"width":3776,"height":2124,"url":"https:\/\/i0.wp.com\/triggeredbymotion.com\/wp-content\/uploads\/2022\/09\/img_1186.jpeg?fit=3776%2C2124&ssl=1","type":"image\/jpeg"}],"twitter_card":"summary_large_image","twitter_site":"@MotionTriggered","twitter_misc":{"Gesch\u00e4tzte Lesezeit":"1\u00a0Minute"},"schema":{"@context":"https:\/\/schema.org","@graph":[{"@type":"WebPage","@id":"https:\/\/triggeredbymotion.com\/locations\/shanghai\/","url":"https:\/\/triggeredbymotion.com\/locations\/shanghai\/","name":"Shanghai: Wildlife and Urbanization","isPartOf":{"@id":"https:\/\/triggeredbymotion.com\/#website"},"datePublished":"2023-01-28T13:49:19+00:00","dateModified":"2023-05-30T11:18:35+00:00","description":"As Shanghai continues to grow, many animal species are being displaced by urbanization. The badger has become rare due to the fragmentation of forests, and other wildlife is struggling, too.","breadcrumb":{"@id":"https:\/\/triggeredbymotion.com\/locations\/shanghai\/#breadcrumb"},"inLanguage":"de-CH","potentialAction":[{"@type":"ReadAction","target":["https:\/\/triggeredbymotion.com\/locations\/shanghai\/"]}]},{"@type":"BreadcrumbList","@id":"https:\/\/triggeredbymotion.com\/locations\/shanghai\/#breadcrumb","itemListElement":[{"@type":"ListItem","position":1,"name":"Home","item":"https:\/\/triggeredbymotion.com\/"},{"@type":"ListItem","position":2,"name":"camera locations","item":"https:\/\/triggeredbymotion.com\/locations\/"},{"@type":"ListItem","position":3,"name":"TIANMASHAN FOREST PARK"}]},{"@type":"WebSite","@id":"https:\/\/triggeredbymotion.com\/#website","url":"https:\/\/triggeredbymotion.com\/","name":"Triggered by Motion","description":"a walk-in wildlife pavilion","publisher":{"@id":"https:\/\/triggeredbymotion.com\/#organization"},"potentialAction":[{"@type":"SearchAction","target":{"@type":"EntryPoint","urlTemplate":"https:\/\/triggeredbymotion.com\/?s={search_term_string}"},"query-input":{"@type":"PropertyValueSpecification","valueRequired":true,"valueName":"search_term_string"}}],"inLanguage":"de-CH"},{"@type":"Organization","@id":"https:\/\/triggeredbymotion.com\/#organization","name":"Triggered by Motion (Universit\u00e4t Z\u00fcrich)","url":"https:\/\/triggeredbymotion.com\/","logo":{"@type":"ImageObject","inLanguage":"de-CH","@id":"https:\/\/triggeredbymotion.com\/#\/schema\/logo\/image\/","url":"https:\/\/i0.wp.com\/triggeredbymotion.com\/wp-content\/uploads\/2023\/02\/uzh_logo_tbm-1-1.webp?fit=1532%2C488&ssl=1","contentUrl":"https:\/\/i0.wp.com\/triggeredbymotion.com\/wp-content\/uploads\/2023\/02\/uzh_logo_tbm-1-1.webp?fit=1532%2C488&ssl=1","width":1532,"height":488,"caption":"Triggered by Motion (Universit\u00e4t Z\u00fcrich)"},"image":{"@id":"https:\/\/triggeredbymotion.com\/#\/schema\/logo\/image\/"},"sameAs":["https:\/\/www.facebook.com\/TriggeredbyMotion","https:\/\/x.com\/MotionTriggered","https:\/\/www.instagram.com\/triggeredbymotion\/"]}]}},"jetpack_likes_enabled":true,"jetpack_sharing_enabled":true,"jetpack-related-posts":[],"_links":{"self":[{"href":"https:\/\/triggeredbymotion.com\/de\/wp-json\/wp\/v2\/pages\/893","targetHints":{"allow":["GET"]}}],"collection":[{"href":"https:\/\/triggeredbymotion.com\/de\/wp-json\/wp\/v2\/pages"}],"about":[{"href":"https:\/\/triggeredbymotion.com\/de\/wp-json\/wp\/v2\/types\/page"}],"author":[{"embeddable":true,"href":"https:\/\/triggeredbymotion.com\/de\/wp-json\/wp\/v2\/users\/224396188"}],"replies":[{"embeddable":true,"href":"https:\/\/triggeredbymotion.com\/de\/wp-json\/wp\/v2\/comments?post=893"}],"version-history":[{"count":11,"href":"https:\/\/triggeredbymotion.com\/de\/wp-json\/wp\/v2\/pages\/893\/revisions"}],"predecessor-version":[{"id":2861,"href":"https:\/\/triggeredbymotion.com\/de\/wp-json\/wp\/v2\/pages\/893\/revisions\/2861"}],"up":[{"embeddable":true,"href":"https:\/\/triggeredbymotion.com\/de\/wp-json\/wp\/v2\/pages\/12"}],"wp:attachment":[{"href":"https:\/\/triggeredbymotion.com\/de\/wp-json\/wp\/v2\/media?parent=893"}],"curies":[{"name":"wp","href":"https:\/\/api.w.org\/{rel}","templated":true}]}}