{"id":900,"date":"2023-01-28T14:56:57","date_gmt":"2023-01-28T13:56:57","guid":{"rendered":"https:\/\/triggeredbymotion.com\/?page_id=900"},"modified":"2023-05-30T12:11:48","modified_gmt":"2023-05-30T10:11:48","slug":"fanel","status":"publish","type":"page","link":"https:\/\/triggeredbymotion.com\/de\/locations\/fanel\/","title":{"rendered":"NATURSCHUTZ-GEBIET FANEL"},"content":{"rendered":"<h4 class=\"wp-block-heading has-text-color\" style=\"color:#00ff26\">Grande Cari\u00e7aie, Neuch\u00e2tel, Schweiz<\/h4>\n\n\n\n<h6 class=\"wp-block-heading translation-block\"><strong>Stefan Suter<\/strong>, WLS.CH \/ Z\u00fcrcher Hochschule f\u00fcr Angewandte Wissenschaften (ZHAW)<\/h6>\n\n\n\n<p class=\"wp-block-paragraph\">Das Naturschutzgebiet Fanel liegt in der Grande Cari\u00e7aie, dem gr\u00f6ssten Feuchtgebiet der Schweiz, das sich \u00fcber fast 3000 Hektare entlang des Neuenburgersees erstreckt. Es ist ein echter Biodiversit\u00e4ts-Hotspot: Rund 800 Pflanzen- und 10'000 Tierarten leben hier.<\/p>\n\n\n\n<p class=\"wp-block-paragraph\">In der Kernzone des Fanel ist das Jagen verboten. Im Herbst, wenn die Jagdsaison beginnt, finden deshalb viele Wildschweine dort Schutz. Diese Tiere sind das Hauptforschungsinteresse von Stefan Suter, der die Kamera von Triggered by Motion im Fanel installiert und betreut hat.<\/p>\n\n\n\n<p class=\"wp-block-paragraph\"><\/p>\n\n\n\n<figure class=\"wp-block-video wp-block-embed is-type-video is-provider-videopress\"><div class=\"wp-block-embed__wrapper\">\n<iframe title=\"VideoPress Video Player\" aria-label='VideoPress Video Player' width='500' height='281' src='https:\/\/videopress.com\/embed\/wNW67W1l?cover=1&amp;autoPlay=1&amp;controls=0&amp;loop=1&amp;muted=1&amp;persistVolume=0&amp;preloadContent=metadata&amp;useAverageColor=1&amp;hd=0' frameborder='0' allowfullscreen data-resize-to-parent=\"true\" allow='clipboard-write'><\/iframe><script src='https:\/\/v0.wordpress.com\/js\/next\/videopress-iframe.js?m=1674852142'><\/script>\n<\/div><\/figure>\n\n\n\n<p class=\"wp-block-paragraph\">In der Schweiz sind Wildschweine eine Herausforderung f\u00fcr die Landwirtschaft. Die Tiere pfl\u00fcgen die Felder um und ruinieren die Ernten. Wegen des reichhaltigen Nahrungsangebots und einer aussergew\u00f6hnlich hohen Vermehrungsrate nimmt ihre Population seit Jahrzehnten zu. Das wird sich in Zukunft nicht \u00e4ndern \u2013 und mit der Population wachsen auch die Sch\u00e4den. <\/p>\n\n\n\n<p class=\"wp-block-paragraph\">Deshalb arbeiten Stefan Suter und seine Forschungsgruppe an der Z\u00fcrcher Hochschule f\u00fcr Angewandte Wissenschaften (ZHAW) an L\u00f6sungen, um die Tiere in Schach zu halten. Mithilfe von GPS-Halsb\u00e4ndern, Kamerafallen und Flugdrohnen verfolgen sie die Bewegungen der Tiere. F\u00fcr das Management von Schutzgebieten wie dem Fanel ist es wichtig, die lokale Dichte und das Verhalten der Wildschweine und die Auswirkungen davon zu kennen.<\/p>\n\n\n\n<p class=\"wp-block-paragraph translation-block\">Bekannt ist das Fanel allerdings nicht in erster Linie f\u00fcr seine Wildschweine, sondern als Brut-, Rast- und \u00dcberwinterungsgebiet f\u00fcr Zug- und Wasserv\u00f6gel. Anfang der 1920er-Jahre gelang es dem Schweizer Ornithologen Albert Hess, es unter Schutz zu stellen. Im Jahr 1976 wurde es als erstes Schweizer Naturschutzgebiet in die <a href=\"https:\/\/www.bafu.admin.ch\/bafu\/de\/home\/themen\/biodiversitaet\/fachinformationen\/oekologische-infrastruktur\/ramsar-gebiete.html\" target=\"_self\">\u2192RAMSAR<\/a>-Liste aufgenommen. Das macht es zu einem Feuchtgebiet von internationaler Bedeutung.<\/p>\n\n\n\n<p class=\"wp-block-paragraph translation-block\">Bislang wurden in dem Gebiet rund 300 verschiedene Vogelarten gez\u00e4hlt \u2013 wahrscheinlich mehr als in jedem anderen Schutzgebiet der Schweiz. Die Kamerafalle von Triggered by Motion hat mindestens 39 Arten erfasst, unter anderem Graureiher (<i>Ardea cinerea<\/i>), Silberreiher (<i>Ardea alba<\/i>), M\u00e4usebussarde (<i>Buteo buteo<\/i>) und Rohrdommeln (<i>Botaurus stellaris<\/i>).<\/p>\n\n\n\n<p class=\"wp-block-paragraph\"><\/p>\n\n\n\n<div class=\"wp-block-jetpack-slideshow aligncenter\" data-effect=\"slide\"><div class=\"wp-block-jetpack-slideshow_container swiper-container\"><ul class=\"wp-block-jetpack-slideshow_swiper-wrapper swiper-wrapper\"><li class=\"wp-block-jetpack-slideshow_slide swiper-slide\"><figure><img data-recalc-dims=\"1\" decoding=\"async\" alt=\"\" class=\"wp-block-jetpack-slideshow_image wp-image-1613\" data-id=\"1613\" src=\"https:\/\/i0.wp.com\/triggeredbymotion.com\/wp-content\/uploads\/2023\/03\/loc_Fanel_Reiherstreit.gif?ssl=1\"\/><\/figure><\/li><li class=\"wp-block-jetpack-slideshow_slide swiper-slide\"><figure><img data-recalc-dims=\"1\" decoding=\"async\" alt=\"\" class=\"wp-block-jetpack-slideshow_image wp-image-1614\" data-id=\"1614\" src=\"https:\/\/i0.wp.com\/triggeredbymotion.com\/wp-content\/uploads\/2023\/03\/loc_Fanel_Rohrdommel.gif?ssl=1\"\/><\/figure><\/li><li class=\"wp-block-jetpack-slideshow_slide swiper-slide\"><figure><img data-recalc-dims=\"1\" decoding=\"async\" alt=\"\" class=\"wp-block-jetpack-slideshow_image wp-image-1615\" data-id=\"1615\" src=\"https:\/\/i0.wp.com\/triggeredbymotion.com\/wp-content\/uploads\/2023\/03\/loc_Fanel_Rotkehlchen.gif?ssl=1\"\/><\/figure><\/li><li class=\"wp-block-jetpack-slideshow_slide swiper-slide\"><figure><img data-recalc-dims=\"1\" decoding=\"async\" alt=\"\" class=\"wp-block-jetpack-slideshow_image wp-image-1617\" data-id=\"1617\" src=\"https:\/\/i0.wp.com\/triggeredbymotion.com\/wp-content\/uploads\/2023\/03\/loc_Fanel_Weissreiher.gif?ssl=1\"\/><\/figure><\/li><li class=\"wp-block-jetpack-slideshow_slide swiper-slide\"><figure><img data-recalc-dims=\"1\" decoding=\"async\" alt=\"\" class=\"wp-block-jetpack-slideshow_image wp-image-1623\" data-id=\"1623\" src=\"https:\/\/i0.wp.com\/triggeredbymotion.com\/wp-content\/uploads\/2023\/03\/loc_Fanel_Bussard.gif?ssl=1\"\/><\/figure><\/li><\/ul><a class=\"wp-block-jetpack-slideshow_button-prev swiper-button-prev swiper-button-white\" role=\"button\"><\/a><a class=\"wp-block-jetpack-slideshow_button-next swiper-button-next swiper-button-white\" role=\"button\"><\/a><a aria-label=\"Pause Slideshow\" class=\"wp-block-jetpack-slideshow_button-pause\" role=\"button\"><\/a><div class=\"wp-block-jetpack-slideshow_pagination swiper-pagination swiper-pagination-white\"><\/div><\/div><\/div>\n\n\n\n<p class=\"wp-block-paragraph translation-block\">Auch viele andere Arten tauchen in den Aufnahmen auf. Eine davon ist die Europ\u00e4ische Wildkatze (<i>Felis silvestris<\/i>), die in der Schweiz seit 1962 gesch\u00fctzt ist. Im Jahr 2020 wurde sie von Pro Natura zum Tier des Jahres gek\u00fcrt. Obwohl sie auf den ersten Blick wie eine gew\u00f6hnliche Hauskatze aussieht, geh\u00f6rt die Europ\u00e4ische Wildkatze zu den bedrohten Tierarten, weil sie oft auf der Strasse get\u00f6tet wird \u2013 und weil sie sich mit Hauskatzen paart. Im Fanel profitieren die Katzen von den seltenen St\u00f6rungen durch Menschen, vom milden Klima und \u2013 dank dem See \u2013 von einem breiten Futterangebot, das aus M\u00e4usen und Wasserv\u00f6geln besteht.<\/p>\n\n\n\n<p class=\"wp-block-paragraph\"><\/p>\n\n\n\n<div class=\"wp-block-jetpack-slideshow aligncenter\" data-effect=\"slide\"><div class=\"wp-block-jetpack-slideshow_container swiper-container\"><ul class=\"wp-block-jetpack-slideshow_swiper-wrapper swiper-wrapper\"><li class=\"wp-block-jetpack-slideshow_slide swiper-slide\"><figure><img data-recalc-dims=\"1\" loading=\"lazy\" decoding=\"async\" width=\"600\" height=\"338\" alt=\"\" class=\"wp-block-jetpack-slideshow_image wp-image-1620\" data-id=\"1620\" src=\"https:\/\/i0.wp.com\/triggeredbymotion.com\/wp-content\/uploads\/2023\/03\/loc_Fanel_Wildcat.gif?resize=600%2C338&#038;ssl=1\"\/><\/figure><\/li><li class=\"wp-block-jetpack-slideshow_slide swiper-slide\"><figure><img data-recalc-dims=\"1\" loading=\"lazy\" decoding=\"async\" width=\"600\" height=\"338\" alt=\"\" class=\"wp-block-jetpack-slideshow_image wp-image-1626\" data-id=\"1626\" src=\"https:\/\/i0.wp.com\/triggeredbymotion.com\/wp-content\/uploads\/2023\/03\/loc_Fanel_Goldschakal.gif?resize=600%2C338&#038;ssl=1\"\/><\/figure><\/li><\/ul><a class=\"wp-block-jetpack-slideshow_button-prev swiper-button-prev swiper-button-white\" role=\"button\"><\/a><a class=\"wp-block-jetpack-slideshow_button-next swiper-button-next swiper-button-white\" role=\"button\"><\/a><a aria-label=\"Pause Slideshow\" class=\"wp-block-jetpack-slideshow_button-pause\" role=\"button\"><\/a><div class=\"wp-block-jetpack-slideshow_pagination swiper-pagination swiper-pagination-white\"><\/div><\/div><\/div>\n\n\n\n<p class=\"wp-block-paragraph translation-block\">Als Stefan Suter 2017 zum ersten Mal eine Wildkatze im Fanel entdeckte, war er sehr aufgeregt. In den Jahren seither haben sich die Tiere vermehrt: Ihre hohe Dichte zeigt, dass das Naturschutzgebiet ein geeigneter Lebensraum f\u00fcr sie ist. Nun ist eine weitere neue Art aufgetaucht. Die Kamerafalle von Triggered by Motion hat einen Goldschakal (<i>Canis aureus<\/i>) aufgenommen. Laut Stefan Suter ist dies wahrscheinlich das erste Mal, dass in der Schweiz ein freilebender Schakal gefilmt wurde. Die Zeit wird zeigen, ob sich der Goldschakal im Naturschutzgebiet ausbreiten wird \u2013 so wie es die Wildkatze tat.<\/p>\n\n\n\n<p class=\"wp-block-paragraph\"><\/p>","protected":false},"excerpt":{"rendered":"<p>Grande Cari\u00e7aie, Neuchatel, Switzerland Stefan Suter, WLS.CH \/ Zurich University of Applied Sciences (ZHAW) The Fanel nature reserve lies in Grande Cari\u00e7aie, the biggest wetland of Switzerland, which extends over nearly 3000 hectares along the shores of Lake Neuch\u00e2tel. It is a true biodiversity hotspot: around 800 plant and 10\u2019000 animal species live here. Hunting [&hellip;]<\/p>\n","protected":false},"author":224396188,"featured_media":0,"parent":12,"menu_order":0,"comment_status":"closed","ping_status":"closed","template":"","meta":{"_crdt_document":"","footnotes":""},"class_list":["post-900","page","type-page","status-publish","hentry"],"yoast_head":"<!-- This site is optimized with the Yoast SEO plugin v27.4 - https:\/\/yoast.com\/product\/yoast-seo-wordpress\/ -->\n<title>Wildcats and a Golden Jackal at Fanel Nature Reserve<\/title>\n<meta name=\"description\" content=\"The Fanel Nature Reserve, a Swiss RAMSAR-site, is located in the Grande Cari\u00e7aie, the largest wetland biotope in Switzerland which is home to 800 plant and 10,000 animal species.\" \/>\n<meta name=\"robots\" content=\"index, follow, max-snippet:-1, max-image-preview:large, max-video-preview:-1\" \/>\n<link rel=\"canonical\" href=\"https:\/\/triggeredbymotion.com\/de\/locations\/fanel\/\" \/>\n<meta property=\"og:locale\" content=\"de_DE\" \/>\n<meta property=\"og:type\" content=\"article\" \/>\n<meta property=\"og:title\" content=\"Wildcats and a Golden Jackal at Fanel Nature Reserve\" \/>\n<meta property=\"og:description\" content=\"The Fanel Nature Reserve, a Swiss RAMSAR-site, is located in the Grande Cari\u00e7aie, the largest wetland biotope in Switzerland which is home to 800 plant and 10,000 animal species.\" \/>\n<meta property=\"og:url\" content=\"https:\/\/triggeredbymotion.com\/de\/locations\/fanel\/\" \/>\n<meta property=\"og:site_name\" content=\"Triggered by Motion\" \/>\n<meta property=\"article:publisher\" content=\"https:\/\/www.facebook.com\/TriggeredbyMotion\" \/>\n<meta property=\"article:modified_time\" content=\"2023-05-30T10:11:48+00:00\" \/>\n<meta property=\"og:image\" content=\"https:\/\/triggeredbymotion.com\/wp-content\/uploads\/2023\/03\/loc_Fanel_Reiherstreit.gif\" \/>\n<meta name=\"twitter:card\" content=\"summary_large_image\" \/>\n<meta name=\"twitter:site\" content=\"@MotionTriggered\" \/>\n<meta name=\"twitter:label1\" content=\"Gesch\u00e4tzte Lesezeit\" \/>\n\t<meta name=\"twitter:data1\" content=\"4\u00a0Minuten\" \/>\n<script type=\"application\/ld+json\" class=\"yoast-schema-graph\">{\"@context\":\"https:\\\/\\\/schema.org\",\"@graph\":[{\"@type\":\"WebPage\",\"@id\":\"https:\\\/\\\/triggeredbymotion.com\\\/locations\\\/fanel\\\/\",\"url\":\"https:\\\/\\\/triggeredbymotion.com\\\/locations\\\/fanel\\\/\",\"name\":\"Wildcats and a Golden Jackal at Fanel Nature Reserve\",\"isPartOf\":{\"@id\":\"https:\\\/\\\/triggeredbymotion.com\\\/#website\"},\"primaryImageOfPage\":{\"@id\":\"https:\\\/\\\/triggeredbymotion.com\\\/locations\\\/fanel\\\/#primaryimage\"},\"image\":{\"@id\":\"https:\\\/\\\/triggeredbymotion.com\\\/locations\\\/fanel\\\/#primaryimage\"},\"thumbnailUrl\":\"https:\\\/\\\/triggeredbymotion.com\\\/wp-content\\\/uploads\\\/2023\\\/03\\\/loc_Fanel_Reiherstreit.gif\",\"datePublished\":\"2023-01-28T13:56:57+00:00\",\"dateModified\":\"2023-05-30T10:11:48+00:00\",\"description\":\"The Fanel Nature Reserve, a Swiss RAMSAR-site, is located in the Grande Cari\u00e7aie, the largest wetland biotope in Switzerland which is home to 800 plant and 10,000 animal species.\",\"breadcrumb\":{\"@id\":\"https:\\\/\\\/triggeredbymotion.com\\\/locations\\\/fanel\\\/#breadcrumb\"},\"inLanguage\":\"de-CH\",\"potentialAction\":[{\"@type\":\"ReadAction\",\"target\":[\"https:\\\/\\\/triggeredbymotion.com\\\/locations\\\/fanel\\\/\"]}]},{\"@type\":\"ImageObject\",\"inLanguage\":\"de-CH\",\"@id\":\"https:\\\/\\\/triggeredbymotion.com\\\/locations\\\/fanel\\\/#primaryimage\",\"url\":\"https:\\\/\\\/triggeredbymotion.com\\\/wp-content\\\/uploads\\\/2023\\\/03\\\/loc_Fanel_Reiherstreit.gif\",\"contentUrl\":\"https:\\\/\\\/triggeredbymotion.com\\\/wp-content\\\/uploads\\\/2023\\\/03\\\/loc_Fanel_Reiherstreit.gif\"},{\"@type\":\"BreadcrumbList\",\"@id\":\"https:\\\/\\\/triggeredbymotion.com\\\/locations\\\/fanel\\\/#breadcrumb\",\"itemListElement\":[{\"@type\":\"ListItem\",\"position\":1,\"name\":\"Home\",\"item\":\"https:\\\/\\\/triggeredbymotion.com\\\/\"},{\"@type\":\"ListItem\",\"position\":2,\"name\":\"camera locations\",\"item\":\"https:\\\/\\\/triggeredbymotion.com\\\/locations\\\/\"},{\"@type\":\"ListItem\",\"position\":3,\"name\":\"FANEL NATURE RESERVE\"}]},{\"@type\":\"WebSite\",\"@id\":\"https:\\\/\\\/triggeredbymotion.com\\\/#website\",\"url\":\"https:\\\/\\\/triggeredbymotion.com\\\/\",\"name\":\"Triggered by Motion\",\"description\":\"a walk-in wildlife pavilion\",\"publisher\":{\"@id\":\"https:\\\/\\\/triggeredbymotion.com\\\/#organization\"},\"potentialAction\":[{\"@type\":\"SearchAction\",\"target\":{\"@type\":\"EntryPoint\",\"urlTemplate\":\"https:\\\/\\\/triggeredbymotion.com\\\/?s={search_term_string}\"},\"query-input\":{\"@type\":\"PropertyValueSpecification\",\"valueRequired\":true,\"valueName\":\"search_term_string\"}}],\"inLanguage\":\"de-CH\"},{\"@type\":\"Organization\",\"@id\":\"https:\\\/\\\/triggeredbymotion.com\\\/#organization\",\"name\":\"Triggered by Motion (Universit\u00e4t Z\u00fcrich)\",\"url\":\"https:\\\/\\\/triggeredbymotion.com\\\/\",\"logo\":{\"@type\":\"ImageObject\",\"inLanguage\":\"de-CH\",\"@id\":\"https:\\\/\\\/triggeredbymotion.com\\\/#\\\/schema\\\/logo\\\/image\\\/\",\"url\":\"https:\\\/\\\/i0.wp.com\\\/triggeredbymotion.com\\\/wp-content\\\/uploads\\\/2023\\\/02\\\/uzh_logo_tbm-1-1.webp?fit=1532%2C488&ssl=1\",\"contentUrl\":\"https:\\\/\\\/i0.wp.com\\\/triggeredbymotion.com\\\/wp-content\\\/uploads\\\/2023\\\/02\\\/uzh_logo_tbm-1-1.webp?fit=1532%2C488&ssl=1\",\"width\":1532,\"height\":488,\"caption\":\"Triggered by Motion (Universit\u00e4t Z\u00fcrich)\"},\"image\":{\"@id\":\"https:\\\/\\\/triggeredbymotion.com\\\/#\\\/schema\\\/logo\\\/image\\\/\"},\"sameAs\":[\"https:\\\/\\\/www.facebook.com\\\/TriggeredbyMotion\",\"https:\\\/\\\/x.com\\\/MotionTriggered\",\"https:\\\/\\\/www.instagram.com\\\/triggeredbymotion\\\/\"]}]}<\/script>\n<!-- \/ Yoast SEO plugin. -->","yoast_head_json":{"title":"Wildcats and a Golden Jackal at Fanel Nature Reserve","description":"The Fanel Nature Reserve, a Swiss RAMSAR-site, is located in the Grande Cari\u00e7aie, the largest wetland biotope in Switzerland which is home to 800 plant and 10,000 animal species.","robots":{"index":"index","follow":"follow","max-snippet":"max-snippet:-1","max-image-preview":"max-image-preview:large","max-video-preview":"max-video-preview:-1"},"canonical":"https:\/\/triggeredbymotion.com\/de\/locations\/fanel\/","og_locale":"de_DE","og_type":"article","og_title":"Wildcats and a Golden Jackal at Fanel Nature Reserve","og_description":"The Fanel Nature Reserve, a Swiss RAMSAR-site, is located in the Grande Cari\u00e7aie, the largest wetland biotope in Switzerland which is home to 800 plant and 10,000 animal species.","og_url":"https:\/\/triggeredbymotion.com\/de\/locations\/fanel\/","og_site_name":"Triggered by Motion","article_publisher":"https:\/\/www.facebook.com\/TriggeredbyMotion","article_modified_time":"2023-05-30T10:11:48+00:00","og_image":[{"url":"https:\/\/triggeredbymotion.com\/wp-content\/uploads\/2023\/03\/loc_Fanel_Reiherstreit.gif","type":"","width":"","height":""}],"twitter_card":"summary_large_image","twitter_site":"@MotionTriggered","twitter_misc":{"Gesch\u00e4tzte Lesezeit":"4\u00a0Minuten"},"schema":{"@context":"https:\/\/schema.org","@graph":[{"@type":"WebPage","@id":"https:\/\/triggeredbymotion.com\/locations\/fanel\/","url":"https:\/\/triggeredbymotion.com\/locations\/fanel\/","name":"Wildcats and a Golden Jackal at Fanel Nature Reserve","isPartOf":{"@id":"https:\/\/triggeredbymotion.com\/#website"},"primaryImageOfPage":{"@id":"https:\/\/triggeredbymotion.com\/locations\/fanel\/#primaryimage"},"image":{"@id":"https:\/\/triggeredbymotion.com\/locations\/fanel\/#primaryimage"},"thumbnailUrl":"https:\/\/triggeredbymotion.com\/wp-content\/uploads\/2023\/03\/loc_Fanel_Reiherstreit.gif","datePublished":"2023-01-28T13:56:57+00:00","dateModified":"2023-05-30T10:11:48+00:00","description":"The Fanel Nature Reserve, a Swiss RAMSAR-site, is located in the Grande Cari\u00e7aie, the largest wetland biotope in Switzerland which is home to 800 plant and 10,000 animal species.","breadcrumb":{"@id":"https:\/\/triggeredbymotion.com\/locations\/fanel\/#breadcrumb"},"inLanguage":"de-CH","potentialAction":[{"@type":"ReadAction","target":["https:\/\/triggeredbymotion.com\/locations\/fanel\/"]}]},{"@type":"ImageObject","inLanguage":"de-CH","@id":"https:\/\/triggeredbymotion.com\/locations\/fanel\/#primaryimage","url":"https:\/\/triggeredbymotion.com\/wp-content\/uploads\/2023\/03\/loc_Fanel_Reiherstreit.gif","contentUrl":"https:\/\/triggeredbymotion.com\/wp-content\/uploads\/2023\/03\/loc_Fanel_Reiherstreit.gif"},{"@type":"BreadcrumbList","@id":"https:\/\/triggeredbymotion.com\/locations\/fanel\/#breadcrumb","itemListElement":[{"@type":"ListItem","position":1,"name":"Home","item":"https:\/\/triggeredbymotion.com\/"},{"@type":"ListItem","position":2,"name":"camera locations","item":"https:\/\/triggeredbymotion.com\/locations\/"},{"@type":"ListItem","position":3,"name":"FANEL NATURE RESERVE"}]},{"@type":"WebSite","@id":"https:\/\/triggeredbymotion.com\/#website","url":"https:\/\/triggeredbymotion.com\/","name":"Triggered by Motion","description":"a walk-in wildlife pavilion","publisher":{"@id":"https:\/\/triggeredbymotion.com\/#organization"},"potentialAction":[{"@type":"SearchAction","target":{"@type":"EntryPoint","urlTemplate":"https:\/\/triggeredbymotion.com\/?s={search_term_string}"},"query-input":{"@type":"PropertyValueSpecification","valueRequired":true,"valueName":"search_term_string"}}],"inLanguage":"de-CH"},{"@type":"Organization","@id":"https:\/\/triggeredbymotion.com\/#organization","name":"Triggered by Motion (Universit\u00e4t Z\u00fcrich)","url":"https:\/\/triggeredbymotion.com\/","logo":{"@type":"ImageObject","inLanguage":"de-CH","@id":"https:\/\/triggeredbymotion.com\/#\/schema\/logo\/image\/","url":"https:\/\/i0.wp.com\/triggeredbymotion.com\/wp-content\/uploads\/2023\/02\/uzh_logo_tbm-1-1.webp?fit=1532%2C488&ssl=1","contentUrl":"https:\/\/i0.wp.com\/triggeredbymotion.com\/wp-content\/uploads\/2023\/02\/uzh_logo_tbm-1-1.webp?fit=1532%2C488&ssl=1","width":1532,"height":488,"caption":"Triggered by Motion (Universit\u00e4t Z\u00fcrich)"},"image":{"@id":"https:\/\/triggeredbymotion.com\/#\/schema\/logo\/image\/"},"sameAs":["https:\/\/www.facebook.com\/TriggeredbyMotion","https:\/\/x.com\/MotionTriggered","https:\/\/www.instagram.com\/triggeredbymotion\/"]}]}},"jetpack_likes_enabled":true,"jetpack_sharing_enabled":true,"jetpack-related-posts":[],"_links":{"self":[{"href":"https:\/\/triggeredbymotion.com\/de\/wp-json\/wp\/v2\/pages\/900","targetHints":{"allow":["GET"]}}],"collection":[{"href":"https:\/\/triggeredbymotion.com\/de\/wp-json\/wp\/v2\/pages"}],"about":[{"href":"https:\/\/triggeredbymotion.com\/de\/wp-json\/wp\/v2\/types\/page"}],"author":[{"embeddable":true,"href":"https:\/\/triggeredbymotion.com\/de\/wp-json\/wp\/v2\/users\/224396188"}],"replies":[{"embeddable":true,"href":"https:\/\/triggeredbymotion.com\/de\/wp-json\/wp\/v2\/comments?post=900"}],"version-history":[{"count":36,"href":"https:\/\/triggeredbymotion.com\/de\/wp-json\/wp\/v2\/pages\/900\/revisions"}],"predecessor-version":[{"id":2837,"href":"https:\/\/triggeredbymotion.com\/de\/wp-json\/wp\/v2\/pages\/900\/revisions\/2837"}],"up":[{"embeddable":true,"href":"https:\/\/triggeredbymotion.com\/de\/wp-json\/wp\/v2\/pages\/12"}],"wp:attachment":[{"href":"https:\/\/triggeredbymotion.com\/de\/wp-json\/wp\/v2\/media?parent=900"}],"curies":[{"name":"wp","href":"https:\/\/api.w.org\/{rel}","templated":true}]}}